{"id":12991,"date":"2024-04-22T18:41:48","date_gmt":"2024-04-22T16:41:48","guid":{"rendered":"https:\/\/messametall.com\/domovska-stranka\/"},"modified":"2024-07-23T17:14:57","modified_gmt":"2024-07-23T15:14:57","slug":"domovska-stranka","status":"publish","type":"page","link":"https:\/\/messametall.com\/cs\/","title":{"rendered":"Domovsk\u00e1 str\u00e1nka"},"content":{"rendered":"<div class=\"wpb-content-wrapper\"><p>[vc_row full_width=&#8220;stretch_row&#8220; bgtype=&#8220;grey&#8220; css=&#8220;.vc_custom_1457081487414{padding-bottom: 70px !important;}&#8220;][vc_column width=&#8220;1\/2&#8243;][vc_single_image image=&#8220;11608&#8243; img_size=&#8220;full&#8220;][vc_single_image image=&#8220;11609&#8243; img_size=&#8220;full&#8220;][\/vc_column][vc_column width=&#8220;1\/2&#8243;]<div class=\"tm-element-heading-wrapper tm-heading-inner tm-element-align-left tm-heading-with-separator \">[vc_cta h2=\"MessaMetall, prodejce kov\u016f, kter\u00fd v\u00e1s doprov\u00e1z\u00ed.\"  h2_google_fonts=\"font_family:Arimo%3Aregular%2Citalic%2C700%2C700italic|font_style:700%20bold%20regular%3A700%3Anormal\"  h4_google_fonts=\"font_family:Lato%3A100%2C100italic%2C300%2C300italic%2Cregular%2Citalic%2C700%2C700italic%2C900%2C900italic|font_style:300%20light%20regular%3A300%3Anormal\"  txt_align=\"left\"  heading_sep=\"yes\"  i_css_animation=\"\" css_animation=\"\"][\/vc_cta]<\/div> <!-- .tm-element-heading-wrapper container --> [vc_column_text css=&#8220;.vc_custom_1700168388607{margin-top: -10px !important;}&#8220;]<strong>MessaMetall <\/strong>je mlad\u00fd, dynamick\u00fd t\u00fdm, kter\u00fd se specializuje na obchodov\u00e1n\u00ed s ocel\u00ed a ne\u017eelezn\u00fdmi v\u00fdrobky, zejm\u00e9na s technick\u00fdmi ocelemi, n\u00e1strojov\u00fdmi ocelemi, nerezov\u00fdmi ocelemi a ocelemi s niklov\u00fdmi a titanov\u00fdmi slitinami.<\/p>\n<p>D\u00edky na\u0161im renomovan\u00fdm partner\u016fm jsme schopni nab\u00eddnout odpov\u00eddaj\u00edc\u00ed \u0159e\u0161en\u00ed pro v\u0161echny va\u0161e po\u017eadavky na ocel.<\/p>\n<p>Kvalita na\u0161ich v\u00fdrobk\u016f (v\u011bt\u0161inou ze z\u00e1padoevropsk\u00fdch tov\u00e1ren), rozsah sortimentu a vynikaj\u00edc\u00ed slu\u017eby jsou z\u00e1kladem na\u0161\u00ed spole\u010dnosti. Spokojenost z\u00e1kazn\u00edk\u016f pova\u017eujeme za na\u0161i nejv\u011bt\u0161\u00ed p\u0159ednost!<\/p>\n<p>D\u00edky mnohojazy\u010dnosti (n\u011bm\u010dina, francouz\u0161tina, angli\u010dtina) zam\u011bstnanc\u016f spole\u010dnosti MessaMetall funguje \u0159\u00edzen\u00ed prodeje a poprodejn\u00edch slu\u017eeb perfektn\u011b.<br \/>\nT\u011b\u0161\u00edme se na \u00fasp\u011b\u0161nou spolupr\u00e1ci s va\u0161\u00ed spole\u010dnost\u00ed.[\/vc_column_text][vc_row_inner el_class=&#8220;small tm-break-colum-992&#8243;][vc_column_inner width=&#8220;1\/3&#8243;]<div class=\"tm-sbox tm-sbox-iconalign-left none     \">[vc_cta h2=\"Rychlost\"  use_custom_fonts_h2=\"true\"  h2_font_container=\"font_size:15px\"  h2_google_fonts=\"font_family:Lora%3Aregular%2Citalic%2C700%2C700italic|font_style:400%20regular%3A400%3Anormal\"  h4_google_fonts=\"font_family:Lato%3A100%2C100italic%2C300%2C300italic%2Cregular%2Citalic%2C700%2C700italic%2C900%2C900italic|font_style:300%20light%20regular%3A300%3Anormal\"  txt_align=\"left\"  heading_sep=\"no\"  shape=\"none\"  style=\"transparent\"  color=\"grey\"  btn_title=\"Read More\"  btn_style=\"text\"  btn_gradient_color_1=\"turquoise\"  btn_gradient_color_2=\"blue\"  btn_custom_background=\"#ededed\"  btn_custom_text=\"#666\"  btn_outline_custom_color=\"#666\"  btn_outline_custom_hover_background=\"#666\"  btn_outline_custom_hover_text=\"#fff\"  btn_color=\"skincolor\"  btn_size=\"md\"  add_icon=\"left\"  hover=\"none\"  main_icon_type=\"icon\"  i_type=\"linecons\"  i_icon_fontawesome=\"far fa-thumbs-up\"  i_icon_openiconic=\"vc-oi vc-oi-dial\"  i_icon_typicons=\"typcn typcn-adjust-brightness\"  i_icon_entypo=\"entypo-icon entypo-icon-note\"  i_icon_linecons=\"vc_li vc_li-clock\"  i_color=\"skincolor\"  i_background_style=\"none\"  i_background_color=\"grey\"  i_size=\"lg\"  icon_type=\"icon\"  btn_align=\"left\"  i_css_animation=\"\" css_animation=\"\"][\/vc_cta]<\/div>[\/vc_column_inner][vc_column_inner width=&#8220;1\/3&#8243; css=&#8220;.vc_custom_1605193107866{border-left-width: 60px !important;}&#8220;]<div class=\"tm-sbox tm-sbox-iconalign-left none     \">[vc_cta h2=\"Bl\u00edzkost z\u00e1kazn\u00edka\"  use_custom_fonts_h2=\"true\"  h2_font_container=\"font_size:15px\"  h2_google_fonts=\"font_family:Lora%3Aregular%2Citalic%2C700%2C700italic|font_style:400%20regular%3A400%3Anormal\"  h4_google_fonts=\"font_family:Lato%3A100%2C100italic%2C300%2C300italic%2Cregular%2Citalic%2C700%2C700italic%2C900%2C900italic|font_style:300%20light%20regular%3A300%3Anormal\"  txt_align=\"center\"  heading_sep=\"no\"  shape=\"none\"  style=\"transparent\"  color=\"grey\"  btn_title=\"Read More\"  btn_style=\"text\"  btn_gradient_color_1=\"turquoise\"  btn_gradient_color_2=\"blue\"  btn_custom_background=\"#ededed\"  btn_custom_text=\"#666\"  btn_outline_custom_color=\"#666\"  btn_outline_custom_hover_background=\"#666\"  btn_outline_custom_hover_text=\"#fff\"  btn_color=\"skincolor\"  btn_size=\"md\"  add_icon=\"left\"  hover=\"none\"  main_icon_type=\"icon\"  i_type=\"linecons\"  i_icon_fontawesome=\"far fa-thumbs-up\"  i_icon_openiconic=\"vc-oi vc-oi-dial\"  i_icon_typicons=\"typcn typcn-adjust-brightness\"  i_icon_entypo=\"entypo-icon entypo-icon-note\"  i_icon_linecons=\"vc_li vc_li-location\"  i_color=\"skincolor\"  i_background_style=\"none\"  i_background_color=\"grey\"  i_size=\"lg\"  icon_type=\"icon\"  btn_align=\"center\"  i_css_animation=\"\" css_animation=\"\"][\/vc_cta]<\/div>[\/vc_column_inner][vc_column_inner width=&#8220;1\/3&#8243; css=&#8220;.vc_custom_1605193071156{padding-left: -60px !important;}&#8220;]<div class=\"tm-sbox tm-sbox-iconalign-left none     \">[vc_cta h2=\"Spolehlivost\"  use_custom_fonts_h2=\"true\"  h2_font_container=\"font_size:15px\"  h2_google_fonts=\"font_family:Lora%3Aregular%2Citalic%2C700%2C700italic|font_style:400%20regular%3A400%3Anormal\"  h4_google_fonts=\"font_family:Lato%3A100%2C100italic%2C300%2C300italic%2Cregular%2Citalic%2C700%2C700italic%2C900%2C900italic|font_style:300%20light%20regular%3A300%3Anormal\"  txt_align=\"left\"  heading_sep=\"no\"  shape=\"none\"  style=\"transparent\"  color=\"grey\"  btn_title=\"Read More\"  btn_style=\"text\"  btn_gradient_color_1=\"turquoise\"  btn_gradient_color_2=\"blue\"  btn_custom_background=\"#ededed\"  btn_custom_text=\"#666\"  btn_outline_custom_color=\"#666\"  btn_outline_custom_hover_background=\"#666\"  btn_outline_custom_hover_text=\"#fff\"  btn_color=\"skincolor\"  btn_size=\"md\"  add_icon=\"left\"  hover=\"none\"  main_icon_type=\"icon\"  i_type=\"linecons\"  i_icon_fontawesome=\"far fa-thumbs-up\"  i_icon_openiconic=\"vc-oi vc-oi-dial\"  i_icon_typicons=\"typcn typcn-adjust-brightness\"  i_icon_entypo=\"entypo-icon entypo-icon-note\"  i_icon_linecons=\"vc_li vc_li-calendar\"  i_color=\"skincolor\"  i_background_style=\"none\"  i_background_color=\"grey\"  i_size=\"lg\"  icon_type=\"icon\"  btn_align=\"left\"  i_css_animation=\"\" css_animation=\"\"][\/vc_cta]<\/div>[\/vc_column_inner][\/vc_row_inner][vc_single_image image=&#8220;11691&#8243; img_size=&#8220;full&#8220;][vc_btn title=&#8220;Spojte se s n\u00e1mi&#8220; style=&#8220;outline&#8220; link=&#8220;url:https%3A%2F%2Fqge.fac.myftpupload.com%2Fcontact%2F|&#8220;][\/vc_column][\/vc_row][vc_row full_width=&#8220;stretch_row_content_no_spaces&#8220; bgtype=&#8220;dark&#8220; equalheight=&#8220;true&#8220; break_in_responsive_996=&#8220;true&#8220; css=&#8220;.vc_custom_1464699725748{padding-top: 0px !important;padding-bottom: 0px !important;}&#8220;][vc_column width=&#8220;1\/2&#8243; bgcolor=&#8220;skin&#8220; css=&#8220;.vc_custom_1690471952953{padding-top: 60px !important;padding-right: 50px !important;padding-left: 50px !important;background-color: #e7ad00 !important;}&#8220;][vc_row_inner][vc_column_inner width=&#8220;1\/3&#8243;]<div class=\"tm-sbox tm-sbox-iconalign-top none     \">[vc_cta h2=\"zpracov\u00e1v\u00e1 se\"  h2_google_fonts=\"font_family:Arimo%3Aregular%2Citalic%2C700%2C700italic|font_style:700%20bold%20regular%3A700%3Anormal\"  h4=\"\u0161irokou \u0161k\u00e1lu slu\u017eeb\"  h4_google_fonts=\"font_family:Lato%3A100%2C100italic%2C300%2C300italic%2Cregular%2Citalic%2C700%2C700italic%2C900%2C900italic|font_style:300%20light%20regular%3A300%3Anormal\"  txt_align=\"center\"  heading_sep=\"no\"  shape=\"none\"  style=\"transparent\"  color=\"grey\"  btn_title=\"Read More\"  btn_style=\"text\"  btn_gradient_color_1=\"turquoise\"  btn_gradient_color_2=\"blue\"  btn_custom_background=\"#ededed\"  btn_custom_text=\"#666\"  btn_outline_custom_color=\"#666\"  btn_outline_custom_hover_background=\"#666\"  btn_outline_custom_hover_text=\"#fff\"  btn_color=\"skincolor\"  btn_size=\"md\"  add_icon=\"top\"  hover=\"none\"  main_icon_type=\"icon\"  i_type=\"material\"  i_icon_fontawesome=\"far fa-thumbs-up\"  i_icon_openiconic=\"vc-oi vc-oi-dial\"  i_icon_typicons=\"typcn typcn-adjust-brightness\"  i_icon_entypo=\"entypo-icon entypo-icon-note\"  i_icon_linecons=\"vc_li vc_li-heart\"  i_icon_material=\"vc-material vc-material-build\"  i_color=\"white\"  i_background_style=\"rounded-outline\"  i_background_color=\"grey\"  i_size=\"xl\"  icon_type=\"icon\"  btn_align=\"center\"  i_css_animation=\"\" css_animation=\"\"][\/vc_cta]<\/div>[\/vc_column_inner][vc_column_inner width=&#8220;1\/3&#8243;]<div class=\"tm-sbox tm-sbox-iconalign-top none     \">[vc_cta h2=\"N\u00e1kup oceli\"  h2_google_fonts=\"font_family:Arimo%3Aregular%2Citalic%2C700%2C700italic|font_style:700%20bold%20regular%3A700%3Anormal\"  h4=\"Mezin\u00e1rodn\u00ed s\u00ed\u0165\"  h4_google_fonts=\"font_family:Lato%3A100%2C100italic%2C300%2C300italic%2Cregular%2Citalic%2C700%2C700italic%2C900%2C900italic|font_style:300%20light%20regular%3A300%3Anormal\"  txt_align=\"center\"  heading_sep=\"no\"  shape=\"none\"  style=\"transparent\"  color=\"grey\"  btn_title=\"Read More\"  btn_style=\"text\"  btn_gradient_color_1=\"turquoise\"  btn_gradient_color_2=\"blue\"  btn_custom_background=\"#ededed\"  btn_custom_text=\"#666\"  btn_outline_custom_color=\"#666\"  btn_outline_custom_hover_background=\"#666\"  btn_outline_custom_hover_text=\"#fff\"  btn_color=\"skincolor\"  btn_size=\"md\"  add_icon=\"top\"  hover=\"none\"  main_icon_type=\"icon\"  i_type=\"material\"  i_icon_fontawesome=\"far fa-thumbs-up\"  i_icon_openiconic=\"vc-oi vc-oi-dial\"  i_icon_typicons=\"typcn typcn-adjust-brightness\"  i_icon_entypo=\"entypo-icon entypo-icon-note\"  i_icon_linecons=\"vc_li vc_li-heart\"  i_icon_material=\"vc-material vc-material-directions_boat\"  i_color=\"white\"  i_background_style=\"rounded-outline\"  i_background_color=\"grey\"  i_size=\"xl\"  icon_type=\"icon\"  btn_align=\"center\"  i_css_animation=\"\" css_animation=\"\"][\/vc_cta]<\/div>[\/vc_column_inner][vc_column_inner width=&#8220;1\/3&#8243;]<div class=\"tm-sbox tm-sbox-iconalign-top none     \">[vc_cta h2=\"V\u00fdrobky z oceli\"  h2_google_fonts=\"font_family:Arimo%3Aregular%2Citalic%2C700%2C700italic|font_style:700%20bold%20regular%3A700%3Anormal\"  h4=\"\u0161irok\u00fd a hlubok\u00fd sortiment\"  h4_google_fonts=\"font_family:Lato%3A100%2C100italic%2C300%2C300italic%2Cregular%2Citalic%2C700%2C700italic%2C900%2C900italic|font_style:300%20light%20regular%3A300%3Anormal\"  txt_align=\"center\"  heading_sep=\"no\"  shape=\"none\"  style=\"transparent\"  color=\"grey\"  btn_title=\"Read More\"  btn_style=\"text\"  btn_gradient_color_1=\"turquoise\"  btn_gradient_color_2=\"blue\"  btn_custom_background=\"#ededed\"  btn_custom_text=\"#666\"  btn_outline_custom_color=\"#666\"  btn_outline_custom_hover_background=\"#666\"  btn_outline_custom_hover_text=\"#fff\"  btn_color=\"skincolor\"  btn_size=\"md\"  add_icon=\"top\"  hover=\"none\"  main_icon_type=\"icon\"  i_type=\"material\"  i_icon_fontawesome=\"far fa-thumbs-up\"  i_icon_openiconic=\"vc-oi vc-oi-dial\"  i_icon_typicons=\"typcn typcn-adjust-brightness\"  i_icon_entypo=\"entypo-icon entypo-icon-note\"  i_icon_linecons=\"vc_li vc_li-heart\"  i_icon_material=\"vc-material vc-material-language\"  i_color=\"white\"  i_background_style=\"rounded-outline\"  i_background_color=\"grey\"  i_size=\"xl\"  icon_type=\"icon\"  btn_align=\"center\"  i_css_animation=\"\" css_animation=\"\"][\/vc_cta]<\/div>[\/vc_column_inner][\/vc_row_inner][vc_column_text][\/vc_column_text][\/vc_column][vc_column width=&#8220;1\/2&#8243; css=&#8220;.vc_custom_1464503408412{padding-top: 60px !important;padding-right: 50px !important;padding-bottom: 30px !important;padding-left: 50px !important;}&#8220;]<div class=\"tm-element-heading-wrapper tm-heading-inner tm-element-align-left tm-heading-with-separator \">[vc_cta h2=\"PRO\u010c METAL METAL?\"  h2_google_fonts=\"font_family:Arimo%3Aregular%2Citalic%2C700%2C700italic|font_style:700%20bold%20regular%3A700%3Anormal\"  h4=\"N\u00e1\u0161 Slib\"  h4_google_fonts=\"font_family:Lato%3A100%2C100italic%2C300%2C300italic%2Cregular%2Citalic%2C700%2C700italic%2C900%2C900italic|font_style:300%20light%20regular%3A300%3Anormal\"  txt_align=\"left\"  heading_sep=\"yes\"  i_css_animation=\"\" css_animation=\"\"][\/vc_cta]<\/div> <!-- .tm-element-heading-wrapper container --> <div class=\"tm-sbox tm-sbox-iconalign-left none     \">[vc_cta h2=\"Velk\u00fd sklad\"  use_custom_fonts_h2=\"true\"  h2_font_container=\"font_size:19px|color:%23e7ad00|line_height:25px\"  h2_google_fonts=\"font_family:Lora%3Aregular%2Citalic%2C700%2C700italic|font_style:400%20italic%3A400%3Aitalic\"  h4_google_fonts=\"font_family:Lato%3A100%2C100italic%2C300%2C300italic%2Cregular%2Citalic%2C700%2C700italic%2C900%2C900italic|font_style:300%20light%20regular%3A300%3Anormal\"  txt_align=\"left\"  heading_sep=\"no\"  shape=\"none\"  style=\"transparent\"  color=\"grey\"  btn_title=\"Read More\"  btn_style=\"text\"  btn_gradient_color_1=\"turquoise\"  btn_gradient_color_2=\"blue\"  btn_custom_background=\"#ededed\"  btn_custom_text=\"#666\"  btn_outline_custom_color=\"#666\"  btn_outline_custom_hover_background=\"#666\"  btn_outline_custom_hover_text=\"#fff\"  btn_color=\"skincolor\"  btn_size=\"md\"  add_icon=\"left\"  hover=\"none\"  main_icon_type=\"icon\"  i_type=\"entypo\"  i_icon_fontawesome=\"far fa-thumbs-up\"  i_icon_openiconic=\"vc-oi vc-oi-dial\"  i_icon_typicons=\"typcn typcn-adjust-brightness\"  i_icon_entypo=\"entypo-icon entypo-icon-check\"  i_icon_linecons=\"vc_li vc_li-heart\"  i_color=\"skincolor\"  i_background_style=\"none\"  i_background_color=\"grey\"  i_size=\"sm\"  icon_type=\"icon\"  btn_align=\"left\"  i_css_animation=\"\" css_animation=\"\"]V\u00edce ne\u017e 16 do technick\u00e9 oceli na sklad\u011b[\/vc_cta]<\/div><div class=\"tm-sbox tm-sbox-iconalign-left none     \">[vc_cta h2=\"Odborn\u00e1 znalost materi\u00e1lu\"  use_custom_fonts_h2=\"true\"  h2_font_container=\"font_size:19px|color:%23e7ad00|line_height:25px\"  h2_google_fonts=\"font_family:Lora%3Aregular%2Citalic%2C700%2C700italic|font_style:400%20italic%3A400%3Aitalic\"  h4_google_fonts=\"font_family:Lato%3A100%2C100italic%2C300%2C300italic%2Cregular%2Citalic%2C700%2C700italic%2C900%2C900italic|font_style:300%20light%20regular%3A300%3Anormal\"  txt_align=\"left\"  heading_sep=\"no\"  shape=\"none\"  style=\"transparent\"  color=\"grey\"  btn_title=\"Read More\"  btn_style=\"text\"  btn_gradient_color_1=\"turquoise\"  btn_gradient_color_2=\"blue\"  btn_custom_background=\"#ededed\"  btn_custom_text=\"#666\"  btn_outline_custom_color=\"#666\"  btn_outline_custom_hover_background=\"#666\"  btn_outline_custom_hover_text=\"#fff\"  btn_color=\"skincolor\"  btn_size=\"md\"  add_icon=\"left\"  hover=\"none\"  main_icon_type=\"icon\"  i_type=\"entypo\"  i_icon_fontawesome=\"far fa-thumbs-up\"  i_icon_openiconic=\"vc-oi vc-oi-dial\"  i_icon_typicons=\"typcn typcn-adjust-brightness\"  i_icon_entypo=\"entypo-icon entypo-icon-check\"  i_icon_linecons=\"vc_li vc_li-heart\"  i_color=\"skincolor\"  i_background_style=\"none\"  i_background_color=\"grey\"  i_size=\"sm\"  icon_type=\"icon\"  btn_align=\"left\"  i_css_animation=\"\" css_animation=\"\"]Odborn\u00e1 znalostn\u00ed materi\u00e1ly, logistick\u00fdch mo\u017enost\u00ed, z\u00e1sobov\u00e1n\u00ed a z\u00e1kaznick\u00fdch trh\u016f[\/vc_cta]<\/div><div class=\"tm-sbox tm-sbox-iconalign-left none     \">[vc_cta h2=\"MessaMetall p\u016fsob\u00ed mezin\u00e1rodn\u011b\"  use_custom_fonts_h2=\"true\"  h2_font_container=\"font_size:19px|color:%23e7ad00|line_height:25px\"  h2_google_fonts=\"font_family:Lora%3Aregular%2Citalic%2C700%2C700italic|font_style:400%20italic%3A400%3Aitalic\"  h4_google_fonts=\"font_family:Lato%3A100%2C100italic%2C300%2C300italic%2Cregular%2Citalic%2C700%2C700italic%2C900%2C900italic|font_style:300%20light%20regular%3A300%3Anormal\"  txt_align=\"left\"  heading_sep=\"no\"  shape=\"none\"  style=\"transparent\"  color=\"grey\"  btn_title=\"Read More\"  btn_style=\"text\"  btn_gradient_color_1=\"turquoise\"  btn_gradient_color_2=\"blue\"  btn_custom_background=\"#ededed\"  btn_custom_text=\"#666\"  btn_outline_custom_color=\"#666\"  btn_outline_custom_hover_background=\"#666\"  btn_outline_custom_hover_text=\"#fff\"  btn_color=\"skincolor\"  btn_size=\"md\"  add_icon=\"left\"  hover=\"none\"  main_icon_type=\"icon\"  i_type=\"entypo\"  i_icon_fontawesome=\"far fa-thumbs-up\"  i_icon_openiconic=\"vc-oi vc-oi-dial\"  i_icon_typicons=\"typcn typcn-adjust-brightness\"  i_icon_entypo=\"entypo-icon entypo-icon-check\"  i_icon_linecons=\"vc_li vc_li-heart\"  i_color=\"skincolor\"  i_background_style=\"none\"  i_background_color=\"grey\"  i_size=\"sm\"  icon_type=\"icon\"  btn_align=\"left\"  i_css_animation=\"\" css_animation=\"\"]Komunikace s Francouz\u0161tin\u011b, angli\u010dtina a n\u011bm\u010dina.[\/vc_cta]<\/div>[\/vc_column][\/vc_row]<\/p>\n<\/div>","protected":false},"excerpt":{"rendered":"<p>[vc_row full_width=&#8220;stretch_row&#8220; bgtype=&#8220;grey&#8220; css=&#8220;.vc_custom_1457081487414{padding-bottom: 70px !important;}&#8220;][vc_column width=&#8220;1\/2&#8243;][vc_single_image image=&#8220;11608&#8243; img_size=&#8220;full&#8220;][vc_single_image image=&#8220;11609&#8243; img_size=&#8220;full&#8220;][\/vc_column][vc_column width=&#8220;1\/2&#8243;][vc_column_text css=&#8220;.vc_custom_1700168388607{margin-top: -10px !important;}&#8220;]MessaMetall je mlad\u00fd, dynamick\u00fd t\u00fdm, kter\u00fd se specializuje na obchodov\u00e1n\u00ed s ocel\u00ed a ne\u017eelezn\u00fdmi v\u00fdrobky, zejm\u00e9na s technick\u00fdmi ocelemi, n\u00e1strojov\u00fdmi ocelemi, nerezov\u00fdmi ocelemi a ocelemi s niklov\u00fdmi a titanov\u00fdmi slitinami. D\u00edky na\u0161im renomovan\u00fdm partner\u016fm jsme schopni nab\u00eddnout odpov\u00eddaj\u00edc\u00ed \u0159e\u0161en\u00ed pro v\u0161echny [&hellip;]<\/p>\n","protected":false},"author":1,"featured_media":0,"parent":0,"menu_order":1,"comment_status":"closed","ping_status":"open","template":"","meta":{"footnotes":""},"class_list":["post-12991","page","type-page","status-publish","hentry"],"yoast_head":"<!-- This site is optimized with the Yoast SEO plugin v27.5 - https:\/\/yoast.com\/product\/yoast-seo-wordpress\/ -->\n<title>Domovsk\u00e1 str\u00e1nka - MessaMetall - Metallh\u00e4ndler der Sie begleitet<\/title>\n<meta name=\"description\" content=\"MessaMetall je v\u00e1\u0161 prodejce kov\u016f se s\u00eddlem v Krefeldu. Vyu\u017eijte v\u00fdhod na\u0161\u00ed mezin\u00e1rodn\u00ed s\u00edt\u011b a na\u0161ich podm\u00ednek.\" \/>\n<meta name=\"robots\" content=\"index, follow, max-snippet:-1, max-image-preview:large, max-video-preview:-1\" \/>\n<link rel=\"canonical\" href=\"https:\/\/messametall.com\/cs\/\" \/>\n<meta property=\"og:locale\" content=\"cs_CZ\" \/>\n<meta property=\"og:type\" content=\"article\" \/>\n<meta property=\"og:title\" content=\"Domovsk\u00e1 str\u00e1nka - MessaMetall - Metallh\u00e4ndler der Sie begleitet\" \/>\n<meta property=\"og:description\" content=\"MessaMetall je v\u00e1\u0161 prodejce kov\u016f se s\u00eddlem v Krefeldu. Vyu\u017eijte v\u00fdhod na\u0161\u00ed mezin\u00e1rodn\u00ed s\u00edt\u011b a na\u0161ich podm\u00ednek.\" \/>\n<meta property=\"og:url\" content=\"https:\/\/messametall.com\/cs\/\" \/>\n<meta property=\"og:site_name\" content=\"MessaMetall - Metallh\u00e4ndler der Sie begleitet\" \/>\n<meta property=\"article:modified_time\" content=\"2024-07-23T15:14:57+00:00\" \/>\n<meta name=\"twitter:card\" content=\"summary_large_image\" \/>\n<meta name=\"twitter:label1\" content=\"Odhadovan\u00e1 doba \u010dten\u00ed\" \/>\n\t<meta name=\"twitter:data1\" content=\"2 minuty\" \/>\n<script type=\"application\/ld+json\" class=\"yoast-schema-graph\">{\"@context\":\"https:\\\/\\\/schema.org\",\"@graph\":[{\"@type\":\"WebPage\",\"@id\":\"https:\\\/\\\/messametall.com\\\/cs\\\/\",\"url\":\"https:\\\/\\\/messametall.com\\\/cs\\\/\",\"name\":\"Domovsk\u00e1 str\u00e1nka - MessaMetall - Metallh\u00e4ndler der Sie begleitet\",\"isPartOf\":{\"@id\":\"https:\\\/\\\/messametall.com\\\/#website\"},\"datePublished\":\"2024-04-22T16:41:48+00:00\",\"dateModified\":\"2024-07-23T15:14:57+00:00\",\"description\":\"MessaMetall je v\u00e1\u0161 prodejce kov\u016f se s\u00eddlem v Krefeldu. Vyu\u017eijte v\u00fdhod na\u0161\u00ed mezin\u00e1rodn\u00ed s\u00edt\u011b a na\u0161ich podm\u00ednek.\",\"breadcrumb\":{\"@id\":\"https:\\\/\\\/messametall.com\\\/cs\\\/#breadcrumb\"},\"inLanguage\":\"cs\",\"potentialAction\":[{\"@type\":\"ReadAction\",\"target\":[\"https:\\\/\\\/messametall.com\\\/cs\\\/\"]}]},{\"@type\":\"BreadcrumbList\",\"@id\":\"https:\\\/\\\/messametall.com\\\/cs\\\/#breadcrumb\",\"itemListElement\":[{\"@type\":\"ListItem\",\"position\":1,\"name\":\"Startseite\",\"item\":\"https:\\\/\\\/messametall.com\\\/cs\\\/\"},{\"@type\":\"ListItem\",\"position\":2,\"name\":\"Domovsk\u00e1 str\u00e1nka\"}]},{\"@type\":\"WebSite\",\"@id\":\"https:\\\/\\\/messametall.com\\\/#website\",\"url\":\"https:\\\/\\\/messametall.com\\\/\",\"name\":\"MessaMetall - Metallh\u00e4ndler der Sie begleitet\",\"description\":\"Metallh\u00e4ndler aus krefeld\",\"potentialAction\":[{\"@type\":\"SearchAction\",\"target\":{\"@type\":\"EntryPoint\",\"urlTemplate\":\"https:\\\/\\\/messametall.com\\\/?s={search_term_string}\"},\"query-input\":{\"@type\":\"PropertyValueSpecification\",\"valueRequired\":true,\"valueName\":\"search_term_string\"}}],\"inLanguage\":\"cs\"}]}<\/script>\n<!-- \/ Yoast SEO plugin. -->","yoast_head_json":{"title":"Domovsk\u00e1 str\u00e1nka - MessaMetall - Metallh\u00e4ndler der Sie begleitet","description":"MessaMetall je v\u00e1\u0161 prodejce kov\u016f se s\u00eddlem v Krefeldu. Vyu\u017eijte v\u00fdhod na\u0161\u00ed mezin\u00e1rodn\u00ed s\u00edt\u011b a na\u0161ich podm\u00ednek.","robots":{"index":"index","follow":"follow","max-snippet":"max-snippet:-1","max-image-preview":"max-image-preview:large","max-video-preview":"max-video-preview:-1"},"canonical":"https:\/\/messametall.com\/cs\/","og_locale":"cs_CZ","og_type":"article","og_title":"Domovsk\u00e1 str\u00e1nka - MessaMetall - Metallh\u00e4ndler der Sie begleitet","og_description":"MessaMetall je v\u00e1\u0161 prodejce kov\u016f se s\u00eddlem v Krefeldu. Vyu\u017eijte v\u00fdhod na\u0161\u00ed mezin\u00e1rodn\u00ed s\u00edt\u011b a na\u0161ich podm\u00ednek.","og_url":"https:\/\/messametall.com\/cs\/","og_site_name":"MessaMetall - Metallh\u00e4ndler der Sie begleitet","article_modified_time":"2024-07-23T15:14:57+00:00","twitter_card":"summary_large_image","twitter_misc":{"Odhadovan\u00e1 doba \u010dten\u00ed":"2 minuty"},"schema":{"@context":"https:\/\/schema.org","@graph":[{"@type":"WebPage","@id":"https:\/\/messametall.com\/cs\/","url":"https:\/\/messametall.com\/cs\/","name":"Domovsk\u00e1 str\u00e1nka - MessaMetall - Metallh\u00e4ndler der Sie begleitet","isPartOf":{"@id":"https:\/\/messametall.com\/#website"},"datePublished":"2024-04-22T16:41:48+00:00","dateModified":"2024-07-23T15:14:57+00:00","description":"MessaMetall je v\u00e1\u0161 prodejce kov\u016f se s\u00eddlem v Krefeldu. Vyu\u017eijte v\u00fdhod na\u0161\u00ed mezin\u00e1rodn\u00ed s\u00edt\u011b a na\u0161ich podm\u00ednek.","breadcrumb":{"@id":"https:\/\/messametall.com\/cs\/#breadcrumb"},"inLanguage":"cs","potentialAction":[{"@type":"ReadAction","target":["https:\/\/messametall.com\/cs\/"]}]},{"@type":"BreadcrumbList","@id":"https:\/\/messametall.com\/cs\/#breadcrumb","itemListElement":[{"@type":"ListItem","position":1,"name":"Startseite","item":"https:\/\/messametall.com\/cs\/"},{"@type":"ListItem","position":2,"name":"Domovsk\u00e1 str\u00e1nka"}]},{"@type":"WebSite","@id":"https:\/\/messametall.com\/#website","url":"https:\/\/messametall.com\/","name":"MessaMetall - Metallh\u00e4ndler der Sie begleitet","description":"Metallh\u00e4ndler aus krefeld","potentialAction":[{"@type":"SearchAction","target":{"@type":"EntryPoint","urlTemplate":"https:\/\/messametall.com\/?s={search_term_string}"},"query-input":{"@type":"PropertyValueSpecification","valueRequired":true,"valueName":"search_term_string"}}],"inLanguage":"cs"}]}},"_links":{"self":[{"href":"https:\/\/messametall.com\/cs\/wp-json\/wp\/v2\/pages\/12991","targetHints":{"allow":["GET"]}}],"collection":[{"href":"https:\/\/messametall.com\/cs\/wp-json\/wp\/v2\/pages"}],"about":[{"href":"https:\/\/messametall.com\/cs\/wp-json\/wp\/v2\/types\/page"}],"author":[{"embeddable":true,"href":"https:\/\/messametall.com\/cs\/wp-json\/wp\/v2\/users\/1"}],"replies":[{"embeddable":true,"href":"https:\/\/messametall.com\/cs\/wp-json\/wp\/v2\/comments?post=12991"}],"version-history":[{"count":8,"href":"https:\/\/messametall.com\/cs\/wp-json\/wp\/v2\/pages\/12991\/revisions"}],"predecessor-version":[{"id":13875,"href":"https:\/\/messametall.com\/cs\/wp-json\/wp\/v2\/pages\/12991\/revisions\/13875"}],"wp:attachment":[{"href":"https:\/\/messametall.com\/cs\/wp-json\/wp\/v2\/media?parent=12991"}],"curies":[{"name":"wp","href":"https:\/\/api.w.org\/{rel}","templated":true}]}}