{"id":12999,"date":"2024-04-22T18:43:50","date_gmt":"2024-04-22T16:43:50","guid":{"rendered":"https:\/\/messametall.com\/produkty\/"},"modified":"2024-07-23T22:04:01","modified_gmt":"2024-07-23T20:04:01","slug":"produkty","status":"publish","type":"page","link":"https:\/\/messametall.com\/cs\/produkty\/","title":{"rendered":"Produkty"},"content":{"rendered":"<div class=\"wpb-content-wrapper\"><p>[vc_row][vc_column width=&#8220;1\/3&#8243;]<div class=\"tm-element-heading-wrapper tm-heading-inner tm-element-align-left tm-heading-with-separator \">[vc_cta h2=\"Nerezov\u00e1 ocel\"  h2_google_fonts=\"font_family:Arimo%3Aregular%2Citalic%2C700%2C700italic|font_style:700%20bold%20regular%3A700%3Anormal\"  h4_google_fonts=\"font_family:Lato%3A100%2C100italic%2C300%2C300italic%2Cregular%2Citalic%2C700%2C700italic%2C900%2C900italic|font_style:300%20light%20regular%3A300%3Anormal\"  txt_align=\"left\"  heading_sep=\"yes\"  i_css_animation=\"\" css_animation=\"\"][\/vc_cta]<\/div> <!-- .tm-element-heading-wrapper container --> [vc_single_image image=&#8220;13002&#8243; css=&#8220;.vc_custom_1690472828050{margin-top: 30px !important;}&#8220;][vc_column_text]<strong>Spole\u010dnost MessaMetall<\/strong> v\u00e1m nab\u00edz\u00ed p\u016fsobiv\u00e9 z\u00e1soby technick\u00e9 oceli (v\u00edce ne\u017e 16 000 tun trvale na sklad\u011b).<\/p>\n<p>N\u00e1\u0161 vynikaj\u00edc\u00ed sortiment stroj\u016f n\u00e1m umo\u017e\u0148uje \u0159ezat s po\u017eadovanou p\u0159esnost\u00ed a s nejt\u011bsn\u011bj\u0161\u00edmi tolerancemi, stejn\u011b jako vrt\u00e1n\u00ed.<\/p>\n<p><a href=\"https:\/\/messametall.com\/cs\/produkty\/technicka-ocel\/\">P\u0159e\u010dt\u011bte si v\u00edce<\/a>[\/vc_column_text][\/vc_column][vc_column width=&#8220;1\/3&#8243;]<div class=\"tm-element-heading-wrapper tm-heading-inner tm-element-align-left tm-heading-with-separator \">[vc_cta h2=\"Nerezov\u00e1 ocel, nikl a titan\"  h2_google_fonts=\"font_family:Arimo%3Aregular%2Citalic%2C700%2C700italic|font_style:700%20bold%20regular%3A700%3Anormal\"  h4_google_fonts=\"font_family:Lato%3A100%2C100italic%2C300%2C300italic%2Cregular%2Citalic%2C700%2C700italic%2C900%2C900italic|font_style:300%20light%20regular%3A300%3Anormal\"  txt_align=\"left\"  heading_sep=\"yes\"  i_css_animation=\"\" css_animation=\"\"][\/vc_cta]<\/div> <!-- .tm-element-heading-wrapper container --> [vc_single_image image=&#8220;13001&#8243;][vc_column_text]<strong>Spole\u010dnost MessaMetall <\/strong>v\u00e1m nab\u00edz\u00ed impozantn\u00ed z\u00e1soby nerezov\u00e9 oceli kulat\u00e9, ploch\u00e9, \u010dtvercov\u00e9, \u0161estihrann\u00e9, \u00fahlov\u00e9 a dr\u00e1t\u011bn\u00e9 (v\u00edce ne\u017e 8 000 tun trvale na sklad\u011b).<\/p>\n<p><a href=\"https:\/\/messametall.com\/cs\/produkty\/nerezova-ocel\/\">P\u0159e\u010dt\u011bte si v\u00edce<\/a>[\/vc_column_text][\/vc_column][vc_column width=&#8220;1\/3&#8243;]<div class=\"tm-element-heading-wrapper tm-heading-inner tm-element-align-left tm-heading-with-separator \">[vc_cta h2=\"N\u00e1strojov\u00e1 ocel, P-desky a bloky\"  h2_google_fonts=\"font_family:Arimo%3Aregular%2Citalic%2C700%2C700italic|font_style:700%20bold%20regular%3A700%3Anormal\"  h4_google_fonts=\"font_family:Lato%3A100%2C100italic%2C300%2C300italic%2Cregular%2Citalic%2C700%2C700italic%2C900%2C900italic|font_style:300%20light%20regular%3A300%3Anormal\"  txt_align=\"left\"  heading_sep=\"yes\"  i_css_animation=\"\" css_animation=\"\"][\/vc_cta]<\/div> <!-- .tm-element-heading-wrapper container --> [vc_single_image image=&#8220;13000&#8243;][vc_column_text]<strong>Spole\u010dnost MessaMetall<\/strong> v\u00e1m nab\u00edz\u00ed p\u016fsobiv\u00e9 z\u00e1soby n\u00e1strojov\u00e9 oceli (v\u00edce ne\u017e 7 000 tun trvale na sklad\u011b).<\/p>\n<p><a href=\"https:\/\/messametall.com\/cs\/produkty\/nastrojova-ocel\/\">P\u0159e\u010dt\u011bte si v\u00edce<\/a>[\/vc_column_text][\/vc_column][\/vc_row][vc_row][vc_column][vc_gallery interval=&#8220;3&#8243; images=&#8220;13003,13004,13005,13006,13007,13008,13009,13010,13011,13012,13013,13014,13015,13016,13017,13018,13019&#8243; img_size=&#8220;full&#8220;][\/vc_column][\/vc_row]<\/p>\n<\/div>","protected":false},"excerpt":{"rendered":"<p>[vc_row][vc_column width=&#8220;1\/3&#8243;][vc_single_image image=&#8220;13002&#8243; css=&#8220;.vc_custom_1690472828050{margin-top: 30px !important;}&#8220;][vc_column_text]Spole\u010dnost MessaMetall v\u00e1m nab\u00edz\u00ed p\u016fsobiv\u00e9 z\u00e1soby technick\u00e9 oceli (v\u00edce ne\u017e 16 000 tun trvale na sklad\u011b). N\u00e1\u0161 vynikaj\u00edc\u00ed sortiment stroj\u016f n\u00e1m umo\u017e\u0148uje \u0159ezat s po\u017eadovanou p\u0159esnost\u00ed a s nejt\u011bsn\u011bj\u0161\u00edmi tolerancemi, stejn\u011b jako vrt\u00e1n\u00ed. P\u0159e\u010dt\u011bte si v\u00edce[\/vc_column_text][\/vc_column][vc_column width=&#8220;1\/3&#8243;][vc_single_image image=&#8220;13001&#8243;][vc_column_text]Spole\u010dnost MessaMetall v\u00e1m nab\u00edz\u00ed impozantn\u00ed z\u00e1soby nerezov\u00e9 oceli kulat\u00e9, ploch\u00e9, \u010dtvercov\u00e9, \u0161estihrann\u00e9, \u00fahlov\u00e9 [&hellip;]<\/p>\n","protected":false},"author":1,"featured_media":0,"parent":0,"menu_order":0,"comment_status":"closed","ping_status":"closed","template":"","meta":{"footnotes":""},"class_list":["post-12999","page","type-page","status-publish","hentry"],"yoast_head":"<!-- This site is optimized with the Yoast SEO plugin v27.4 - https:\/\/yoast.com\/product\/yoast-seo-wordpress\/ -->\n<title>Produkty - MessaMetall - Metallh\u00e4ndler der Sie begleitet<\/title>\n<meta name=\"robots\" content=\"index, follow, max-snippet:-1, max-image-preview:large, max-video-preview:-1\" \/>\n<link rel=\"canonical\" href=\"https:\/\/messametall.com\/it\/prodotti\/\" \/>\n<meta property=\"og:locale\" content=\"cs_CZ\" \/>\n<meta property=\"og:type\" content=\"article\" \/>\n<meta property=\"og:title\" content=\"Produkty - MessaMetall - Metallh\u00e4ndler der Sie begleitet\" \/>\n<meta property=\"og:description\" content=\"[vc_row][vc_column width=&#8220;1\/3&#8243;][vc_single_image image=&#8220;13002&#8243; css=&#8220;.vc_custom_1690472828050{margin-top: 30px !important;}&#8220;][vc_column_text]Spole\u010dnost MessaMetall v\u00e1m nab\u00edz\u00ed p\u016fsobiv\u00e9 z\u00e1soby technick\u00e9 oceli (v\u00edce ne\u017e 16 000 tun trvale na sklad\u011b). N\u00e1\u0161 vynikaj\u00edc\u00ed sortiment stroj\u016f n\u00e1m umo\u017e\u0148uje \u0159ezat s po\u017eadovanou p\u0159esnost\u00ed a s nejt\u011bsn\u011bj\u0161\u00edmi tolerancemi, stejn\u011b jako vrt\u00e1n\u00ed. P\u0159e\u010dt\u011bte si v\u00edce[\/vc_column_text][\/vc_column][vc_column width=&#8220;1\/3&#8243;][vc_single_image image=&#8220;13001&#8243;][vc_column_text]Spole\u010dnost MessaMetall v\u00e1m nab\u00edz\u00ed impozantn\u00ed z\u00e1soby nerezov\u00e9 oceli kulat\u00e9, ploch\u00e9, \u010dtvercov\u00e9, \u0161estihrann\u00e9, \u00fahlov\u00e9 [&hellip;]\" \/>\n<meta property=\"og:url\" content=\"https:\/\/messametall.com\/it\/prodotti\/\" \/>\n<meta property=\"og:site_name\" content=\"MessaMetall - Metallh\u00e4ndler der Sie begleitet\" \/>\n<meta property=\"article:modified_time\" content=\"2024-07-23T20:04:01+00:00\" \/>\n<meta name=\"twitter:card\" content=\"summary_large_image\" \/>\n<meta name=\"twitter:label1\" content=\"Odhadovan\u00e1 doba \u010dten\u00ed\" \/>\n\t<meta name=\"twitter:data1\" content=\"1 minuta\" \/>\n<script type=\"application\/ld+json\" class=\"yoast-schema-graph\">{\"@context\":\"https:\\\/\\\/schema.org\",\"@graph\":[{\"@type\":\"WebPage\",\"@id\":\"https:\\\/\\\/messametall.com\\\/it\\\/prodotti\\\/\",\"url\":\"https:\\\/\\\/messametall.com\\\/it\\\/prodotti\\\/\",\"name\":\"Produkty - MessaMetall - Metallh\u00e4ndler der Sie begleitet\",\"isPartOf\":{\"@id\":\"https:\\\/\\\/messametall.com\\\/#website\"},\"datePublished\":\"2024-04-22T16:43:50+00:00\",\"dateModified\":\"2024-07-23T20:04:01+00:00\",\"breadcrumb\":{\"@id\":\"https:\\\/\\\/messametall.com\\\/it\\\/prodotti\\\/#breadcrumb\"},\"inLanguage\":\"cs\",\"potentialAction\":[{\"@type\":\"ReadAction\",\"target\":[\"https:\\\/\\\/messametall.com\\\/it\\\/prodotti\\\/\"]}]},{\"@type\":\"BreadcrumbList\",\"@id\":\"https:\\\/\\\/messametall.com\\\/it\\\/prodotti\\\/#breadcrumb\",\"itemListElement\":[{\"@type\":\"ListItem\",\"position\":1,\"name\":\"Startseite\",\"item\":\"https:\\\/\\\/messametall.com\\\/cs\\\/\"},{\"@type\":\"ListItem\",\"position\":2,\"name\":\"Produkty\"}]},{\"@type\":\"WebSite\",\"@id\":\"https:\\\/\\\/messametall.com\\\/#website\",\"url\":\"https:\\\/\\\/messametall.com\\\/\",\"name\":\"MessaMetall - Metallh\u00e4ndler der Sie begleitet\",\"description\":\"Metallh\u00e4ndler aus krefeld\",\"potentialAction\":[{\"@type\":\"SearchAction\",\"target\":{\"@type\":\"EntryPoint\",\"urlTemplate\":\"https:\\\/\\\/messametall.com\\\/?s={search_term_string}\"},\"query-input\":{\"@type\":\"PropertyValueSpecification\",\"valueRequired\":true,\"valueName\":\"search_term_string\"}}],\"inLanguage\":\"cs\"}]}<\/script>\n<!-- \/ Yoast SEO plugin. -->","yoast_head_json":{"title":"Produkty - MessaMetall - Metallh\u00e4ndler der Sie begleitet","robots":{"index":"index","follow":"follow","max-snippet":"max-snippet:-1","max-image-preview":"max-image-preview:large","max-video-preview":"max-video-preview:-1"},"canonical":"https:\/\/messametall.com\/it\/prodotti\/","og_locale":"cs_CZ","og_type":"article","og_title":"Produkty - MessaMetall - Metallh\u00e4ndler der Sie begleitet","og_description":"[vc_row][vc_column width=&#8220;1\/3&#8243;][vc_single_image image=&#8220;13002&#8243; css=&#8220;.vc_custom_1690472828050{margin-top: 30px !important;}&#8220;][vc_column_text]Spole\u010dnost MessaMetall v\u00e1m nab\u00edz\u00ed p\u016fsobiv\u00e9 z\u00e1soby technick\u00e9 oceli (v\u00edce ne\u017e 16 000 tun trvale na sklad\u011b). N\u00e1\u0161 vynikaj\u00edc\u00ed sortiment stroj\u016f n\u00e1m umo\u017e\u0148uje \u0159ezat s po\u017eadovanou p\u0159esnost\u00ed a s nejt\u011bsn\u011bj\u0161\u00edmi tolerancemi, stejn\u011b jako vrt\u00e1n\u00ed. P\u0159e\u010dt\u011bte si v\u00edce[\/vc_column_text][\/vc_column][vc_column width=&#8220;1\/3&#8243;][vc_single_image image=&#8220;13001&#8243;][vc_column_text]Spole\u010dnost MessaMetall v\u00e1m nab\u00edz\u00ed impozantn\u00ed z\u00e1soby nerezov\u00e9 oceli kulat\u00e9, ploch\u00e9, \u010dtvercov\u00e9, \u0161estihrann\u00e9, \u00fahlov\u00e9 [&hellip;]","og_url":"https:\/\/messametall.com\/it\/prodotti\/","og_site_name":"MessaMetall - Metallh\u00e4ndler der Sie begleitet","article_modified_time":"2024-07-23T20:04:01+00:00","twitter_card":"summary_large_image","twitter_misc":{"Odhadovan\u00e1 doba \u010dten\u00ed":"1 minuta"},"schema":{"@context":"https:\/\/schema.org","@graph":[{"@type":"WebPage","@id":"https:\/\/messametall.com\/it\/prodotti\/","url":"https:\/\/messametall.com\/it\/prodotti\/","name":"Produkty - MessaMetall - Metallh\u00e4ndler der Sie begleitet","isPartOf":{"@id":"https:\/\/messametall.com\/#website"},"datePublished":"2024-04-22T16:43:50+00:00","dateModified":"2024-07-23T20:04:01+00:00","breadcrumb":{"@id":"https:\/\/messametall.com\/it\/prodotti\/#breadcrumb"},"inLanguage":"cs","potentialAction":[{"@type":"ReadAction","target":["https:\/\/messametall.com\/it\/prodotti\/"]}]},{"@type":"BreadcrumbList","@id":"https:\/\/messametall.com\/it\/prodotti\/#breadcrumb","itemListElement":[{"@type":"ListItem","position":1,"name":"Startseite","item":"https:\/\/messametall.com\/cs\/"},{"@type":"ListItem","position":2,"name":"Produkty"}]},{"@type":"WebSite","@id":"https:\/\/messametall.com\/#website","url":"https:\/\/messametall.com\/","name":"MessaMetall - Metallh\u00e4ndler der Sie begleitet","description":"Metallh\u00e4ndler aus krefeld","potentialAction":[{"@type":"SearchAction","target":{"@type":"EntryPoint","urlTemplate":"https:\/\/messametall.com\/?s={search_term_string}"},"query-input":{"@type":"PropertyValueSpecification","valueRequired":true,"valueName":"search_term_string"}}],"inLanguage":"cs"}]}},"_links":{"self":[{"href":"https:\/\/messametall.com\/cs\/wp-json\/wp\/v2\/pages\/12999","targetHints":{"allow":["GET"]}}],"collection":[{"href":"https:\/\/messametall.com\/cs\/wp-json\/wp\/v2\/pages"}],"about":[{"href":"https:\/\/messametall.com\/cs\/wp-json\/wp\/v2\/types\/page"}],"author":[{"embeddable":true,"href":"https:\/\/messametall.com\/cs\/wp-json\/wp\/v2\/users\/1"}],"replies":[{"embeddable":true,"href":"https:\/\/messametall.com\/cs\/wp-json\/wp\/v2\/comments?post=12999"}],"version-history":[{"count":5,"href":"https:\/\/messametall.com\/cs\/wp-json\/wp\/v2\/pages\/12999\/revisions"}],"predecessor-version":[{"id":13898,"href":"https:\/\/messametall.com\/cs\/wp-json\/wp\/v2\/pages\/12999\/revisions\/13898"}],"wp:attachment":[{"href":"https:\/\/messametall.com\/cs\/wp-json\/wp\/v2\/media?parent=12999"}],"curies":[{"name":"wp","href":"https:\/\/api.w.org\/{rel}","templated":true}]}}