{"id":13261,"date":"2024-04-23T07:59:36","date_gmt":"2024-04-23T05:59:36","guid":{"rendered":"https:\/\/messametall.com\/produkty\/nastrojova-ocel\/"},"modified":"2024-06-07T13:12:05","modified_gmt":"2024-06-07T11:12:05","slug":"nastrojova-ocel","status":"publish","type":"page","link":"https:\/\/messametall.com\/cs\/produkty\/nastrojova-ocel\/","title":{"rendered":"N\u00e1strojov\u00e1 ocel"},"content":{"rendered":"<div class=\"wpb-content-wrapper\"><p>[vc_row][vc_column][vc_column_text]<\/p>\n<div id=\"bk31\" class=\"bk-widget widget-content widget-content-FTDP3R\">\n<h3><span style=\"color: #4a94af; font-size: 18px;\"><strong>1.N\u00e1strojov\u00e1 ocel<br \/>\n<\/strong><\/span><\/h3>\n<p><strong>MessaMetall <\/strong> v\u00e1m nab\u00edz\u00ed p\u016fsobiv\u00e9 z\u00e1soby n\u00e1strojov\u00e9 oceli (v\u00edce ne\u017e 7 000 tun trvale skladem).<br \/>\n<span style=\"color: #4a94af; font-size: 18px;\"><strong><br \/>\nProgram dod\u00e1vek:<\/strong><\/span><\/p>\n<p>Ocel pro pr\u00e1ci za studena, ocel pro pr\u00e1ci za tepla.<\/p>\n<p><strong>Kruhov\u00e1 ocel:<\/strong> kalen\u00e1, \u017e\u00edhan\u00e1, v\u00e1lcovan\u00e1, kovan\u00e1, loupan\u00e1, ta\u017een\u00e1, soustru\u017een\u00e1<\/p>\n<p><strong>Ploch\u00e1 ocel: <\/strong> kalen\u00e1, \u017e\u00edhan\u00e1, v\u00e1lcovan\u00e1, kovan\u00e1, fr\u00e9zovan\u00e1<\/p>\n<h3><span style=\"color: #4a94af; font-size: 18px;\"><strong>Program skladov\u00e1n\u00ed:<\/strong><\/span><\/h3>\n<\/div>\n<div id=\"bk32\" class=\"bk-widget widget-content widget-content-60OK11\">\n<p>1.2080 kruhov\u00e9, 1.2080 ploch\u00e9, 1.2210 kruhov\u00e9, 1.2311 ploch\u00e9, 1.2312 kruhov\u00e9, 1.2312 ploch\u00e9, 1.2316 kruhov\u00e9, 1.2316 ploch\u00e9, 1.2316<br \/>\n\u010ctverec, 1,2329 kruhov\u00fd, 1,2345,1 kruhov\u00fd, 1,2343 kruhov\u00fd, 1,2343 ploch\u00fd, 1,2344 kruhov\u00fd, 1,2344 ploch\u00fd, 1,2355 kruhov\u00fd, 1,2357<br \/>\nKulat\u00fd, 1,2358 Kulat\u00fd, 1,2358 Ploch\u00fd, 1,2362 Kulat\u00fd, 1,2363 Kulat\u00fd, 1,2365 Kulat\u00fd, 1,2367 Kulat\u00fd, 1,2367 Ploch\u00fd, 1,2367<br \/>\n\u010ctverec, 1,2379 Kulat\u00fd, 1,2379 Ploch\u00fd, 1,2436 Kulat\u00fd, 1,2510 Kulat\u00fd, 1,2550 Kulat\u00fd, 1,2605 Kulat\u00fd, 1,2605 Ploch\u00fd, 1,2606<br \/>\nKulat\u00fd, 1,2606 Ploch\u00fd, 1,2714 Kulat\u00fd, 1,2714 Ploch\u00fd, 1,2714 Blok, 1,2738 Ploch\u00fd, 1,2764 Kulat\u00fd, 1,2767 Kulat\u00fd, 1,2767 Ploch\u00fd,<br \/>\n1,2825 kulat\u00e1, 1,2826 kulat\u00e1, 1,2842 kulat\u00e1, 1,2842 ploch\u00e1, 1,3243 kulat\u00e1, 1,3343 kulat\u00e1, 1,3343 ploch\u00e1, 1,4057 kulat\u00e1, 1,4122<br \/>\nPloch\u00e1, 1.6582 Ploch\u00e1, 9.2690 Kruhov\u00e1, 9.2690 Ploch\u00e1, \u010cSN 19565 Kruhov\u00e1, \u010cSN 19568 Kruhov\u00e1, NC 6 Ploch\u00e1.<\/p>\n<\/div>\n<div id=\"bk34\" class=\"bk-widget widget-content widget-content-5A0159\">\n<div><strong><img loading=\"lazy\" decoding=\"async\" class=\"alignnone wp-image-12368 size-full\" src=\"https:\/\/messametall.com\/wp-content\/uploads\/2024\/06\/Bild-1-Werkzeugstahl-1.jpg\" alt=\"\" width=\"398\" height=\"1714\"> <\/strong><\/div>\n<div><\/div>\n<div>\n<h3><span style=\"color: #4a94af; font-size: 18px;\"><strong>2. P-desky<\/strong><\/span><\/h3>\n<\/div>\n<p>P-desky nab\u00edz\u00edme v r\u016fzn\u00fdch materi\u00e1lech.<\/p>\n<p>P\u0159\u00edklady: P-desky v <strong>1,1730: normalizov\u00e1no, max. 190<br \/>\nHB<\/strong><br \/>\n<strong>1,2312: zaplaceno, 28-32 HRC<\/strong><\/p>\n<p><strong>Tolerance tlou\u0161\u0165ky:<\/strong><br \/>\n&lt;= 496 mm: +0.25\/+0.20 mm<br \/>\n&gt; 496 mm &#8211; &lt;= 1196 mm: +0.35\/+0.30 mm<\/p>\n<p><strong>Tolerance \u0161\u00ed\u0159ky a d\u00e9lky:<\/strong><br \/>\n&lt;= 496 mm: -0.00\/+0.10 mm<\/p>\n<p>&gt; 496 mm &#8211; &lt;= 1196 mm: -0.00\/+0.15 mm<\/p>\n<\/div>\n<div id=\"bk36\" class=\"bk-widget widget-content widget-content-2MA367\">\n<div><strong><img loading=\"lazy\" decoding=\"async\" class=\"alignnone wp-image-12371 size-full\" src=\"https:\/\/messametall.com\/wp-content\/uploads\/2024\/06\/Bild-2-Werkstoff-P-Platten.jpg\" alt=\"\" width=\"397\" height=\"104\"> <\/strong><\/div>\n<div><strong> <\/strong><\/div>\n<div>\n<h3><span style=\"color: #4a94af; font-size: 18px;\"><strong>3. bloky<\/strong><\/span><\/h3>\n<\/div>\n<p>Beispiele: Bl\u00f6cke in <strong>1.2358, 1.2316ESU,<br \/>\n1.2083ESU<\/strong><\/p>\n<p><strong>V\u00fdrobn\u00ed proces:<\/strong><br \/>\n1.2083: kovan\u00e9 + \u017e\u00edhan\u00e9;<br \/>\n1.2358\/1.2316: kovan\u00e9 + \u017e\u00edhan\u00e9 \/ kalen\u00e9 a popou\u0161t\u011bn\u00e9<\/p>\n<p><strong>Proces taven\u00ed:<\/strong><br \/>\n1.2083\/1.2316: EAF+LF+VD+ESR;<br \/>\n1.2358: EAF+LF+VD<\/p>\n<p><strong>Tvrdost:<\/strong><br \/>\n1.2083: &lt;= 241 HB;<br \/>\n1.2316: 265-310 HB;<br \/>\n1.2358: 280-325 HB<\/p>\n<p><strong>Povrch:<\/strong><br \/>\n4 strany nahrubo naklepan\u00e9<\/p>\n<p><strong>Tolerance:<\/strong><br \/>\nTlou\u0161\u0165ka (+3\/-0 mm);<br \/>\n\u0160\u00ed\u0159ka (+5\/-0 mm)<\/p>\n<p><strong>Test v USA:<\/strong><br \/>\nsvt. SEP 1921-84 D\/d<\/p>\n<p><strong>Osv\u011bd\u010den\u00ed o pr\u00e1ci:<\/strong><br \/>\nEN10204 3.1<\/p>\n<div><img loading=\"lazy\" decoding=\"async\" class=\"alignnone wp-image-12374 size-full\" src=\"https:\/\/messametall.com\/wp-content\/uploads\/2024\/06\/Bild-3-Werkstoff-Blocke.jpg\" alt=\"\" width=\"323\" height=\"103\"><\/div>\n<\/div>\n<p>[\/vc_column_text][\/vc_column][\/vc_row]<\/p>\n<\/div>","protected":false},"excerpt":{"rendered":"<p>[vc_row][vc_column][vc_column_text] 1.N\u00e1strojov\u00e1 ocel MessaMetall v\u00e1m nab\u00edz\u00ed p\u016fsobiv\u00e9 z\u00e1soby n\u00e1strojov\u00e9 oceli (v\u00edce ne\u017e 7 000 tun trvale skladem). Program dod\u00e1vek: Ocel pro pr\u00e1ci za studena, ocel pro pr\u00e1ci za tepla. Kruhov\u00e1 ocel: kalen\u00e1, \u017e\u00edhan\u00e1, v\u00e1lcovan\u00e1, kovan\u00e1, loupan\u00e1, ta\u017een\u00e1, soustru\u017een\u00e1 Ploch\u00e1 ocel: kalen\u00e1, \u017e\u00edhan\u00e1, v\u00e1lcovan\u00e1, kovan\u00e1, fr\u00e9zovan\u00e1 Program skladov\u00e1n\u00ed: 1.2080 kruhov\u00e9, 1.2080 ploch\u00e9, 1.2210 kruhov\u00e9, 1.2311 ploch\u00e9, [&hellip;]<\/p>\n","protected":false},"author":1,"featured_media":0,"parent":12999,"menu_order":0,"comment_status":"closed","ping_status":"closed","template":"","meta":{"footnotes":""},"class_list":["post-13261","page","type-page","status-publish","hentry"],"yoast_head":"<!-- This site is optimized with the Yoast SEO plugin v27.4 - https:\/\/yoast.com\/product\/yoast-seo-wordpress\/ -->\n<title>N\u00e1strojov\u00e1 ocel - MessaMetall - Metallh\u00e4ndler der Sie begleitet<\/title>\n<meta name=\"robots\" content=\"index, follow, max-snippet:-1, max-image-preview:large, max-video-preview:-1\" \/>\n<link rel=\"canonical\" href=\"https:\/\/messametall.com\/it\/prodotti\/acciaio-per-utensili\/\" \/>\n<meta property=\"og:locale\" content=\"cs_CZ\" \/>\n<meta property=\"og:type\" content=\"article\" \/>\n<meta property=\"og:title\" content=\"N\u00e1strojov\u00e1 ocel - MessaMetall - Metallh\u00e4ndler der Sie begleitet\" \/>\n<meta property=\"og:description\" content=\"[vc_row][vc_column][vc_column_text] 1.N\u00e1strojov\u00e1 ocel MessaMetall v\u00e1m nab\u00edz\u00ed p\u016fsobiv\u00e9 z\u00e1soby n\u00e1strojov\u00e9 oceli (v\u00edce ne\u017e 7 000 tun trvale skladem). Program dod\u00e1vek: Ocel pro pr\u00e1ci za studena, ocel pro pr\u00e1ci za tepla. Kruhov\u00e1 ocel: kalen\u00e1, \u017e\u00edhan\u00e1, v\u00e1lcovan\u00e1, kovan\u00e1, loupan\u00e1, ta\u017een\u00e1, soustru\u017een\u00e1 Ploch\u00e1 ocel: kalen\u00e1, \u017e\u00edhan\u00e1, v\u00e1lcovan\u00e1, kovan\u00e1, fr\u00e9zovan\u00e1 Program skladov\u00e1n\u00ed: 1.2080 kruhov\u00e9, 1.2080 ploch\u00e9, 1.2210 kruhov\u00e9, 1.2311 ploch\u00e9, [&hellip;]\" \/>\n<meta property=\"og:url\" content=\"https:\/\/messametall.com\/it\/prodotti\/acciaio-per-utensili\/\" \/>\n<meta property=\"og:site_name\" content=\"MessaMetall - Metallh\u00e4ndler der Sie begleitet\" \/>\n<meta property=\"article:modified_time\" content=\"2024-06-07T11:12:05+00:00\" \/>\n<meta property=\"og:image\" content=\"https:\/\/messametall.com\/wp-content\/uploads\/2024\/06\/Bild-1-Werkzeugstahl-1.jpg\" \/>\n<meta name=\"twitter:card\" content=\"summary_large_image\" \/>\n<meta name=\"twitter:label1\" content=\"Odhadovan\u00e1 doba \u010dten\u00ed\" \/>\n\t<meta name=\"twitter:data1\" content=\"1 minuta\" \/>\n<script type=\"application\/ld+json\" class=\"yoast-schema-graph\">{\"@context\":\"https:\\\/\\\/schema.org\",\"@graph\":[{\"@type\":\"WebPage\",\"@id\":\"https:\\\/\\\/messametall.com\\\/it\\\/prodotti\\\/acciaio-per-utensili\\\/\",\"url\":\"https:\\\/\\\/messametall.com\\\/it\\\/prodotti\\\/acciaio-per-utensili\\\/\",\"name\":\"N\u00e1strojov\u00e1 ocel - MessaMetall - Metallh\u00e4ndler der Sie begleitet\",\"isPartOf\":{\"@id\":\"https:\\\/\\\/messametall.com\\\/#website\"},\"primaryImageOfPage\":{\"@id\":\"https:\\\/\\\/messametall.com\\\/it\\\/prodotti\\\/acciaio-per-utensili\\\/#primaryimage\"},\"image\":{\"@id\":\"https:\\\/\\\/messametall.com\\\/it\\\/prodotti\\\/acciaio-per-utensili\\\/#primaryimage\"},\"thumbnailUrl\":\"https:\\\/\\\/messametall.com\\\/wp-content\\\/uploads\\\/2024\\\/06\\\/Bild-1-Werkzeugstahl-1.jpg\",\"datePublished\":\"2024-04-23T05:59:36+00:00\",\"dateModified\":\"2024-06-07T11:12:05+00:00\",\"breadcrumb\":{\"@id\":\"https:\\\/\\\/messametall.com\\\/it\\\/prodotti\\\/acciaio-per-utensili\\\/#breadcrumb\"},\"inLanguage\":\"cs\",\"potentialAction\":[{\"@type\":\"ReadAction\",\"target\":[\"https:\\\/\\\/messametall.com\\\/it\\\/prodotti\\\/acciaio-per-utensili\\\/\"]}]},{\"@type\":\"ImageObject\",\"inLanguage\":\"cs\",\"@id\":\"https:\\\/\\\/messametall.com\\\/it\\\/prodotti\\\/acciaio-per-utensili\\\/#primaryimage\",\"url\":\"https:\\\/\\\/messametall.com\\\/wp-content\\\/uploads\\\/2024\\\/06\\\/Bild-1-Werkzeugstahl-1.jpg\",\"contentUrl\":\"https:\\\/\\\/messametall.com\\\/wp-content\\\/uploads\\\/2024\\\/06\\\/Bild-1-Werkzeugstahl-1.jpg\"},{\"@type\":\"BreadcrumbList\",\"@id\":\"https:\\\/\\\/messametall.com\\\/it\\\/prodotti\\\/acciaio-per-utensili\\\/#breadcrumb\",\"itemListElement\":[{\"@type\":\"ListItem\",\"position\":1,\"name\":\"Startseite\",\"item\":\"https:\\\/\\\/messametall.com\\\/cs\\\/\"},{\"@type\":\"ListItem\",\"position\":2,\"name\":\"Produkty\",\"item\":\"https:\\\/\\\/messametall.com\\\/it\\\/prodotti\\\/\"},{\"@type\":\"ListItem\",\"position\":3,\"name\":\"N\u00e1strojov\u00e1 ocel\"}]},{\"@type\":\"WebSite\",\"@id\":\"https:\\\/\\\/messametall.com\\\/#website\",\"url\":\"https:\\\/\\\/messametall.com\\\/\",\"name\":\"MessaMetall - Metallh\u00e4ndler der Sie begleitet\",\"description\":\"Metallh\u00e4ndler aus krefeld\",\"potentialAction\":[{\"@type\":\"SearchAction\",\"target\":{\"@type\":\"EntryPoint\",\"urlTemplate\":\"https:\\\/\\\/messametall.com\\\/?s={search_term_string}\"},\"query-input\":{\"@type\":\"PropertyValueSpecification\",\"valueRequired\":true,\"valueName\":\"search_term_string\"}}],\"inLanguage\":\"cs\"}]}<\/script>\n<!-- \/ Yoast SEO plugin. -->","yoast_head_json":{"title":"N\u00e1strojov\u00e1 ocel - MessaMetall - Metallh\u00e4ndler der Sie begleitet","robots":{"index":"index","follow":"follow","max-snippet":"max-snippet:-1","max-image-preview":"max-image-preview:large","max-video-preview":"max-video-preview:-1"},"canonical":"https:\/\/messametall.com\/it\/prodotti\/acciaio-per-utensili\/","og_locale":"cs_CZ","og_type":"article","og_title":"N\u00e1strojov\u00e1 ocel - MessaMetall - Metallh\u00e4ndler der Sie begleitet","og_description":"[vc_row][vc_column][vc_column_text] 1.N\u00e1strojov\u00e1 ocel MessaMetall v\u00e1m nab\u00edz\u00ed p\u016fsobiv\u00e9 z\u00e1soby n\u00e1strojov\u00e9 oceli (v\u00edce ne\u017e 7 000 tun trvale skladem). Program dod\u00e1vek: Ocel pro pr\u00e1ci za studena, ocel pro pr\u00e1ci za tepla. Kruhov\u00e1 ocel: kalen\u00e1, \u017e\u00edhan\u00e1, v\u00e1lcovan\u00e1, kovan\u00e1, loupan\u00e1, ta\u017een\u00e1, soustru\u017een\u00e1 Ploch\u00e1 ocel: kalen\u00e1, \u017e\u00edhan\u00e1, v\u00e1lcovan\u00e1, kovan\u00e1, fr\u00e9zovan\u00e1 Program skladov\u00e1n\u00ed: 1.2080 kruhov\u00e9, 1.2080 ploch\u00e9, 1.2210 kruhov\u00e9, 1.2311 ploch\u00e9, [&hellip;]","og_url":"https:\/\/messametall.com\/it\/prodotti\/acciaio-per-utensili\/","og_site_name":"MessaMetall - Metallh\u00e4ndler der Sie begleitet","article_modified_time":"2024-06-07T11:12:05+00:00","og_image":[{"url":"https:\/\/messametall.com\/wp-content\/uploads\/2024\/06\/Bild-1-Werkzeugstahl-1.jpg","type":"","width":"","height":""}],"twitter_card":"summary_large_image","twitter_misc":{"Odhadovan\u00e1 doba \u010dten\u00ed":"1 minuta"},"schema":{"@context":"https:\/\/schema.org","@graph":[{"@type":"WebPage","@id":"https:\/\/messametall.com\/it\/prodotti\/acciaio-per-utensili\/","url":"https:\/\/messametall.com\/it\/prodotti\/acciaio-per-utensili\/","name":"N\u00e1strojov\u00e1 ocel - MessaMetall - Metallh\u00e4ndler der Sie begleitet","isPartOf":{"@id":"https:\/\/messametall.com\/#website"},"primaryImageOfPage":{"@id":"https:\/\/messametall.com\/it\/prodotti\/acciaio-per-utensili\/#primaryimage"},"image":{"@id":"https:\/\/messametall.com\/it\/prodotti\/acciaio-per-utensili\/#primaryimage"},"thumbnailUrl":"https:\/\/messametall.com\/wp-content\/uploads\/2024\/06\/Bild-1-Werkzeugstahl-1.jpg","datePublished":"2024-04-23T05:59:36+00:00","dateModified":"2024-06-07T11:12:05+00:00","breadcrumb":{"@id":"https:\/\/messametall.com\/it\/prodotti\/acciaio-per-utensili\/#breadcrumb"},"inLanguage":"cs","potentialAction":[{"@type":"ReadAction","target":["https:\/\/messametall.com\/it\/prodotti\/acciaio-per-utensili\/"]}]},{"@type":"ImageObject","inLanguage":"cs","@id":"https:\/\/messametall.com\/it\/prodotti\/acciaio-per-utensili\/#primaryimage","url":"https:\/\/messametall.com\/wp-content\/uploads\/2024\/06\/Bild-1-Werkzeugstahl-1.jpg","contentUrl":"https:\/\/messametall.com\/wp-content\/uploads\/2024\/06\/Bild-1-Werkzeugstahl-1.jpg"},{"@type":"BreadcrumbList","@id":"https:\/\/messametall.com\/it\/prodotti\/acciaio-per-utensili\/#breadcrumb","itemListElement":[{"@type":"ListItem","position":1,"name":"Startseite","item":"https:\/\/messametall.com\/cs\/"},{"@type":"ListItem","position":2,"name":"Produkty","item":"https:\/\/messametall.com\/it\/prodotti\/"},{"@type":"ListItem","position":3,"name":"N\u00e1strojov\u00e1 ocel"}]},{"@type":"WebSite","@id":"https:\/\/messametall.com\/#website","url":"https:\/\/messametall.com\/","name":"MessaMetall - Metallh\u00e4ndler der Sie begleitet","description":"Metallh\u00e4ndler aus krefeld","potentialAction":[{"@type":"SearchAction","target":{"@type":"EntryPoint","urlTemplate":"https:\/\/messametall.com\/?s={search_term_string}"},"query-input":{"@type":"PropertyValueSpecification","valueRequired":true,"valueName":"search_term_string"}}],"inLanguage":"cs"}]}},"_links":{"self":[{"href":"https:\/\/messametall.com\/cs\/wp-json\/wp\/v2\/pages\/13261","targetHints":{"allow":["GET"]}}],"collection":[{"href":"https:\/\/messametall.com\/cs\/wp-json\/wp\/v2\/pages"}],"about":[{"href":"https:\/\/messametall.com\/cs\/wp-json\/wp\/v2\/types\/page"}],"author":[{"embeddable":true,"href":"https:\/\/messametall.com\/cs\/wp-json\/wp\/v2\/users\/1"}],"replies":[{"embeddable":true,"href":"https:\/\/messametall.com\/cs\/wp-json\/wp\/v2\/comments?post=13261"}],"version-history":[{"count":14,"href":"https:\/\/messametall.com\/cs\/wp-json\/wp\/v2\/pages\/13261\/revisions"}],"predecessor-version":[{"id":13694,"href":"https:\/\/messametall.com\/cs\/wp-json\/wp\/v2\/pages\/13261\/revisions\/13694"}],"up":[{"embeddable":true,"href":"https:\/\/messametall.com\/cs\/wp-json\/wp\/v2\/pages\/12999"}],"wp:attachment":[{"href":"https:\/\/messametall.com\/cs\/wp-json\/wp\/v2\/media?parent=13261"}],"curies":[{"name":"wp","href":"https:\/\/api.w.org\/{rel}","templated":true}]}}