{"id":12879,"date":"2024-04-22T18:19:37","date_gmt":"2024-04-22T16:19:37","guid":{"rendered":"https:\/\/messametall.com\/productos\/acero-inoxidable\/"},"modified":"2024-06-07T13:12:04","modified_gmt":"2024-06-07T11:12:04","slug":"acero-inoxidable","status":"publish","type":"page","link":"https:\/\/messametall.com\/es\/productos\/acero-inoxidable\/","title":{"rendered":"Acero inoxidable"},"content":{"rendered":"<div class=\"wpb-content-wrapper\"><p>[vc_row][vc_column][vc_column_text]<\/p>\n<div id=\"bk31\" class=\"bk-widget widget-content widget-content-48FT44\">\n<p><strong><br \/>\n  <span style=\"color: #4a94af; font-size: 18px; line-height: 20px;\">Aleaciones de acero inoxidable, n\u00edquel y titanio<br \/>\n<\/span><br \/>\n<\/strong><strong>MessaMetall<\/strong> te ofrece un impresionante stock de acero inoxidable redondo, plano, cuadrado, hexagonal, en \u00e1ngulo y alambre (m\u00e1s de 8.000 toneladas en stock permanente).<\/p>\n<p>&nbsp;<\/p>\n<p><span style=\"color: #4a94af; font-size: 18px;\"><strong>1. chapa gruesa inoxidable, grosor de 3 a 130 mm<\/strong><\/span><\/p>\n<p><span style=\"color: #4a94af; font-size: 18px;\"><strong>Programa del campamento:<\/strong><\/span><\/p>\n<p>1,4301 [Z6CN18-09 (304)], 1,4307 [1 .4307 Z2CN18-10 (304L)], 1,4401 [Z6CND17-11 (316)],<\/p>\n<p>1,4404 [Z2CND17-12-2 (316L)], 1,4410 [Z6CND17-11 (316)], 1,4462 (Z3CND22-05 Az),<\/p>\n<p>1,4539 (Z2CNDU25-20), 1,4541 [Z6CNT18-10 (321)], 1,4571 [Z6CNDT17-12 (316Ti)],<\/p>\n<p>1,4841 [Z15CNS25-20 (314)], 1,4828 [Z15CNS20-12 (309)], 1,4878 [Z6CNT18-12 (321H)],<\/p>\n<p>2507, UNS 31803, S32205, AISI 2205, UNS 32750, 309L, UNS N08904.<\/p>\n<p>&nbsp;<\/p>\n<p><span style=\"color: #4a94af; font-size: 18px;\"><strong>Programa de entrega:<\/strong><\/span><\/p>\n<p>Chapas Quarto &#8211; D\u00faplex &#8211; Superd\u00faplex &#8211; Chapas termorresistentes &#8211; Uranus B6<\/p>\n<p><strong><span style=\"font-size: 18px;\">Placas cuarto en formatos est\u00e1ndar<\/span><\/strong><\/p>\n<p><span style=\"font-size: 14px; color: #302f2f;\">1,4301 [Z6CN18-09 (304)], 1,4307 [Z2CN18-10 (304L)], 1,4541 [Z6CNT18-10 (321)],<br \/>\n1,4878 [Z6CNT18-12 (321H)], 1,4401 [Z6CND17-11 (316)], 1,4404 [Z2CND17-12-2 (316L)],<br \/>\n1.4571 [Z6CNDT17-12 (316Ti)].<\/span><strong><span style=\"font-size: 18px;\"><br \/>\n<\/span><\/strong><\/p>\n<p><strong><span style=\"font-size: 18px;\"><img loading=\"lazy\" decoding=\"async\" class=\"alignnone wp-image-12324 size-full\" src=\"https:\/\/messametall.com\/wp-content\/uploads\/2024\/06\/Bild-1-Quartobleche-in-Standardformaten-3.jpg\" alt=\"\" width=\"493\" height=\"444\"><\/span><\/strong><\/p>\n<p><strong><span style=\"font-size: 18px;\">Placas de cuarto de longitud fija*.<\/span><\/strong><\/p>\n<\/div>\n<p><img loading=\"lazy\" decoding=\"async\" class=\"alignnone wp-image-12327 size-full\" src=\"https:\/\/messametall.com\/wp-content\/uploads\/2024\/06\/Bild-2-Fixlange-Quartobleche-3.jpg\" alt=\"\" width=\"465\" height=\"217\"><\/p>\n<div id=\"bk31\" class=\"bk-widget widget-content widget-content-48FT44\">\n<p>* Los cortamos r\u00e1pidamente a la longitud que desees<\/p>\n<\/div>\n<div id=\"bk36\" class=\"bk-widget widget-content widget-content-92YT0S\">\n<p><strong><span style=\"font-size: 18px;\">D\u00faplex<\/span><\/strong><\/p>\n<p><span style=\"color: #302f2f; font-size: 14px;\">1.4462 (Z3CND22-05 Az), UNS 31803, S32205, AISI 2205.<strong><br \/>\n<\/strong><\/span><\/p>\n<p><strong><span style=\"font-size: 18px;\"><img loading=\"lazy\" decoding=\"async\" class=\"alignnone wp-image-12330 size-full\" src=\"https:\/\/messametall.com\/wp-content\/uploads\/2024\/06\/Bild-3-Duplex-3.jpg\" alt=\"\" width=\"493\" height=\"370\"><\/span><\/strong><\/p>\n<p><strong><span style=\"font-size: 18px;\">Superd\u00faplex<\/span><\/strong><\/p>\n<p><span style=\"font-size: 14px; color: #302f2f;\">1.4410 [Z6CND17-11 (316)], 2507, UNS 32750.<br \/>\n<\/span><\/p>\n<\/div>\n<p><strong><span style=\"font-size: 18px;\"><img loading=\"lazy\" decoding=\"async\" class=\"alignnone wp-image-12333 size-full\" src=\"https:\/\/messametall.com\/wp-content\/uploads\/2024\/06\/Bild-4-Super-Duplex-3.jpg\" alt=\"\" width=\"493\" height=\"370\"><\/span><\/strong><\/p>\n<p><strong><span style=\"font-size: 18px;\">Chapas resistentes al calor<\/span><\/strong><\/p>\n<p><span style=\"font-size: 14px; color: #302f2f;\">1,4828 [Z15CNS20-12 (309)], 1,4841 [Z15CNS25-20 (314)].<br \/>\n<\/span><\/p>\n<p><strong><span style=\"font-size: 18px;\"><img loading=\"lazy\" decoding=\"async\" class=\"alignnone wp-image-12336 size-full\" src=\"https:\/\/messametall.com\/wp-content\/uploads\/2024\/06\/Bild-5-Hitzebestandige-Bleche-3.jpg\" alt=\"\" width=\"493\" height=\"370\"><\/span><\/strong><\/p>\n<p><strong><span style=\"font-size: 18px;\">Urano B6<\/span><\/strong><\/p>\n<p><span style=\"font-size: 14px; color: #302f2f;\">1.4539 (Z2CNDU25-20), 309L, UNS N08904.<br \/>\n<\/span><\/p>\n<p><img loading=\"lazy\" decoding=\"async\" class=\"alignnone wp-image-12339 size-full\" src=\"https:\/\/messametall.com\/wp-content\/uploads\/2024\/06\/Bild-6-Uranus-B6-3.jpg\" alt=\"\" width=\"493\" height=\"370\"><\/p>\n<p>&nbsp;<\/p>\n<p><strong><span style=\"color: #4a94af; font-size: 18px;\">2. chapa de acero inoxidable, espesor de 0,3 a 8 mm<\/span><\/strong><\/p>\n<div><strong style=\"color: #4a94af; font-size: 18px;\">Programa de almacenamiento:<\/strong><\/div>\n<div>\n<p>1.4016, 1.4301, 1.4404, 1.4509, 1.4512, 1.4541, 1.4571, 1.4828, 1.4841, 1.4878.<\/p>\n<\/div>\n<p>&nbsp;<\/p>\n<div id=\"bk45\" class=\"bk-widget widget-content widget-content-5FDA5E\">\n<p><strong><span style=\"color: #4a94af; font-size: 18px;\">3<\/span><\/strong><strong><span style=\"color: #4a94af; font-size: 18px;\">. Banda cortada de acero inoxidable, grosor de 0,3 a 8 mm<\/span><\/strong><\/p>\n<div><strong><span style=\"color: #4a94af; font-size: 18px;\">Programa de almacenamiento:<\/span><\/strong><\/div>\n<div>\n<p>1.4016 (430), 1.4301 (304), 1.4307 (304L), 1.4401 (316), 1.4404 (316L), 1.4541 (321), 1.4571 (316 Ti),<\/p>\n<p>1,4016 (430), 1,4512 (409), 1,4113 (434), 1,4509 (441), 1,4510 (430TI), 1,4511 (430NB), 1,4512 (409), 1,4520.<\/p>\n<p>&nbsp;<\/p>\n<\/div>\n<\/div>\n<div id=\"bk46\" class=\"bk-widget widget-content widget-content-223QT4\">\n<p><strong><span style=\"color: #4a94af; font-size: 18px;\">4<\/span><\/strong><strong><span style=\"color: #4a94af; font-size: 18px;\">. Tubo de acero inoxidable<\/span><\/strong><\/p>\n<div><span style=\"color: #4a94af;\"><span style=\"font-size: 18px;\"><b>Programa de almacenamiento:<\/b><\/span><\/span><\/div>\n<div>\n<p>1.4301, 1.4404, 1.4571.<\/p>\n<\/div>\n<\/div>\n<div id=\"bk47\" class=\"bk-widget widget-content widget-content-36TFD7\">\n<p><span style=\"color: #4a94af; font-size: 18px;\"><strong><br \/>\n5. aceros inoxidables redondo, plano, cuadrado, hexagonal y angular<\/strong><\/span><\/p>\n<div><strong style=\"color: #4a94af; font-size: 18px;\">Programa de almacenamiento:<\/strong><\/div>\n<div>\n<p>1.4057, 1.4104, 1.4112, 1.4122, 1.4301, 1.4305, 1.4404, 1.4410, 1.4418, 1.4435, 1.4460, 1.4462, 1.4501, 1.4529, 1.4539, 1.4541, 1.4542, 1.4547, 1.4571, 1.4742, 1.4828, 1.4835, 1.4841, 1.4913, 1.4923.<\/p>\n<\/div>\n<p>&nbsp;<\/p>\n<p><strong><span style=\"font-size: 18px;\">Inoxidable redondo<\/span><\/strong><\/p>\n<\/div>\n<p><strong><span style=\"font-size: 18px;\"><img loading=\"lazy\" decoding=\"async\" class=\"alignnone wp-image-12342 size-full\" src=\"https:\/\/messametall.com\/wp-content\/uploads\/2024\/06\/Bild-7-Rostfreier-Rund-3.jpg\" alt=\"\" width=\"291\" height=\"567\"><\/span><\/strong><\/p>\n<p><strong><span style=\"font-size: 18px;\">Acero inoxidable plano<\/span><\/strong><\/p>\n<p><strong><span style=\"font-size: 18px;\"><img loading=\"lazy\" decoding=\"async\" class=\"alignnone wp-image-12345 size-full\" src=\"https:\/\/messametall.com\/wp-content\/uploads\/2024\/06\/Bild-8-Rostfreier-Flach-3.jpg\" alt=\"\" width=\"319\" height=\"247\"><\/span><\/strong><\/p>\n<p><strong><span style=\"font-size: 18px;\">Cuadrado de acero inoxidable<\/span><\/strong><\/p>\n<p><strong><span style=\"font-size: 18px;\"><img loading=\"lazy\" decoding=\"async\" class=\"alignnone wp-image-12348 size-full\" src=\"https:\/\/messametall.com\/wp-content\/uploads\/2024\/06\/Bild-9-Rostfreier-Vierkant-3.jpg\" alt=\"\" width=\"291\" height=\"198\"><\/span><\/strong><\/p>\n<p><strong><span style=\"font-size: 18px;\">Hex\u00e1gono de acero inoxidable<\/span><\/strong><\/p>\n<p><strong><span style=\"font-size: 18px;\"><img loading=\"lazy\" decoding=\"async\" class=\"alignnone wp-image-12351 size-full\" src=\"https:\/\/messametall.com\/wp-content\/uploads\/2024\/06\/Bild-10-Rostfreier-Sechskant-8.jpg\" alt=\"\" width=\"291\" height=\"272\"><\/span><\/strong><\/p>\n<p><strong><span style=\"font-size: 18px;\">\u00c1ngulo inoxidable<\/span><\/strong><\/p>\n<p><span style=\"color: #4a94af; font-size: 18px;\"><strong><img loading=\"lazy\" decoding=\"async\" class=\"alignnone wp-image-12354 size-full\" src=\"https:\/\/messametall.com\/wp-content\/uploads\/2024\/06\/Bild-11-Rostfreier-Winkel-3.jpg\" alt=\"\" width=\"348\" height=\"99\"><\/strong><\/span><\/p>\n<p>&nbsp;<\/p>\n<p><span style=\"color: #4a94af; font-size: 18px;\"><strong>6. alambre inoxidable<\/strong><\/span><\/p>\n<div><strong style=\"color: #4a94af; font-size: 18px;\">Programa de almacenamiento:<\/strong><\/div>\n<div>\n<p>1.4016, 1.4021, 1.4034 \/ 1.4034S, 1.4104, 1.4112, 1.4122, 1.4125, 1.4301 \/ 1.4307, 1.4305, 304CU, 1.4567, 1.4541, 1.4571, 1.4401 \/ 1.4404, 1.4578, 1.4362 \/ 1.4462, 1.4828, 1.4835, 1.4841, 1.4845.<\/p>\n<p>&nbsp;<\/p>\n<\/div>\n<div id=\"bk58\" class=\"bk-widget widget-content widget-content-78GF58\">\n<p><strong style=\"color: #4a94af; font-size: 18px;\">7. aleaciones de n\u00edquel y titanio<\/strong><\/p>\n<div>\n<p><span style=\"color: #4a94af; font-size: 18px;\"><strong>Programa de almacenamiento:<\/strong><\/span><\/p>\n<p>1,3912 (Nilo 36), 1,4529 (Aleaci\u00f3n 926), 1,4539 (Aleaci\u00f3n 904L), 1,4862 (Aleaci\u00f3n DS), 1,4876 (Aleaci\u00f3n 800H\/HT), 1,4980 (Aleaci\u00f3n 286), 2,4068 (N\u00edquel 201), 2,4360 (Aleaci\u00f3n 400), 2,4375 (Aleaci\u00f3n K500), 2,4660 (Aleaci\u00f3n 20), 2,4668 (Aleaci\u00f3n 718).4068 (N\u00edquel 201), 2.4360 (Aleaci\u00f3n 400), 2.4375 (Aleaci\u00f3n K500), 2.4660 (Aleaci\u00f3n 20), 2.4668 (Aleaci\u00f3n 718), 2.4816 (Aleaci\u00f3n 600), 2.4819 (Aleaci\u00f3n C276), 2.4851 (Aleaci\u00f3n 601), 2.4852 (Aleaci\u00f3n 925), 2.4856 (Aleaci\u00f3n 625), 2.4858 (Aleaci\u00f3n 825), 2.4869 (Ni\/Cr 80\/20), 2.4952 (Aleaci\u00f3n 80A), 3.7035 (Titanio Gr. 2), 3.7164 (Titanio Gr. 5 Ti6Al4V9), 3.7165 (Titanio Gr. 5 Ti6Al4V), Titanio Gr. 5-ELI.<\/p>\n<p>&nbsp;<\/p>\n<p><strong><span style=\"font-size: 18px;\">N\u00edquel y aleaciones de n\u00edquel<\/span><\/strong><\/p>\n<\/div>\n<div id=\"_mcePaste\" class=\"mcePaste\" style=\"position: absolute; left: -10000px; top: 0px; width: 1px; height: 1px; overflow: hidden;\">\n<h3><span lang=\"EN-GB\" style=\"font-size: 12pt; font-family: Calibri, sans-serif;\" xml:lang=\"EN-GB\"><img loading=\"lazy\" decoding=\"async\" class=\"alignnone size-medium wp-image-12360\" src=\"https:\/\/messametall.com\/wp-content\/uploads\/2024\/06\/Bild-12-Rostfreier-Nickel-und-Nickellegierungen-3-300x297.jpg\" alt=\"\" width=\"300\" height=\"284\"><img loading=\"lazy\" decoding=\"async\" class=\"alignnone size-medium wp-image-12360\" src=\"https:\/\/messametall.com\/wp-content\/uploads\/2024\/06\/Bild-12-Rostfreier-Nickel-und-Nickellegierungen-3-300x297.jpg\" alt=\"\" width=\"300\" height=\"284\">1,3912 (Nilo 36), 1,4529 (Aleaci\u00f3n 926), 1,4539 (Aleaci\u00f3n 904L), 1,4862 (Aleaci\u00f3n DS), 1,4876 (Aleaci\u00f3n 800H\/HT), 1,4980 (Aleaci\u00f3n 286), 2,4068 (N\u00edquel 201), 2,4360 (Aleaci\u00f3n 400), 2,4375 (Aleaci\u00f3n K500), 2,4660 (Aleaci\u00f3n 20), 2,4668 (Aleaci\u00f3n 718).4068 (N\u00edquel 201), 2.4360 (Aleaci\u00f3n 400), 2.4375 (Aleaci\u00f3n K500), 2.4660 (Aleaci\u00f3n 20), 2.4668 (Aleaci\u00f3n 718 ), 2.4816 (Aleaci\u00f3n 600), 2.4819 (Aleaci\u00f3n C276), 2.4851 (Aleaci\u00f3n 601), 2.4852 (Aleaci\u00f3n 925), 2.4856 (Aleaci\u00f3n 625), 2.4858 (Aleaci\u00f3n 825), 2.4869 (Ni\/Cr 80\/20), 2.4952 (Aleaci\u00f3n 80A), 3.7035 (Titanio Gr. 2), 3.7164 (Titanio Gr. 5 Ti6Al4V9) 3.7165 (Titanio Gr. 5 Ti6Al4V), Titanio Gr. 5-, Titanio Gr. 5-.ELI<\/span><\/h3>\n<\/div>\n<\/div>\n<p><img loading=\"lazy\" decoding=\"async\" class=\"alignnone wp-image-12360 size-full\" src=\"https:\/\/messametall.com\/wp-content\/uploads\/2024\/06\/Bild-12-Rostfreier-Nickel-und-Nickellegierungen-3.jpg\" alt=\"\" width=\"469\" height=\"444\"><\/p>\n<p>* Dimensi\u00f3n en mm<\/p>\n<div><\/div>\n<div id=\"bk61\" class=\"bk-widget widget-content widget-content-J0A62T\">\n<p><strong><span style=\"font-size: 18px;\">Titanio y aleaciones de titanio<\/span><\/strong><\/p>\n<\/div>\n<p><img loading=\"lazy\" decoding=\"async\" class=\"alignnone wp-image-12364 size-full\" src=\"https:\/\/messametall.com\/wp-content\/uploads\/2024\/06\/Bild-13-Rostfreier-Titan-und-Titanlegierungen-3.jpg\" alt=\"\" width=\"348\" height=\"124\"><\/p>\n<p>* Dimensi\u00f3n en mm[\/vc_column_text][\/vc_column][\/vc_row][vc_row][vc_column][\/vc_column][\/vc_row]<\/p>\n<\/div>","protected":false},"excerpt":{"rendered":"<p>[vc_row][vc_column][vc_column_text] Aleaciones de acero inoxidable, n\u00edquel y titanio MessaMetall te ofrece un impresionante stock de acero inoxidable redondo, plano, cuadrado, hexagonal, en \u00e1ngulo y alambre (m\u00e1s de 8.000 toneladas en stock permanente). &nbsp; 1. chapa gruesa inoxidable, grosor de 3 a 130 mm Programa del campamento: 1,4301 [Z6CN18-09 (304)], 1,4307 [1 .4307 Z2CN18-10 (304L)], 1,4401 [&hellip;]<\/p>\n","protected":false},"author":1,"featured_media":0,"parent":12727,"menu_order":0,"comment_status":"closed","ping_status":"closed","template":"","meta":{"footnotes":""},"class_list":["post-12879","page","type-page","status-publish","hentry"],"yoast_head":"<!-- This site is optimized with the Yoast SEO plugin v27.4 - https:\/\/yoast.com\/product\/yoast-seo-wordpress\/ -->\n<title>Acero inoxidable - MessaMetall - Metallh\u00e4ndler der Sie begleitet<\/title>\n<meta name=\"robots\" content=\"index, follow, max-snippet:-1, max-image-preview:large, max-video-preview:-1\" \/>\n<link rel=\"canonical\" href=\"https:\/\/messametall.com\/it\/prodotti\/rostfreier-stahl\/\" \/>\n<meta property=\"og:locale\" content=\"es_ES\" \/>\n<meta property=\"og:type\" content=\"article\" \/>\n<meta property=\"og:title\" content=\"Acero inoxidable - MessaMetall - Metallh\u00e4ndler der Sie begleitet\" \/>\n<meta property=\"og:description\" content=\"[vc_row][vc_column][vc_column_text] Aleaciones de acero inoxidable, n\u00edquel y titanio MessaMetall te ofrece un impresionante stock de acero inoxidable redondo, plano, cuadrado, hexagonal, en \u00e1ngulo y alambre (m\u00e1s de 8.000 toneladas en stock permanente). &nbsp; 1. chapa gruesa inoxidable, grosor de 3 a 130 mm Programa del campamento: 1,4301 [Z6CN18-09 (304)], 1,4307 [1 .4307 Z2CN18-10 (304L)], 1,4401 [&hellip;]\" \/>\n<meta property=\"og:url\" content=\"https:\/\/messametall.com\/it\/prodotti\/rostfreier-stahl\/\" \/>\n<meta property=\"og:site_name\" content=\"MessaMetall - Metallh\u00e4ndler der Sie begleitet\" \/>\n<meta property=\"article:modified_time\" content=\"2024-06-07T11:12:04+00:00\" \/>\n<meta property=\"og:image\" content=\"https:\/\/messametall.com\/wp-content\/uploads\/2024\/06\/Bild-1-Quartobleche-in-Standardformaten-3.jpg\" \/>\n<meta name=\"twitter:card\" content=\"summary_large_image\" \/>\n<meta name=\"twitter:label1\" content=\"Tiempo de lectura\" \/>\n\t<meta name=\"twitter:data1\" content=\"2 minutos\" \/>\n<script type=\"application\/ld+json\" class=\"yoast-schema-graph\">{\"@context\":\"https:\\\/\\\/schema.org\",\"@graph\":[{\"@type\":\"WebPage\",\"@id\":\"https:\\\/\\\/messametall.com\\\/it\\\/prodotti\\\/rostfreier-stahl\\\/\",\"url\":\"https:\\\/\\\/messametall.com\\\/it\\\/prodotti\\\/rostfreier-stahl\\\/\",\"name\":\"Acero inoxidable - MessaMetall - Metallh\u00e4ndler der Sie begleitet\",\"isPartOf\":{\"@id\":\"https:\\\/\\\/messametall.com\\\/#website\"},\"primaryImageOfPage\":{\"@id\":\"https:\\\/\\\/messametall.com\\\/it\\\/prodotti\\\/rostfreier-stahl\\\/#primaryimage\"},\"image\":{\"@id\":\"https:\\\/\\\/messametall.com\\\/it\\\/prodotti\\\/rostfreier-stahl\\\/#primaryimage\"},\"thumbnailUrl\":\"https:\\\/\\\/messametall.com\\\/wp-content\\\/uploads\\\/2024\\\/06\\\/Bild-1-Quartobleche-in-Standardformaten-3.jpg\",\"datePublished\":\"2024-04-22T16:19:37+00:00\",\"dateModified\":\"2024-06-07T11:12:04+00:00\",\"breadcrumb\":{\"@id\":\"https:\\\/\\\/messametall.com\\\/it\\\/prodotti\\\/rostfreier-stahl\\\/#breadcrumb\"},\"inLanguage\":\"es\",\"potentialAction\":[{\"@type\":\"ReadAction\",\"target\":[\"https:\\\/\\\/messametall.com\\\/it\\\/prodotti\\\/rostfreier-stahl\\\/\"]}]},{\"@type\":\"ImageObject\",\"inLanguage\":\"es\",\"@id\":\"https:\\\/\\\/messametall.com\\\/it\\\/prodotti\\\/rostfreier-stahl\\\/#primaryimage\",\"url\":\"https:\\\/\\\/messametall.com\\\/wp-content\\\/uploads\\\/2024\\\/06\\\/Bild-1-Quartobleche-in-Standardformaten-3.jpg\",\"contentUrl\":\"https:\\\/\\\/messametall.com\\\/wp-content\\\/uploads\\\/2024\\\/06\\\/Bild-1-Quartobleche-in-Standardformaten-3.jpg\"},{\"@type\":\"BreadcrumbList\",\"@id\":\"https:\\\/\\\/messametall.com\\\/it\\\/prodotti\\\/rostfreier-stahl\\\/#breadcrumb\",\"itemListElement\":[{\"@type\":\"ListItem\",\"position\":1,\"name\":\"Startseite\",\"item\":\"https:\\\/\\\/messametall.com\\\/\"},{\"@type\":\"ListItem\",\"position\":2,\"name\":\"Productos\",\"item\":\"https:\\\/\\\/messametall.com\\\/it\\\/prodotti\\\/\"},{\"@type\":\"ListItem\",\"position\":3,\"name\":\"Acero inoxidable\"}]},{\"@type\":\"WebSite\",\"@id\":\"https:\\\/\\\/messametall.com\\\/#website\",\"url\":\"https:\\\/\\\/messametall.com\\\/\",\"name\":\"MessaMetall - Metallh\u00e4ndler der Sie begleitet\",\"description\":\"Metallh\u00e4ndler aus krefeld\",\"potentialAction\":[{\"@type\":\"SearchAction\",\"target\":{\"@type\":\"EntryPoint\",\"urlTemplate\":\"https:\\\/\\\/messametall.com\\\/?s={search_term_string}\"},\"query-input\":{\"@type\":\"PropertyValueSpecification\",\"valueRequired\":true,\"valueName\":\"search_term_string\"}}],\"inLanguage\":\"es\"}]}<\/script>\n<!-- \/ Yoast SEO plugin. -->","yoast_head_json":{"title":"Acero inoxidable - MessaMetall - Metallh\u00e4ndler der Sie begleitet","robots":{"index":"index","follow":"follow","max-snippet":"max-snippet:-1","max-image-preview":"max-image-preview:large","max-video-preview":"max-video-preview:-1"},"canonical":"https:\/\/messametall.com\/it\/prodotti\/rostfreier-stahl\/","og_locale":"es_ES","og_type":"article","og_title":"Acero inoxidable - MessaMetall - Metallh\u00e4ndler der Sie begleitet","og_description":"[vc_row][vc_column][vc_column_text] Aleaciones de acero inoxidable, n\u00edquel y titanio MessaMetall te ofrece un impresionante stock de acero inoxidable redondo, plano, cuadrado, hexagonal, en \u00e1ngulo y alambre (m\u00e1s de 8.000 toneladas en stock permanente). &nbsp; 1. chapa gruesa inoxidable, grosor de 3 a 130 mm Programa del campamento: 1,4301 [Z6CN18-09 (304)], 1,4307 [1 .4307 Z2CN18-10 (304L)], 1,4401 [&hellip;]","og_url":"https:\/\/messametall.com\/it\/prodotti\/rostfreier-stahl\/","og_site_name":"MessaMetall - Metallh\u00e4ndler der Sie begleitet","article_modified_time":"2024-06-07T11:12:04+00:00","og_image":[{"url":"https:\/\/messametall.com\/wp-content\/uploads\/2024\/06\/Bild-1-Quartobleche-in-Standardformaten-3.jpg","type":"","width":"","height":""}],"twitter_card":"summary_large_image","twitter_misc":{"Tiempo de lectura":"2 minutos"},"schema":{"@context":"https:\/\/schema.org","@graph":[{"@type":"WebPage","@id":"https:\/\/messametall.com\/it\/prodotti\/rostfreier-stahl\/","url":"https:\/\/messametall.com\/it\/prodotti\/rostfreier-stahl\/","name":"Acero inoxidable - MessaMetall - Metallh\u00e4ndler der Sie begleitet","isPartOf":{"@id":"https:\/\/messametall.com\/#website"},"primaryImageOfPage":{"@id":"https:\/\/messametall.com\/it\/prodotti\/rostfreier-stahl\/#primaryimage"},"image":{"@id":"https:\/\/messametall.com\/it\/prodotti\/rostfreier-stahl\/#primaryimage"},"thumbnailUrl":"https:\/\/messametall.com\/wp-content\/uploads\/2024\/06\/Bild-1-Quartobleche-in-Standardformaten-3.jpg","datePublished":"2024-04-22T16:19:37+00:00","dateModified":"2024-06-07T11:12:04+00:00","breadcrumb":{"@id":"https:\/\/messametall.com\/it\/prodotti\/rostfreier-stahl\/#breadcrumb"},"inLanguage":"es","potentialAction":[{"@type":"ReadAction","target":["https:\/\/messametall.com\/it\/prodotti\/rostfreier-stahl\/"]}]},{"@type":"ImageObject","inLanguage":"es","@id":"https:\/\/messametall.com\/it\/prodotti\/rostfreier-stahl\/#primaryimage","url":"https:\/\/messametall.com\/wp-content\/uploads\/2024\/06\/Bild-1-Quartobleche-in-Standardformaten-3.jpg","contentUrl":"https:\/\/messametall.com\/wp-content\/uploads\/2024\/06\/Bild-1-Quartobleche-in-Standardformaten-3.jpg"},{"@type":"BreadcrumbList","@id":"https:\/\/messametall.com\/it\/prodotti\/rostfreier-stahl\/#breadcrumb","itemListElement":[{"@type":"ListItem","position":1,"name":"Startseite","item":"https:\/\/messametall.com\/"},{"@type":"ListItem","position":2,"name":"Productos","item":"https:\/\/messametall.com\/it\/prodotti\/"},{"@type":"ListItem","position":3,"name":"Acero inoxidable"}]},{"@type":"WebSite","@id":"https:\/\/messametall.com\/#website","url":"https:\/\/messametall.com\/","name":"MessaMetall - Metallh\u00e4ndler der Sie begleitet","description":"Metallh\u00e4ndler aus krefeld","potentialAction":[{"@type":"SearchAction","target":{"@type":"EntryPoint","urlTemplate":"https:\/\/messametall.com\/?s={search_term_string}"},"query-input":{"@type":"PropertyValueSpecification","valueRequired":true,"valueName":"search_term_string"}}],"inLanguage":"es"}]}},"_links":{"self":[{"href":"https:\/\/messametall.com\/es\/wp-json\/wp\/v2\/pages\/12879","targetHints":{"allow":["GET"]}}],"collection":[{"href":"https:\/\/messametall.com\/es\/wp-json\/wp\/v2\/pages"}],"about":[{"href":"https:\/\/messametall.com\/es\/wp-json\/wp\/v2\/types\/page"}],"author":[{"embeddable":true,"href":"https:\/\/messametall.com\/es\/wp-json\/wp\/v2\/users\/1"}],"replies":[{"embeddable":true,"href":"https:\/\/messametall.com\/es\/wp-json\/wp\/v2\/comments?post=12879"}],"version-history":[{"count":6,"href":"https:\/\/messametall.com\/es\/wp-json\/wp\/v2\/pages\/12879\/revisions"}],"predecessor-version":[{"id":13779,"href":"https:\/\/messametall.com\/es\/wp-json\/wp\/v2\/pages\/12879\/revisions\/13779"}],"up":[{"embeddable":true,"href":"https:\/\/messametall.com\/es\/wp-json\/wp\/v2\/pages\/12727"}],"wp:attachment":[{"href":"https:\/\/messametall.com\/es\/wp-json\/wp\/v2\/media?parent=12879"}],"curies":[{"name":"wp","href":"https:\/\/api.w.org\/{rel}","templated":true}]}}