{"id":11812,"date":"2023-08-25T12:19:04","date_gmt":"2023-08-25T10:19:04","guid":{"rendered":"https:\/\/messametall.com\/acier-de-construction\/"},"modified":"2024-07-24T17:18:59","modified_gmt":"2024-07-24T15:18:59","slug":"acier-de-construction","status":"publish","type":"page","link":"https:\/\/messametall.com\/fr\/produits\/acier-de-construction\/","title":{"rendered":"acier de construction"},"content":{"rendered":"<div class=\"wpb-content-wrapper\"><p>[vc_row][vc_column][vc_column_text]<\/p>\n<div id=\"bk31\" class=\"bk-widget widget-content widget-content-48FT44\">\n<h3><span style=\"color: #4a94af;\"><strong>1. Aciers de construction ronds lamin\u00e9s et forg\u00e9s<\/strong><\/span><\/h3>\n<p><strong>MessaMetall<\/strong> vous propose une large gamme et un imposant stock en aciers de construction ronds (plus de 16.000 tonnes en magasin). Un excellent parc machine nous permet de r\u00e9aliser des coupes de pr\u00e9cision \u00e0 faible tol\u00e9rance, et \u00e0 forer les barres \u00e0 votre convenance.<\/p>\n<h3><span style=\"color: #4a94af;\"><strong>Programme de Livraison:<\/strong><\/span><\/h3>\n<p>Aciers sp\u00e9ciaux, aciers appropri\u00e9s \u00e0 la forge.<\/p>\n<ul>\n<li>Aciers\u00a0de construction\u00a0d&rsquo;usage g\u00e9n\u00e9ral<\/li>\n<li>Aciers trempe et revenu, alli\u00e9s et non-alli\u00e9s<\/li>\n<li>Acier de c\u00e9mentation, alli\u00e9s et non-alli\u00e9s<\/li>\n<li>Aciers au bore<\/li>\n<li>Aciers micro-alli\u00e9s<\/li>\n<\/ul>\n<p><strong>Rond:<\/strong> lamin\u00e9, lamin\u00e9 \u2013 \u00e9cro\u00fbt\u00e9, forg\u00e9, forg\u00e9 &#8211; tourn\u00e9<br \/>\n<strong>Rond:<\/strong>\u00a0aciers appropri\u00e9s \u00e0 la forge<\/p>\n<h3><span style=\"color: #4a94af;\"><strong>Gamme de produits en stock:<\/strong><\/span><\/h3>\n<p>C10, C15, C22, C35,\u00a0Ck 35, C45, C45 N, C45XM, Ck 45, C50, C60, C60+N,\u00a0Ck 60, S235, S 355, S355JO, S355J2+N, S355XM, 13CrMo4-5, 15NiCr13, 15CrMoV5-9, 16MNCR5, 16MNCR5XM,\u00a017CrNi6-6, 18CRNIMO7-6, 20MNCR5,\u00a020CrNiMo2,\u00a021CrMoV5-7, 24CrMo5, 25CrMo4, 30CRNIMO8+A,\u00a030CRNIMO8+QT, 30CrMoV9, 31CRV3, 31CRMOV9+QT,\u00a034CRNIMO6+A, 34CRNIMO6+QT, 34Cr4, 34CrMo4, 34CrAlNi7-10<\/p>\n<p>35NiCrMoV12-5, 36CRB4, 41Cr4,\u00a042CRMO4, 42CRMO4+QT, 50CrMo4, 51CrV4,\u00a0SAE 1020, SAE 1045,\u00a0EN3B (070M20), EN8 (080M40), ZF1, ZF1A, ZF7B.<\/p>\n<p>&nbsp;<\/p>\n<\/div>\n<div id=\"bk40\" class=\"bk-widget widget-content widget-content-84068A\">\n<p><strong>Rond pour usinage &#8211; Rond lamin\u00e9, en partie \u00e9cro\u00fbt\u00e9 &#8211; Rond lamin\u00e9, alli\u00e9s CA &#8211; Rond forg\u00e9, tourn\u00e9 &#8211; Aciers appropri\u00e9s \u00e0 la forge<\/strong><\/p>\n<\/div>\n<div><img loading=\"lazy\" decoding=\"async\" class=\"alignnone wp-image-13982 size-full\" src=\"https:\/\/messametall.com\/wp-content\/uploads\/2024\/07\/tt17.png\" alt=\"\" width=\"472\" height=\"663\" \/><\/div>\n<div id=\"bk42\" class=\"bk-widget widget-content widget-content-E9R3P5\">\n<div><\/div>\n<div><\/div>\n<\/div>\n<div id=\"bk51\" class=\"bk-widget widget-content widget-content-TK7EKP\">\n<h3><span style=\"color: #4a94af;\"><strong>Usinage aciers ronds<\/strong><\/span><\/h3>\n<p><strong>Scier &#8211; \u00a0tourner \u2013 percer \u2013 fraiser \u2013 polir \u2013 centrer &#8211; planifier<\/strong><br \/>\nC\u2019est sans soucis pour nous.<\/p>\n<p>Une prompte livraison est assur\u00e9e avec l\u2019appui des partenaires de renom en traitement thermique.<br \/>\nRecuir \u2013 traiter \u2013 normaliser et bien plus&#8230;<\/p>\n<p>Le contr\u00f4le permanent de qualit\u00e9 est trivial pour nous, tout comme la livraison\u00a0<strong>\u00ab<\/strong>\u00a0Just-in-Time\u00a0\u00bb\u00a0Belieferung.<\/p>\n<p><em><strong>Sciage<\/strong><\/em><\/p>\n<p>Notre unit\u00e9 de d\u00e9bit de qualit\u00e9 et notre pr\u00e9l\u00e8vement de stock innovant garantissent une prompte livraison.<\/p>\n<p>Des coupes de pr\u00e9cision \u00e0 faible tol\u00e9rance vous assure votre pi\u00e8ce sur m\u00e9sure jusqu\u2019au rond 1.300 mm.<\/p>\n<p><em><strong>Forage<\/strong><\/em><\/p>\n<p>Notre unit\u00e9 d&rsquo;al\u00e9sage nous permet d\u2019\u00e9xecuter un diam\u00e8tre ext\u00e9rieur maximal de 860 mm, un diam\u00e8tre int\u00e9rieur maximal de 340 mm sur une longueur maximale de 3000 mm, et un poids maximal de 10 tonnes.<\/p>\n<p>Nous r\u00e9alisons les exemplaires uniques et les disques perfor\u00e9s sur nos propres installations.<\/p>\n<\/div>\n<div id=\"bk52\" class=\"bk-widget widget-content widget-content-19R8TC\">\n<h3><span style=\"color: #4a94af;\"><strong><br \/>\n2. Aciers de construction Billette<\/strong><\/span><\/h3>\n<p><strong>MessaMetall<\/strong>\u00a0vous propose une large gamme et un imposant stock en aciers de construction Billette appropri\u00e9e \u00e0 la forge.<\/p>\n<h3><span style=\"color: #4a94af;\"><strong>Gamme de produits en stock:<\/strong><\/span><\/h3>\n<p>S355J2, C45R, 42CrMo4, ST3SP.<\/p>\n<\/div>\n<div id=\"bk54\" class=\"bk-widget widget-content widget-content-BLMP9V\">\n<p><img loading=\"lazy\" decoding=\"async\" class=\"alignnone wp-image-13901 size-full\" src=\"https:\/\/messametall.com\/wp-content\/uploads\/2024\/07\/tt.jpg\" alt=\"\" width=\"368\" height=\"620\" \/><\/p>\n<h3><strong><span style=\"color: #4a94af;\">3. Aciers de construction Poutrelle<\/span><\/strong><\/h3>\n<p><strong>MessaMetall<\/strong>\u00a0vous propose une large gamme et un imposant stock en aciers de construction Poutrelle.<\/p>\n<h3><span style=\"color: #4a94af;\"><strong>Gamme de produits en stock:<\/strong><\/span><\/h3>\n<p>S235JR+AR IPBI240,\u00a0S235JR+AR IPB240,\u00a0S235JR+AR IPE300,\u00a0S235JR+AR IPBI200,\u00a0S235JR+AR IPB300,\u00a0S235JR+AR IPB200,\u00a0S235JR+AR IPB240,\u00a0S235JR+AR IPE180,\u00a0S235JR+AR IPE200,\u00a0S235JR+AR IPBI180.<\/p>\n<\/div>\n<div id=\"bk56\" class=\"bk-widget widget-content widget-content-C5VN55\">\n<p><img loading=\"lazy\" decoding=\"async\" class=\"alignnone wp-image-13909 size-medium\" src=\"https:\/\/messametall.com\/wp-content\/uploads\/2024\/07\/tt2-300x294.jpg\" alt=\"\" width=\"300\" height=\"294\" \/><\/p>\n<h3><strong><span style=\"color: #4a94af;\">4. Aciers de construction T\u00f4le<\/span><\/strong><\/h3>\n<p><strong>MessaMetall<\/strong>\u00a0vous propose une large gamme et un imposant stock en aciers de construction T\u00f4le.<\/p>\n<h3><span style=\"color: #4a94af;\"><strong>Gamme de produits en stock:<\/strong><\/span><\/h3>\n<p><strong>S690QL EN10025-6<\/strong><\/p>\n<\/div>\n<div id=\"bk57\" class=\"bk-widget widget-image widget-image-S28418\"><img loading=\"lazy\" decoding=\"async\" class=\"alignnone wp-image-13917 size-full\" src=\"https:\/\/messametall.com\/wp-content\/uploads\/2024\/07\/tt4.jpg\" alt=\"\" width=\"185\" height=\"909\" \/><\/div>\n<div id=\"bk58\" class=\"bk-widget widget-content widget-content-38Q3J1\">\n<p>&nbsp;<\/p>\n<p><strong>ROCKSTAR 400<\/strong><\/p>\n<\/div>\n<div id=\"bk60\" class=\"bk-widget widget-content widget-content-46IRFM\">\n<p><img loading=\"lazy\" decoding=\"async\" class=\"alignnone wp-image-13925 size-full\" src=\"https:\/\/messametall.com\/wp-content\/uploads\/2024\/07\/tt5.jpg\" alt=\"\" width=\"185\" height=\"275\" \/><\/p>\n<p><strong>ROCKSTAR 450<\/strong><\/p>\n<\/div>\n<div id=\"bk61\" class=\"bk-widget widget-image widget-image-08DP0A\"><\/div>\n<div id=\"bk62\" class=\"bk-widget widget-content widget-content-F4D5P5\">\n<p><img loading=\"lazy\" decoding=\"async\" class=\"alignnone wp-image-13933 size-full\" src=\"https:\/\/messametall.com\/wp-content\/uploads\/2024\/07\/tt6.jpg\" alt=\"\" width=\"185\" height=\"737\" \/><\/p>\n<p><strong>ROCKSTAR 500<br \/>\n<\/strong><\/p>\n<\/div>\n<div id=\"bk64\" class=\"bk-widget widget-content widget-content-59SD8Q\">\n<p><img loading=\"lazy\" decoding=\"async\" class=\"alignnone wp-image-13941 size-full\" src=\"https:\/\/messametall.com\/wp-content\/uploads\/2024\/07\/tt7.jpg\" alt=\"\" width=\"185\" height=\"447\" \/><\/p>\n<p>&nbsp;<\/p>\n<p><strong>S235JR+N<\/strong><\/p>\n<\/div>\n<div id=\"bk66\" class=\"bk-widget widget-content widget-content-SQOIE4\">\n<p><img loading=\"lazy\" decoding=\"async\" class=\"alignnone wp-image-13949 size-full\" src=\"https:\/\/messametall.com\/wp-content\/uploads\/2024\/07\/tt8.jpg\" alt=\"\" width=\"185\" height=\"102\" \/><\/p>\n<p><strong>S235J2+N<\/strong><\/p>\n<\/div>\n<div id=\"bk68\" class=\"bk-widget widget-content widget-content-FO8KU5\">\n<p><img loading=\"lazy\" decoding=\"async\" class=\"alignnone wp-image-13957 size-full\" src=\"https:\/\/messametall.com\/wp-content\/uploads\/2024\/07\/tt9.jpg\" alt=\"\" width=\"185\" height=\"505\" \/><\/p>\n<h3><strong style=\"color: #4a94af;\">5.\u00a0<strong>Aciers de construction plats, carr\u00e9s et blocs<\/strong><\/strong><\/h3>\n<h3><span style=\"color: #4a94af;\"><strong>Gamme de produits en stock:<\/strong><\/span><\/h3>\n<p>C45, 16MnCr5, 18CrMo4<strong>,<\/strong>\u00a031CrMoV9, 34CrNiMo6, 36SMn14, 42CrMo4, CSN 16346.<\/p>\n<\/div>\n<p><img loading=\"lazy\" decoding=\"async\" class=\"alignnone wp-image-13965 size-full\" src=\"https:\/\/messametall.com\/wp-content\/uploads\/2024\/07\/tt10.jpg\" alt=\"\" width=\"368\" height=\"275\" \/><\/p>\n<h3><strong><span style=\"color: #4a94af;\">6. Aciers \u00e9tir\u00e9s<\/span><\/strong><\/h3>\n<p><strong>MessaMetall<\/strong>\u00a0vous offre une large gamme et un imposant stock en\u00a0<strong>aciers \u00e9tir\u00e9s.<\/strong>.<\/p>\n<p><strong>Produits\u00a0<\/strong><\/p>\n<ul>\n<li>Acier de d\u00e9colletage<\/li>\n<li>Acier de construction m\u00e9canique<\/li>\n<li>Acier de c\u00e9mentation<\/li>\n<li>Acier tremp\u00e9<\/li>\n<li>Acier \u00e0 outils alli\u00e9 et non alli\u00e9<\/li>\n<li>Acier vis et bits<\/li>\n<li>Aciers suivant analyses sp\u00e9cifiques pour l\u2019automoblile, l&rsquo;industrie a\u00e9ronautique ect.<\/li>\n<li>Acier inoxydable, acier r\u00e9sistant \u00e0 la corrosion et aux acides<\/li>\n<\/ul>\n<p><strong>Dimensions<\/strong><\/p>\n<ul>\n<li>Rond 2 \u2013 42 mm<\/li>\n<li>Hexagonal 4 &#8211; 36 mm<\/li>\n<li>Carr\u00e9 4 &#8211; 30 mm<\/li>\n<li>Bague 2 &#8211; 45 mm<\/li>\n<li>Bobine 2 \u2013 15 mm<\/li>\n<li>Profils sp\u00e9ciaux sur demande<\/li>\n<\/ul>\n<p><strong>Traitement thermique<\/strong><\/p>\n<ul>\n<li>C- \u00e9tir\u00e9 \u00e0 froid<\/li>\n<li>A+C- recuit d\u2019adoucissement<\/li>\n<li>AC+C- recuit sph\u00e9ro\u00efde et \u00e9tir\u00e9 \u00e0 froid<\/li>\n<li>S+C- d\u00e9tendu et \u00e9tir\u00e9 \u00e0 froid<\/li>\n<li>FP+C- recuit BG et \u00e9tir\u00e9 \u00e0 froid<\/li>\n<li>C+A+C- \u00e9tir\u00e9 \u00e0 froid, recuit et \u00e9tir\u00e9 \u00e0 froid<\/li>\n<li>Rectifi\u00e9<\/li>\n<\/ul>\n<p><strong>Surface<\/strong><\/p>\n<ul>\n<li>Etir\u00e9 poli en rond suivant la tolerance ISO h11-h9-h8<\/li>\n<li>\u00c9tir\u00e9 et rectifi\u00e9 en rond suivant la tol\u00e9rence ISO h11-h9-h8-h7-h6<\/li>\n<li>\u00c9tir\u00e9 en hexagonal et carr\u00e9 suivant la tol\u00e9rence ISO h11<\/li>\n<li>\u00c9tir\u00e9 en bague et bobine suivant la tol\u00e9rence ISO h11-h9<\/li>\n<li>Profils sp\u00e9ciaux sur demande<\/li>\n<\/ul>\n<p><strong>Conditionnement \/ \u00c9tat<\/strong><\/p>\n<ul>\n<li>Longueur barres 1.500 &#8211; 6.300 respectivement 7.000 mm (-0\/+50 mm)<\/li>\n<li>Faible tol\u00e9rance sur demande<\/li>\n<li>Test fissure \u00e0 partrir de 6 mm en rond et hexagone<\/li>\n<li>Chanfrein planifi\u00e9 suivant souhait<\/li>\n<li>Poids fardeau: 1.000 &#8211; 2.000 kg<\/li>\n<li>Bague 250 &#8211; 2.000 Kg<\/li>\n<li>Bobine 500 &#8211; 2.000 kg<\/li>\n<\/ul>\n<p><strong>Nuance\/ DIN EN<\/strong><\/p>\n<ul>\n<li>Mat\u00e9riel en stock:<\/li>\n<\/ul>\n<p>11SMn30; 11SMnPb30 \u00e9galement avec TeS et Te; 11SMnPb37; S235JRG2C; S355J2G3C; C15; C35; C45; C15Pb; C35Pb; C45Pb<\/p>\n<ul>\n<li>Autres exemples de nuances offertes:<\/li>\n<\/ul>\n<p>10S20; 10SPb20; 35S20; 35SPb20; 46S20; 46SPb20; 44SMn28; 44SMnPb28; 16MnCr5; 16MnCrS5; 16MnCrS5Pb; 20MnCrS5; 34Cr4; 41Cr4; 42CrMoS4; 50CrV4; 59CrV4; 61CrSiV5; 73MoV52; 1.4104; 1.4301; 1.4401; 1.4571<\/p>\n<ul>\n<li>Autres Nuances sur demande<\/li>\n<\/ul>\n<div id=\"bk71\" class=\"bk-widget widget-content widget-content-511KBF\">\n<p>&nbsp;<\/p>\n<h3><span style=\"color: #4a94af;\"><strong>7. D&rsquo;autres aciers de construction ronds<\/strong><\/span><\/h3>\n<h3><span style=\"color: #4a94af;\"><strong>Gamme de produits en stock:<\/strong><\/span><\/h3>\n<p>C35, 13CrMo44, 14CrMoV6-9, 16MnCrS5, 17CrNiMo6, 25CrMo4, 34 CrAlNi 7-10 (1.8550), 36 NiCrMo16 (1.6773), 50CrMo4, 50CrV4 \/ 51CrV4, 100CrMnMo8 (1.3539), S420NL (1.8912), P460NL1 (1.8915), CSN 15150, OV235, AISI4340.<\/p>\n<p><img loading=\"lazy\" decoding=\"async\" class=\"alignnone wp-image-13973 size-full\" src=\"https:\/\/messametall.com\/wp-content\/uploads\/2024\/07\/tt11.jpg\" alt=\"\" width=\"429\" height=\"505\" \/><\/p>\n<\/div>\n<p>[\/vc_column_text][\/vc_column][\/vc_row]<\/p>\n<\/div>","protected":false},"excerpt":{"rendered":"<p>[vc_row][vc_column][vc_column_text] 1. Aciers de construction ronds lamin\u00e9s et forg\u00e9s MessaMetall vous propose une large gamme et un imposant stock en aciers de construction ronds (plus de 16.000 tonnes en magasin). Un excellent parc machine nous permet de r\u00e9aliser des coupes de pr\u00e9cision \u00e0 faible tol\u00e9rance, et \u00e0 forer les barres \u00e0 votre convenance. Programme de [&hellip;]<\/p>\n","protected":false},"author":1,"featured_media":0,"parent":11846,"menu_order":0,"comment_status":"closed","ping_status":"closed","template":"","meta":{"footnotes":""},"class_list":["post-11812","page","type-page","status-publish","hentry"],"yoast_head":"<!-- This site is optimized with the Yoast SEO plugin v27.4 - https:\/\/yoast.com\/product\/yoast-seo-wordpress\/ -->\n<title>acier de construction - MessaMetall - marchand de m\u00e9taux qui vous accompagne<\/title>\n<meta name=\"robots\" content=\"index, follow, max-snippet:-1, max-image-preview:large, max-video-preview:-1\" \/>\n<link rel=\"canonical\" href=\"https:\/\/messametall.com\/produkte\/edelbaustahl\/\" \/>\n<meta property=\"og:locale\" content=\"fr_FR\" \/>\n<meta property=\"og:type\" content=\"article\" \/>\n<meta property=\"og:title\" content=\"acier de construction - MessaMetall - marchand de m\u00e9taux qui vous accompagne\" \/>\n<meta property=\"og:description\" content=\"[vc_row][vc_column][vc_column_text] 1. Aciers de construction ronds lamin\u00e9s et forg\u00e9s MessaMetall vous propose une large gamme et un imposant stock en aciers de construction ronds (plus de 16.000 tonnes en magasin). Un excellent parc machine nous permet de r\u00e9aliser des coupes de pr\u00e9cision \u00e0 faible tol\u00e9rance, et \u00e0 forer les barres \u00e0 votre convenance. Programme de [&hellip;]\" \/>\n<meta property=\"og:url\" content=\"https:\/\/messametall.com\/produkte\/edelbaustahl\/\" \/>\n<meta property=\"og:site_name\" content=\"MessaMetall - marchand de m\u00e9taux qui vous accompagne\" \/>\n<meta property=\"article:modified_time\" content=\"2024-07-24T15:18:59+00:00\" \/>\n<meta property=\"og:image\" content=\"https:\/\/messametall.com\/wp-content\/uploads\/2024\/07\/tt17.png\" \/>\n<meta name=\"twitter:card\" content=\"summary_large_image\" \/>\n<meta name=\"twitter:label1\" content=\"Dur\u00e9e de lecture estim\u00e9e\" \/>\n\t<meta name=\"twitter:data1\" content=\"9 minutes\" \/>\n<script type=\"application\/ld+json\" class=\"yoast-schema-graph\">{\"@context\":\"https:\\\/\\\/schema.org\",\"@graph\":[{\"@type\":\"WebPage\",\"@id\":\"https:\\\/\\\/messametall.com\\\/produkte\\\/edelbaustahl\\\/\",\"url\":\"https:\\\/\\\/messametall.com\\\/produkte\\\/edelbaustahl\\\/\",\"name\":\"acier de construction - MessaMetall - marchand de m\u00e9taux qui vous accompagne\",\"isPartOf\":{\"@id\":\"https:\\\/\\\/messametall.com\\\/#website\"},\"primaryImageOfPage\":{\"@id\":\"https:\\\/\\\/messametall.com\\\/produkte\\\/edelbaustahl\\\/#primaryimage\"},\"image\":{\"@id\":\"https:\\\/\\\/messametall.com\\\/produkte\\\/edelbaustahl\\\/#primaryimage\"},\"thumbnailUrl\":\"https:\\\/\\\/messametall.com\\\/wp-content\\\/uploads\\\/2024\\\/07\\\/tt17.png\",\"datePublished\":\"2023-08-25T10:19:04+00:00\",\"dateModified\":\"2024-07-24T15:18:59+00:00\",\"breadcrumb\":{\"@id\":\"https:\\\/\\\/messametall.com\\\/produkte\\\/edelbaustahl\\\/#breadcrumb\"},\"inLanguage\":\"fr-FR\",\"potentialAction\":[{\"@type\":\"ReadAction\",\"target\":[\"https:\\\/\\\/messametall.com\\\/produkte\\\/edelbaustahl\\\/\"]}]},{\"@type\":\"ImageObject\",\"inLanguage\":\"fr-FR\",\"@id\":\"https:\\\/\\\/messametall.com\\\/produkte\\\/edelbaustahl\\\/#primaryimage\",\"url\":\"https:\\\/\\\/messametall.com\\\/wp-content\\\/uploads\\\/2024\\\/07\\\/tt17.png\",\"contentUrl\":\"https:\\\/\\\/messametall.com\\\/wp-content\\\/uploads\\\/2024\\\/07\\\/tt17.png\"},{\"@type\":\"BreadcrumbList\",\"@id\":\"https:\\\/\\\/messametall.com\\\/produkte\\\/edelbaustahl\\\/#breadcrumb\",\"itemListElement\":[{\"@type\":\"ListItem\",\"position\":1,\"name\":\"Startseite\",\"item\":\"https:\\\/\\\/messametall.com\\\/fr\\\/\"},{\"@type\":\"ListItem\",\"position\":2,\"name\":\"Produits\",\"item\":\"https:\\\/\\\/messametall.com\\\/produkte\\\/\"},{\"@type\":\"ListItem\",\"position\":3,\"name\":\"acier de construction\"}]},{\"@type\":\"WebSite\",\"@id\":\"https:\\\/\\\/messametall.com\\\/#website\",\"url\":\"https:\\\/\\\/messametall.com\\\/\",\"name\":\"MessaMetall - marchand de m\u00e9taux qui vous accompagne\",\"description\":\"Marchand de m\u00e9taux de Krefeld\",\"potentialAction\":[{\"@type\":\"SearchAction\",\"target\":{\"@type\":\"EntryPoint\",\"urlTemplate\":\"https:\\\/\\\/messametall.com\\\/?s={search_term_string}\"},\"query-input\":{\"@type\":\"PropertyValueSpecification\",\"valueRequired\":true,\"valueName\":\"search_term_string\"}}],\"inLanguage\":\"fr-FR\"}]}<\/script>\n<!-- \/ Yoast SEO plugin. -->","yoast_head_json":{"title":"acier de construction - MessaMetall - marchand de m\u00e9taux qui vous accompagne","robots":{"index":"index","follow":"follow","max-snippet":"max-snippet:-1","max-image-preview":"max-image-preview:large","max-video-preview":"max-video-preview:-1"},"canonical":"https:\/\/messametall.com\/produkte\/edelbaustahl\/","og_locale":"fr_FR","og_type":"article","og_title":"acier de construction - MessaMetall - marchand de m\u00e9taux qui vous accompagne","og_description":"[vc_row][vc_column][vc_column_text] 1. Aciers de construction ronds lamin\u00e9s et forg\u00e9s MessaMetall vous propose une large gamme et un imposant stock en aciers de construction ronds (plus de 16.000 tonnes en magasin). Un excellent parc machine nous permet de r\u00e9aliser des coupes de pr\u00e9cision \u00e0 faible tol\u00e9rance, et \u00e0 forer les barres \u00e0 votre convenance. Programme de [&hellip;]","og_url":"https:\/\/messametall.com\/produkte\/edelbaustahl\/","og_site_name":"MessaMetall - marchand de m\u00e9taux qui vous accompagne","article_modified_time":"2024-07-24T15:18:59+00:00","og_image":[{"url":"https:\/\/messametall.com\/wp-content\/uploads\/2024\/07\/tt17.png","type":"","width":"","height":""}],"twitter_card":"summary_large_image","twitter_misc":{"Dur\u00e9e de lecture estim\u00e9e":"9 minutes"},"schema":{"@context":"https:\/\/schema.org","@graph":[{"@type":"WebPage","@id":"https:\/\/messametall.com\/produkte\/edelbaustahl\/","url":"https:\/\/messametall.com\/produkte\/edelbaustahl\/","name":"acier de construction - MessaMetall - marchand de m\u00e9taux qui vous accompagne","isPartOf":{"@id":"https:\/\/messametall.com\/#website"},"primaryImageOfPage":{"@id":"https:\/\/messametall.com\/produkte\/edelbaustahl\/#primaryimage"},"image":{"@id":"https:\/\/messametall.com\/produkte\/edelbaustahl\/#primaryimage"},"thumbnailUrl":"https:\/\/messametall.com\/wp-content\/uploads\/2024\/07\/tt17.png","datePublished":"2023-08-25T10:19:04+00:00","dateModified":"2024-07-24T15:18:59+00:00","breadcrumb":{"@id":"https:\/\/messametall.com\/produkte\/edelbaustahl\/#breadcrumb"},"inLanguage":"fr-FR","potentialAction":[{"@type":"ReadAction","target":["https:\/\/messametall.com\/produkte\/edelbaustahl\/"]}]},{"@type":"ImageObject","inLanguage":"fr-FR","@id":"https:\/\/messametall.com\/produkte\/edelbaustahl\/#primaryimage","url":"https:\/\/messametall.com\/wp-content\/uploads\/2024\/07\/tt17.png","contentUrl":"https:\/\/messametall.com\/wp-content\/uploads\/2024\/07\/tt17.png"},{"@type":"BreadcrumbList","@id":"https:\/\/messametall.com\/produkte\/edelbaustahl\/#breadcrumb","itemListElement":[{"@type":"ListItem","position":1,"name":"Startseite","item":"https:\/\/messametall.com\/fr\/"},{"@type":"ListItem","position":2,"name":"Produits","item":"https:\/\/messametall.com\/produkte\/"},{"@type":"ListItem","position":3,"name":"acier de construction"}]},{"@type":"WebSite","@id":"https:\/\/messametall.com\/#website","url":"https:\/\/messametall.com\/","name":"MessaMetall - marchand de m\u00e9taux qui vous accompagne","description":"Marchand de m\u00e9taux de Krefeld","potentialAction":[{"@type":"SearchAction","target":{"@type":"EntryPoint","urlTemplate":"https:\/\/messametall.com\/?s={search_term_string}"},"query-input":{"@type":"PropertyValueSpecification","valueRequired":true,"valueName":"search_term_string"}}],"inLanguage":"fr-FR"}]}},"_links":{"self":[{"href":"https:\/\/messametall.com\/fr\/wp-json\/wp\/v2\/pages\/11812","targetHints":{"allow":["GET"]}}],"collection":[{"href":"https:\/\/messametall.com\/fr\/wp-json\/wp\/v2\/pages"}],"about":[{"href":"https:\/\/messametall.com\/fr\/wp-json\/wp\/v2\/types\/page"}],"author":[{"embeddable":true,"href":"https:\/\/messametall.com\/fr\/wp-json\/wp\/v2\/users\/1"}],"replies":[{"embeddable":true,"href":"https:\/\/messametall.com\/fr\/wp-json\/wp\/v2\/comments?post=11812"}],"version-history":[{"count":20,"href":"https:\/\/messametall.com\/fr\/wp-json\/wp\/v2\/pages\/11812\/revisions"}],"predecessor-version":[{"id":13990,"href":"https:\/\/messametall.com\/fr\/wp-json\/wp\/v2\/pages\/11812\/revisions\/13990"}],"up":[{"embeddable":true,"href":"https:\/\/messametall.com\/fr\/wp-json\/wp\/v2\/pages\/11846"}],"wp:attachment":[{"href":"https:\/\/messametall.com\/fr\/wp-json\/wp\/v2\/media?parent=11812"}],"curies":[{"name":"wp","href":"https:\/\/api.w.org\/{rel}","templated":true}]}}