{"id":11849,"date":"2023-08-25T13:57:38","date_gmt":"2023-08-25T11:57:38","guid":{"rendered":"https:\/\/messametall.com\/acier-inoxydable\/"},"modified":"2024-03-19T09:48:18","modified_gmt":"2024-03-19T08:48:18","slug":"acier-inoxydable","status":"publish","type":"page","link":"https:\/\/messametall.com\/fr\/produits\/acier-inoxydable\/","title":{"rendered":"Acier inoxydable"},"content":{"rendered":"<div class=\"wpb-content-wrapper\"><p>[vc_row][vc_column][vc_column_text]<\/p>\n<div id=\"bk31\" class=\"bk-widget widget-content widget-content-48FT44\">\n<p><strong><span style=\"color: #4a94af; font-size: 18px; line-height: 20px;\">Acier inoxydable, alliages de nickel et de titane<br \/>\n<\/span><\/strong> <strong>MessaMetall<\/strong> vous propose un stock impressionnant d&rsquo;acier inoxydable rond, plat, carr\u00e9, hexagone, corni\u00e8re et fil (plus de 8 000 tonnes en permanence en stock).<\/p>\n<p>&nbsp;<\/p>\n<p><span style=\"color: #4a94af; font-size: 18px;\"><strong>1. T\u00f4le forte inox, \u00e9paisseur 3 \u00e0 130 mm<\/strong><\/span><\/p>\n<p><span style=\"color: #4a94af; font-size: 18px;\"><strong>Programme de stock :<\/strong><\/span><\/p>\n<p>1.4301 [Z6CN18-09 (304)], 1.4307 [1 .4307 Z2CN18-10 (304L)], 1.4401 [Z6CND17-11 (316)],<\/p>\n<p>1.4404 [Z2CND17-12-2 (316L)], 1.4410 [Z6CND17-11 (316)], 1.4462 (Z3CND22-05 Az),<\/p>\n<p>1.4539 (Z2CNDU25-20), 1.4541 [Z6CNT18-10 (321)], 1.4571 [Z6CNDT17-12 (316Ti)],<\/p>\n<p>1.4841 [Z15CNS25-20 (314)], 1.4828 [Z15CNS20-12 (309)], 1.4878 [Z6CNT18-12 (321H)],<\/p>\n<p>2507, UNS 31803, S32205, AISI 2205, UNS 32750, 309L, UNS N08904.<\/p>\n<p>&nbsp;<\/p>\n<p><span style=\"color: #4a94af; font-size: 18px;\"><strong>Programme de livraison :<\/strong><\/span><\/p>\n<p>Plaques quarto &#8211; Duplex &#8211; Super Duplex &#8211; Plaques r\u00e9sistantes \u00e0 la chaleur &#8211; Uranus B6<\/p>\n<p><strong><span style=\"font-size: 18px;\">Plaques quarto aux formats standards<\/span><\/strong><\/p>\n<p><span style=\"font-size: 14px; color: #302f2f;\">1.4301 [Z6CN18-09 (304)], 1.4307 [Z2CN18-10 (304L)], 1.4541 [Z6CNT18-10 (321)],<br \/>\n1.4878 [Z6CNT18-12 (321H)], 1.4401 [Z6CND17-11 (316)], 1.4404 [Z2CND17-12-2 (316L)],<br \/>\n1.4571 [Z6CNDT17-12 (316Ti)].<\/span><strong><span style=\"font-size: 18px;\"><br \/>\n<\/span><\/strong><\/p>\n<\/div>\n<div id=\"bk33\" class=\"bk-widget widget-content widget-content-A60IX6\">\n<p><img loading=\"lazy\" decoding=\"async\" class=\"alignnone wp-image-12415 size-full\" src=\"https:\/\/messametall.com\/wp-content\/uploads\/2024\/01\/messa9.jpg\" alt=\"\" width=\"493\" height=\"444\" \/><\/p>\n<p><strong><span style=\"font-size: 18px;\">Plaques quarto de longueur fixe*<\/span><\/strong><\/p>\n<\/div>\n<div id=\"bk35\" class=\"bk-widget widget-content widget-content-M2L2ZE\">\n<p><img loading=\"lazy\" decoding=\"async\" class=\"alignnone wp-image-12418 size-full\" src=\"https:\/\/messametall.com\/wp-content\/uploads\/2024\/01\/messa10.jpg\" alt=\"\" width=\"465\" height=\"217\" \/><\/p>\n<p>* Nous les diviserons rapidement selon la longueur souhait\u00e9e<\/p>\n<\/div>\n<div id=\"bk36\" class=\"bk-widget widget-content widget-content-92YT0S\">\n<p><strong><span style=\"font-size: 18px;\">Duplex<\/span><\/strong><\/p>\n<p><span style=\"color: #302f2f; font-size: 14px;\">1.4462 (Z3CND22-05 Az), UNS 31803, S32205, AISI 2205.<strong><br \/>\n<\/strong><\/span><\/p>\n<\/div>\n<div id=\"bk38\" class=\"bk-widget widget-content widget-content-P3Z1FM\">\n<p><strong><span style=\"font-size: 18px;\"><img loading=\"lazy\" decoding=\"async\" class=\"alignnone wp-image-12421 size-full\" src=\"https:\/\/messametall.com\/wp-content\/uploads\/2024\/01\/messa11.jpg\" alt=\"\" width=\"493\" height=\"370\" \/><\/span><\/strong><\/p>\n<p><strong><span style=\"font-size: 18px;\">Superbe duplex<\/span><\/strong><\/p>\n<p><span style=\"font-size: 14px; color: #302f2f;\">1.4410 [Z6CND17-11 (316)], 2507, UNS 32750.<br \/>\n<\/span><\/p>\n<\/div>\n<div id=\"bk40\" class=\"bk-widget widget-content widget-content-I65J96\">\n<p><strong><span style=\"font-size: 18px;\"><img loading=\"lazy\" decoding=\"async\" class=\"alignnone wp-image-12424 size-full\" src=\"https:\/\/messametall.com\/wp-content\/uploads\/2024\/01\/messa12.jpg\" alt=\"\" width=\"493\" height=\"370\" \/><\/span><\/strong><\/p>\n<p><strong><span style=\"font-size: 18px;\">Feuilles r\u00e9sistantes \u00e0 la chaleur<\/span><\/strong><\/p>\n<p><span style=\"font-size: 14px; color: #302f2f;\"><img loading=\"lazy\" decoding=\"async\" class=\"alignnone wp-image-12427 size-full\" src=\"https:\/\/messametall.com\/wp-content\/uploads\/2024\/01\/messa13.jpg\" alt=\"\" width=\"493\" height=\"370\" \/><\/span><\/p>\n<p><span style=\"font-size: 14px; color: #302f2f;\">1.4828 [Z15CNS20-12 (309)], 1.4841 [Z15CNS25-20 (314)].<br \/>\n<\/span><\/p>\n<\/div>\n<div id=\"bk42\" class=\"bk-widget widget-content widget-content-1F7121\">\n<p><strong><span style=\"font-size: 18px;\">Uranus B6<\/span><\/strong><\/p>\n<p><span style=\"font-size: 14px; color: #302f2f;\"><img loading=\"lazy\" decoding=\"async\" class=\"alignnone wp-image-12430 size-full\" src=\"https:\/\/messametall.com\/wp-content\/uploads\/2024\/01\/messa14.jpg\" alt=\"\" width=\"493\" height=\"370\" \/><\/span><\/p>\n<p><span style=\"font-size: 14px; color: #302f2f;\">1.4539 (Z2CNDU25-20), 309L, UNS N08904.<br \/>\n<\/span><\/p>\n<\/div>\n<div id=\"bk44\" class=\"bk-widget widget-content widget-content-928UWU\">\n<p>&nbsp;<\/p>\n<p><strong><span style=\"color: #4a94af; font-size: 18px;\">2. T\u00f4le d&rsquo;acier inoxydable, \u00e9paisseur 0,3 \u00e0 8 mm<\/span><\/strong><\/p>\n<div><strong style=\"color: #4a94af; font-size: 18px;\">Programme de stock :<\/strong><\/div>\n<div>\n<p>1.4016, 1.4301, 1.4404, 1.4509, 1.4512, 1.4541, 1.4571, 1.4828, 1.4841, 1.4878.<\/p>\n<\/div>\n<\/div>\n<div id=\"bk45\" class=\"bk-widget widget-content widget-content-5FDA5E\">\n<p><strong><span style=\"color: #4a94af; font-size: 18px;\"><img loading=\"lazy\" decoding=\"async\" class=\"alignnone wp-image-12433 size-full\" src=\"https:\/\/messametall.com\/wp-content\/uploads\/2024\/01\/messa15.jpg\" alt=\"\" width=\"573\" height=\"518\" \/><\/span><\/strong><\/p>\n<p><strong><span style=\"color: #4a94af; font-size: 18px;\">3<\/span><\/strong><strong><span style=\"color: #4a94af; font-size: 18px;\">. Bande fendue inox, \u00e9paisseur 0,3 \u00e0 8 mm<\/span><\/strong><\/p>\n<div><strong><span style=\"color: #4a94af; font-size: 18px;\">Programme de stock :<\/span><\/strong><\/div>\n<div>\n<p>1.4016 (430), 1.4301 (304), 1.4307 (304L), 1.4401 (316), 1.4404 (316L), 1.4541 (321), 1.4571 (316 Ti),<\/p>\n<p>1.4016 (430), 1.4512 (409), 1.4113 (434), 1.4509 (441), 1.4510 (430TI), 1.4511 (430NB), 1.4512 (409), 1.4520.<\/p>\n<\/div>\n<\/div>\n<div id=\"bk46\" class=\"bk-widget widget-content widget-content-223QT4\">\n<p><strong><span style=\"color: #4a94af; font-size: 18px;\"><img loading=\"lazy\" decoding=\"async\" class=\"alignnone wp-image-12436 size-full\" src=\"https:\/\/messametall.com\/wp-content\/uploads\/2024\/01\/messa16.jpg\" alt=\"\" width=\"517\" height=\"272\" \/><\/span><\/strong><\/p>\n<p><strong><span style=\"color: #4a94af; font-size: 18px;\">4<\/span><\/strong><strong><span style=\"color: #4a94af; font-size: 18px;\">. Tube inox<\/span><\/strong><\/p>\n<div><span style=\"color: #4a94af;\"><span style=\"font-size: 18px;\"><b>Programme de stock :<\/b><\/span><\/span><\/div>\n<div>\n<p>1.4301, 1.4404, 1.4571.<\/p>\n<\/div>\n<\/div>\n<div id=\"bk47\" class=\"bk-widget widget-content widget-content-36TFD7\">\n<p><span style=\"color: #4a94af; font-size: 18px;\"><strong><img loading=\"lazy\" decoding=\"async\" class=\"alignnone wp-image-12439 size-full\" src=\"https:\/\/messametall.com\/wp-content\/uploads\/2024\/01\/messa17.jpg\" alt=\"\" width=\"489\" height=\"494\" \/><br \/>\n<\/strong><\/span><\/p>\n<p><span style=\"color: #4a94af; font-size: 18px;\"><strong>5. Rond, plat, carr\u00e9, hexagone et angle en acier inoxydable<\/strong><\/span><\/p>\n<div><strong style=\"color: #4a94af; font-size: 18px;\">Programme de stock :<\/strong><\/div>\n<div>\n<p>1.4057, 1.4104, 1.4112, 1.4122, 1.4301, 1.4305, 1.4404, 1.4410, 1.4418, 1.4435, 1.4460, 1.4462, 1.4501, 1.4529, 1.4539, 1.4541, 1.4542, 1.4547, 1.4571, 1.4742, 1.4828, 1.4835, 1.4841, 1.4913, 1.4923.<\/p>\n<\/div>\n<p>&nbsp;<\/p>\n<p><strong><span style=\"font-size: 18px;\">Rond en acier inoxydable<\/span><\/strong><\/p>\n<\/div>\n<div id=\"bk49\" class=\"bk-widget widget-content widget-content-B89044\">\n<p><strong><span style=\"font-size: 18px;\"><img loading=\"lazy\" decoding=\"async\" class=\"alignnone wp-image-12442 size-full\" src=\"https:\/\/messametall.com\/wp-content\/uploads\/2024\/01\/messa18.jpg\" alt=\"\" width=\"291\" height=\"567\" \/><\/span><\/strong><\/p>\n<p><strong><span style=\"font-size: 18px;\">Plat inox<\/span><\/strong><\/p>\n<\/div>\n<div id=\"bk51\" class=\"bk-widget widget-content widget-content-6RLB1P\">\n<p><strong><span style=\"font-size: 18px;\"><img loading=\"lazy\" decoding=\"async\" class=\"alignnone wp-image-12445 size-full\" src=\"https:\/\/messametall.com\/wp-content\/uploads\/2024\/01\/messa20.jpg\" alt=\"\" width=\"319\" height=\"247\" \/><\/span><\/strong><\/p>\n<p><strong><span style=\"font-size: 18px;\">Carr\u00e9 en inox<\/span><\/strong><\/p>\n<\/div>\n<div id=\"bk53\" class=\"bk-widget widget-content widget-content-PN4ZPC\">\n<p><strong><span style=\"font-size: 18px;\"><img loading=\"lazy\" decoding=\"async\" class=\"alignnone wp-image-12448 size-full\" src=\"https:\/\/messametall.com\/wp-content\/uploads\/2024\/01\/messa21.jpg\" alt=\"\" width=\"291\" height=\"198\" \/><\/span><\/strong><\/p>\n<p><strong><span style=\"font-size: 18px;\">Hexagone en acier inoxydable<\/span><\/strong><\/p>\n<\/div>\n<div id=\"bk55\" class=\"bk-widget widget-content widget-content-57M6F8\">\n<p><strong><span style=\"font-size: 18px;\"><img loading=\"lazy\" decoding=\"async\" class=\"alignnone wp-image-12451 size-full\" src=\"https:\/\/messametall.com\/wp-content\/uploads\/2024\/01\/messa22.jpg\" alt=\"\" width=\"291\" height=\"272\" \/><\/span><\/strong><\/p>\n<p><strong><span style=\"font-size: 18px;\">Corni\u00e8re inox<\/span><\/strong><\/p>\n<\/div>\n<div id=\"bk57\" class=\"bk-widget widget-content widget-content-6U60RU\">\n<p><span style=\"color: #4a94af; font-size: 18px;\"><strong><img loading=\"lazy\" decoding=\"async\" class=\"alignnone wp-image-12454 size-full\" src=\"https:\/\/messametall.com\/wp-content\/uploads\/2024\/01\/messa23.jpg\" alt=\"\" width=\"348\" height=\"99\" \/><br \/>\n<\/strong><\/span><\/p>\n<p><span style=\"color: #4a94af; font-size: 18px;\"><strong>6. Fil inoxydable<\/strong><\/span><\/p>\n<div><strong style=\"color: #4a94af; font-size: 18px;\">Programme de stock :<\/strong><\/div>\n<div>\n<p>1.4016, 1.4021, 1.4034 \/ 1.4034S, 1.4104, 1.4112, 1.4122, 1.4125, 1.4301 \/ 1.4307, 1.4305, 304CU, 1.4567, 1.4541, 1.4571, 1.4401 \/ 1.4404, 1.4578, 1.4362 \/ 1.4462, 1.4828, 1.4835, 1.4841, 1.4845.<\/p>\n<p>&nbsp;<\/p>\n<\/div>\n<\/div>\n<div id=\"bk58\" class=\"bk-widget widget-content widget-content-78GF58\">\n<p><strong style=\"color: #4a94af; font-size: 18px;\">7. Alliages de nickel et de titane<\/strong><\/p>\n<div>\n<p><span style=\"color: #4a94af; font-size: 18px;\"><strong>Programme de stock :<\/strong><\/span><\/p>\n<p>1.3912 (Nilo 36), 1.4529 (alliage 926), 1.4539 (alliage 904L), 1.4862 (alliage DS), 1.4876 (alliage 800H\/HT), 1.4980 (alliage 286), 2.4068 (nickel 201), 2.4360 (alliage 400), 2.4375 (alliage K500), 2.4660 (Alloy 20), 2.4668 (Alloy 718), 2.4816 (Alloy 600), 2.4819 (Alloy C276), 2.4851 (Alloy 601), 2.4852 (Alloy 925), 2.4856 (Alloy 625), 2. 4858 (alliage 825), 2.4869 (Ni\/Cr 80\/20), 2.4952 (alliage 80A), 3.7035 (titane Gr. 2), 3.7164 (titane Gr. 5 Ti6Al4V9), 3.7165 (titane Gr. 5 Ti6Al4V), titane Gr. . 5-ELI.<\/p>\n<p>&nbsp;<\/p>\n<p><strong><span style=\"font-size: 18px;\">Nickel et alliages de nickel<\/span><\/strong><\/p>\n<\/div>\n<div id=\"_mcePaste\" class=\"mcePaste\" style=\"position: absolute; left: -10000px; top: 0px; width: 1px; height: 1px; overflow: hidden;\">\n<h3><span lang=\"EN-GB\" style=\"font-size: 12pt; font-family: Calibri, sans-serif;\" xml:lang=\"EN-GB\">1.3912 (Nilo 36), 1.4529 (alliage 926), 1.4539 (alliage 904L), 1.4862 (alliage DS), 1.4876 (alliage 800H\/HT), 1.4980 (alliage 286), 2.4068 (nickel 201), 2.4360 (alliage 400), 2.4375 (alliage K500), 2.4660 (alliage 20), 2.4668 (alliage 718), 2.4816 (alliage 600), 2.4819 (alliage C276), 2.4851 (alliage 601), 2.4852 (alliage 925), 2.4856 (alliage 625), 2. . 4858 (alliage 825), 2.4869 (Ni\/Cr 80\/20), 2.4952 (alliage 80A), 3.7035 (titane Gr. 2), 3.7164 (titane Gr. 5 Ti6Al4V9) 3.7165 (titane Gr. 5 Ti6Al4V), titane Gr. 5 Ti6Al4V). 5- ELI<\/span><\/h3>\n<\/div>\n<\/div>\n<div id=\"bk60\" class=\"bk-widget widget-content widget-content-B19T6L\">\n<p>* Dimensions en mm<\/p>\n<div><img loading=\"lazy\" decoding=\"async\" class=\"alignnone wp-image-12458 size-full\" src=\"https:\/\/messametall.com\/wp-content\/uploads\/2024\/01\/messa33.jpg\" alt=\"\" width=\"469\" height=\"444\" \/><\/div>\n<\/div>\n<div id=\"bk61\" class=\"bk-widget widget-content widget-content-J0A62T\">\n<p>&nbsp;<\/p>\n<p><strong><span style=\"font-size: 18px;\">Titane et alliages de titane<\/span><\/strong><\/p>\n<\/div>\n<div id=\"bk63\" class=\"bk-widget widget-content widget-content-BJ53IG\">\n<p>* Dimensions en mm<\/p>\n<p><img loading=\"lazy\" decoding=\"async\" class=\"alignnone wp-image-12461 size-full\" src=\"https:\/\/messametall.com\/wp-content\/uploads\/2024\/01\/messa34.jpg\" alt=\"\" width=\"348\" height=\"124\" \/><\/p>\n<\/div>\n<p>[\/vc_column_text][\/vc_column][\/vc_row][vc_row][vc_column][\/vc_column][\/vc_row]<\/p>\n<\/div>","protected":false},"excerpt":{"rendered":"<p>[vc_row][vc_column][vc_column_text] Acier inoxydable, alliages de nickel et de titane MessaMetall vous propose un stock impressionnant d&rsquo;acier inoxydable rond, plat, carr\u00e9, hexagone, corni\u00e8re et fil (plus de 8 000 tonnes en permanence en stock). &nbsp; 1. T\u00f4le forte inox, \u00e9paisseur 3 \u00e0 130 mm Programme de stock : 1.4301 [Z6CN18-09 (304)], 1.4307 [1 .4307 Z2CN18-10 (304L)], [&hellip;]<\/p>\n","protected":false},"author":1,"featured_media":0,"parent":11846,"menu_order":0,"comment_status":"closed","ping_status":"closed","template":"","meta":{"footnotes":""},"class_list":["post-11849","page","type-page","status-publish","hentry"],"yoast_head":"<!-- This site is optimized with the Yoast SEO plugin v27.4 - https:\/\/yoast.com\/product\/yoast-seo-wordpress\/ -->\n<title>Acier inoxydable - MessaMetall - marchand de m\u00e9taux qui vous accompagne<\/title>\n<meta name=\"robots\" content=\"index, follow, max-snippet:-1, max-image-preview:large, max-video-preview:-1\" \/>\n<link rel=\"canonical\" href=\"https:\/\/messametall.com\/produkte\/rostfreier-stahl\/\" \/>\n<meta property=\"og:locale\" content=\"fr_FR\" \/>\n<meta property=\"og:type\" content=\"article\" \/>\n<meta property=\"og:title\" content=\"Acier inoxydable - MessaMetall - marchand de m\u00e9taux qui vous accompagne\" \/>\n<meta property=\"og:description\" content=\"[vc_row][vc_column][vc_column_text] Acier inoxydable, alliages de nickel et de titane MessaMetall vous propose un stock impressionnant d&rsquo;acier inoxydable rond, plat, carr\u00e9, hexagone, corni\u00e8re et fil (plus de 8 000 tonnes en permanence en stock). &nbsp; 1. T\u00f4le forte inox, \u00e9paisseur 3 \u00e0 130 mm Programme de stock : 1.4301 [Z6CN18-09 (304)], 1.4307 [1 .4307 Z2CN18-10 (304L)], [&hellip;]\" \/>\n<meta property=\"og:url\" content=\"https:\/\/messametall.com\/produkte\/rostfreier-stahl\/\" \/>\n<meta property=\"og:site_name\" content=\"MessaMetall - marchand de m\u00e9taux qui vous accompagne\" \/>\n<meta property=\"article:modified_time\" content=\"2024-03-19T08:48:18+00:00\" \/>\n<meta property=\"og:image\" content=\"https:\/\/messametall.com\/wp-content\/uploads\/2024\/01\/messa9.jpg\" \/>\n<meta name=\"twitter:card\" content=\"summary_large_image\" \/>\n<meta name=\"twitter:label1\" content=\"Dur\u00e9e de lecture estim\u00e9e\" \/>\n\t<meta name=\"twitter:data1\" content=\"6 minutes\" \/>\n<script type=\"application\/ld+json\" class=\"yoast-schema-graph\">{\"@context\":\"https:\\\/\\\/schema.org\",\"@graph\":[{\"@type\":\"WebPage\",\"@id\":\"https:\\\/\\\/messametall.com\\\/produkte\\\/rostfreier-stahl\\\/\",\"url\":\"https:\\\/\\\/messametall.com\\\/produkte\\\/rostfreier-stahl\\\/\",\"name\":\"Acier inoxydable - MessaMetall - marchand de m\u00e9taux qui vous accompagne\",\"isPartOf\":{\"@id\":\"https:\\\/\\\/messametall.com\\\/#website\"},\"primaryImageOfPage\":{\"@id\":\"https:\\\/\\\/messametall.com\\\/produkte\\\/rostfreier-stahl\\\/#primaryimage\"},\"image\":{\"@id\":\"https:\\\/\\\/messametall.com\\\/produkte\\\/rostfreier-stahl\\\/#primaryimage\"},\"thumbnailUrl\":\"https:\\\/\\\/messametall.com\\\/wp-content\\\/uploads\\\/2024\\\/01\\\/messa9.jpg\",\"datePublished\":\"2023-08-25T11:57:38+00:00\",\"dateModified\":\"2024-03-19T08:48:18+00:00\",\"breadcrumb\":{\"@id\":\"https:\\\/\\\/messametall.com\\\/produkte\\\/rostfreier-stahl\\\/#breadcrumb\"},\"inLanguage\":\"fr-FR\",\"potentialAction\":[{\"@type\":\"ReadAction\",\"target\":[\"https:\\\/\\\/messametall.com\\\/produkte\\\/rostfreier-stahl\\\/\"]}]},{\"@type\":\"ImageObject\",\"inLanguage\":\"fr-FR\",\"@id\":\"https:\\\/\\\/messametall.com\\\/produkte\\\/rostfreier-stahl\\\/#primaryimage\",\"url\":\"https:\\\/\\\/messametall.com\\\/wp-content\\\/uploads\\\/2024\\\/01\\\/messa9.jpg\",\"contentUrl\":\"https:\\\/\\\/messametall.com\\\/wp-content\\\/uploads\\\/2024\\\/01\\\/messa9.jpg\"},{\"@type\":\"BreadcrumbList\",\"@id\":\"https:\\\/\\\/messametall.com\\\/produkte\\\/rostfreier-stahl\\\/#breadcrumb\",\"itemListElement\":[{\"@type\":\"ListItem\",\"position\":1,\"name\":\"Startseite\",\"item\":\"https:\\\/\\\/messametall.com\\\/fr\\\/\"},{\"@type\":\"ListItem\",\"position\":2,\"name\":\"Produits\",\"item\":\"https:\\\/\\\/messametall.com\\\/produkte\\\/\"},{\"@type\":\"ListItem\",\"position\":3,\"name\":\"Acier inoxydable\"}]},{\"@type\":\"WebSite\",\"@id\":\"https:\\\/\\\/messametall.com\\\/#website\",\"url\":\"https:\\\/\\\/messametall.com\\\/\",\"name\":\"MessaMetall - marchand de m\u00e9taux qui vous accompagne\",\"description\":\"Marchand de m\u00e9taux de Krefeld\",\"potentialAction\":[{\"@type\":\"SearchAction\",\"target\":{\"@type\":\"EntryPoint\",\"urlTemplate\":\"https:\\\/\\\/messametall.com\\\/?s={search_term_string}\"},\"query-input\":{\"@type\":\"PropertyValueSpecification\",\"valueRequired\":true,\"valueName\":\"search_term_string\"}}],\"inLanguage\":\"fr-FR\"}]}<\/script>\n<!-- \/ Yoast SEO plugin. -->","yoast_head_json":{"title":"Acier inoxydable - MessaMetall - marchand de m\u00e9taux qui vous accompagne","robots":{"index":"index","follow":"follow","max-snippet":"max-snippet:-1","max-image-preview":"max-image-preview:large","max-video-preview":"max-video-preview:-1"},"canonical":"https:\/\/messametall.com\/produkte\/rostfreier-stahl\/","og_locale":"fr_FR","og_type":"article","og_title":"Acier inoxydable - MessaMetall - marchand de m\u00e9taux qui vous accompagne","og_description":"[vc_row][vc_column][vc_column_text] Acier inoxydable, alliages de nickel et de titane MessaMetall vous propose un stock impressionnant d&rsquo;acier inoxydable rond, plat, carr\u00e9, hexagone, corni\u00e8re et fil (plus de 8 000 tonnes en permanence en stock). &nbsp; 1. T\u00f4le forte inox, \u00e9paisseur 3 \u00e0 130 mm Programme de stock : 1.4301 [Z6CN18-09 (304)], 1.4307 [1 .4307 Z2CN18-10 (304L)], [&hellip;]","og_url":"https:\/\/messametall.com\/produkte\/rostfreier-stahl\/","og_site_name":"MessaMetall - marchand de m\u00e9taux qui vous accompagne","article_modified_time":"2024-03-19T08:48:18+00:00","og_image":[{"url":"https:\/\/messametall.com\/wp-content\/uploads\/2024\/01\/messa9.jpg","type":"","width":"","height":""}],"twitter_card":"summary_large_image","twitter_misc":{"Dur\u00e9e de lecture estim\u00e9e":"6 minutes"},"schema":{"@context":"https:\/\/schema.org","@graph":[{"@type":"WebPage","@id":"https:\/\/messametall.com\/produkte\/rostfreier-stahl\/","url":"https:\/\/messametall.com\/produkte\/rostfreier-stahl\/","name":"Acier inoxydable - MessaMetall - marchand de m\u00e9taux qui vous accompagne","isPartOf":{"@id":"https:\/\/messametall.com\/#website"},"primaryImageOfPage":{"@id":"https:\/\/messametall.com\/produkte\/rostfreier-stahl\/#primaryimage"},"image":{"@id":"https:\/\/messametall.com\/produkte\/rostfreier-stahl\/#primaryimage"},"thumbnailUrl":"https:\/\/messametall.com\/wp-content\/uploads\/2024\/01\/messa9.jpg","datePublished":"2023-08-25T11:57:38+00:00","dateModified":"2024-03-19T08:48:18+00:00","breadcrumb":{"@id":"https:\/\/messametall.com\/produkte\/rostfreier-stahl\/#breadcrumb"},"inLanguage":"fr-FR","potentialAction":[{"@type":"ReadAction","target":["https:\/\/messametall.com\/produkte\/rostfreier-stahl\/"]}]},{"@type":"ImageObject","inLanguage":"fr-FR","@id":"https:\/\/messametall.com\/produkte\/rostfreier-stahl\/#primaryimage","url":"https:\/\/messametall.com\/wp-content\/uploads\/2024\/01\/messa9.jpg","contentUrl":"https:\/\/messametall.com\/wp-content\/uploads\/2024\/01\/messa9.jpg"},{"@type":"BreadcrumbList","@id":"https:\/\/messametall.com\/produkte\/rostfreier-stahl\/#breadcrumb","itemListElement":[{"@type":"ListItem","position":1,"name":"Startseite","item":"https:\/\/messametall.com\/fr\/"},{"@type":"ListItem","position":2,"name":"Produits","item":"https:\/\/messametall.com\/produkte\/"},{"@type":"ListItem","position":3,"name":"Acier inoxydable"}]},{"@type":"WebSite","@id":"https:\/\/messametall.com\/#website","url":"https:\/\/messametall.com\/","name":"MessaMetall - marchand de m\u00e9taux qui vous accompagne","description":"Marchand de m\u00e9taux de Krefeld","potentialAction":[{"@type":"SearchAction","target":{"@type":"EntryPoint","urlTemplate":"https:\/\/messametall.com\/?s={search_term_string}"},"query-input":{"@type":"PropertyValueSpecification","valueRequired":true,"valueName":"search_term_string"}}],"inLanguage":"fr-FR"}]}},"_links":{"self":[{"href":"https:\/\/messametall.com\/fr\/wp-json\/wp\/v2\/pages\/11849","targetHints":{"allow":["GET"]}}],"collection":[{"href":"https:\/\/messametall.com\/fr\/wp-json\/wp\/v2\/pages"}],"about":[{"href":"https:\/\/messametall.com\/fr\/wp-json\/wp\/v2\/types\/page"}],"author":[{"embeddable":true,"href":"https:\/\/messametall.com\/fr\/wp-json\/wp\/v2\/users\/1"}],"replies":[{"embeddable":true,"href":"https:\/\/messametall.com\/fr\/wp-json\/wp\/v2\/comments?post=11849"}],"version-history":[{"count":6,"href":"https:\/\/messametall.com\/fr\/wp-json\/wp\/v2\/pages\/11849\/revisions"}],"predecessor-version":[{"id":12638,"href":"https:\/\/messametall.com\/fr\/wp-json\/wp\/v2\/pages\/11849\/revisions\/12638"}],"up":[{"embeddable":true,"href":"https:\/\/messametall.com\/fr\/wp-json\/wp\/v2\/pages\/11846"}],"wp:attachment":[{"href":"https:\/\/messametall.com\/fr\/wp-json\/wp\/v2\/media?parent=11849"}],"curies":[{"name":"wp","href":"https:\/\/api.w.org\/{rel}","templated":true}]}}