{"id":11865,"date":"2023-08-25T14:40:30","date_gmt":"2023-08-25T12:40:30","guid":{"rendered":"https:\/\/messametall.com\/a-propos-de-nous\/"},"modified":"2023-09-01T09:23:46","modified_gmt":"2023-09-01T07:23:46","slug":"a-propos-de-nous","status":"publish","type":"page","link":"https:\/\/messametall.com\/fr\/a-propos-de-nous\/","title":{"rendered":"\u00c0 propos de nous"},"content":{"rendered":"<div class=\"wpb-content-wrapper\"><p>[vc_row css=\u00a0\u00bb.vc_custom_1605180435460{margin-bottom: -80px !important;border-right-width: 80px !important;border-bottom-width: -80px !important;border-left-width: 40px !important;}\u00a0\u00bb][vc_column width=\u00a0\u00bb1\/2&Prime;]<div class=\"tm-element-heading-wrapper tm-heading-inner tm-element-align-left tm-heading-with-separator \">[vc_cta h2=\"\u00dcber Uns\"  h2_google_fonts=\"font_family:Arimo%3Aregular%2Citalic%2C700%2C700italic|font_style:700%20bold%20regular%3A700%3Anormal\"  h4_google_fonts=\"font_family:Lato%3A100%2C100italic%2C300%2C300italic%2Cregular%2Citalic%2C700%2C700italic%2C900%2C900italic|font_style:300%20light%20regular%3A300%3Anormal\"  txt_align=\"left\"  heading_sep=\"yes\"  i_css_animation=\"\" css_animation=\"\"][\/vc_cta]<\/div> <!-- .tm-element-heading-wrapper container --> [vc_column_text el_class=\u00a0\u00bbcst-hide\u00a0\u00bb]<\/p>\n<div><strong>ISP<\/strong> vous aide rapidement et de mani\u00e8re comp\u00e9tente \u00e0 r\u00e9pondre \u00e0 vos besoins individuels. Nos nombreuses ann\u00e9es d&rsquo;exp\u00e9rience dans le domaine de l&rsquo;acier nous aident \u00e0 trouver une solution individuelle pour presque tous les besoins.<\/div>\n<div><strong>ISP<\/strong> vous soutient, traitez-nous comme si nous \u00e9tions assis dans votre service des achats et traitions de votre sujet d&rsquo;achat en t\u00eate-\u00e0-t\u00eate<\/div>\n<div><strong>ISP<\/strong> souhaite vous accompagner dans les bons et les mauvais moments du march\u00e9 de l&rsquo;acier en tant que partenaire comp\u00e9tent et solide, nous sommes pr\u00e9par\u00e9s \u00e0 la volatilit\u00e9 du march\u00e9 de l&rsquo;acier.<\/div>\n<div><strong>ISP<\/strong> valorise la satisfaction du client et une atmosph\u00e8re de partenariat<\/div>\n<div><strong>ISP<\/strong> est un partenaire de long terme des grands consommateurs de l&rsquo;industrie et de l&rsquo;\u00e9nergie<\/div>\n<div><strong>ISP<\/strong> dispose d&rsquo;un vaste r\u00e9seau d&rsquo;usines internationales qui fabriquent votre produit de mani\u00e8re comp\u00e9titive, rapide et de bonne qualit\u00e9<\/div>\n<div><\/div>\n<p>[\/vc_column_text][vc_column_text]<\/p>\n<h3>MessaMetall, le n\u00e9gociant en m\u00e9taux qui vous accompagne.<\/h3>\n<p><strong>MessaMetall<\/strong> est une jeune \u00e9quipe dynamique sp\u00e9cialis\u00e9e dans le n\u00e9goce de produits en acier et non-ferreux, particuli\u00e8rement des aciers de construction m\u00e9canique, des aciers \u00e0 outils, aciers inoxydables, alliages Nickel et Titane.<\/p>\n<p>Nous vous proposons des solutions ad\u00e9quates pour tous vos approvisionnements en aciers gr\u00e2ce \u00e0 notre partenariat privil\u00e9gi\u00e9 avec plusieurs aci\u00e9ries.<\/p>\n<p>La qualit\u00e9 de nos produits (mati\u00e8res essentiellement ouest-europ\u00e9ennes), l&rsquo;importance de la gamme distribu\u00e9e, l\u2019impeccable service et nos prix toujours tr\u00e8s comp\u00e9titifs constituent le socle principal de notre force.<\/p>\n<p>Le trilinguisme (fran\u00e7ais, anglais, allemand) du personnel de MessaMetall lui offre l\u2019opportunit\u00e9 d\u2019assurer un parfait service de vente et d&rsquo;apr\u00e8s-vente.<\/p>\n<p>Nous nous r\u00e9jouissons \u00e0 la perspective d&rsquo;une bonne collaboration future avec votre entreprise.[\/vc_column_text][\/vc_column][vc_column width=\u00a0\u00bb1\/2&Prime; css=\u00a0\u00bb.vc_custom_1605180569921{margin-top: 80px !important;margin-bottom: -100px !important;}\u00a0\u00bb]<div class=\"tm-sbox tm-sbox-iconalign-left none     \">[vc_cta h2=\"C-Stahlprodukte\"  h2_google_fonts=\"font_family:Arimo%3Aregular%2Citalic%2C700%2C700italic|font_style:700%20bold%20regular%3A700%3Anormal\"  h4_google_fonts=\"font_family:Lato%3A100%2C100italic%2C300%2C300italic%2Cregular%2Citalic%2C700%2C700italic%2C900%2C900italic|font_style:300%20light%20regular%3A300%3Anormal\"  txt_align=\"left\"  heading_sep=\"no\"  shape=\"none\"  style=\"transparent\"  color=\"grey\"  btn_title=\"Read More\"  btn_style=\"text\"  btn_gradient_color_1=\"turquoise\"  btn_gradient_color_2=\"blue\"  btn_custom_background=\"#ededed\"  btn_custom_text=\"#666\"  btn_outline_custom_color=\"#666\"  btn_outline_custom_hover_background=\"#666\"  btn_outline_custom_hover_text=\"#fff\"  btn_color=\"skincolor\"  btn_size=\"md\"  add_icon=\"left\"  hover=\"none\"  main_icon_type=\"icon\"  i_type=\"openiconic\"  i_icon_fontawesome=\"far fa-thumbs-up\"  i_icon_openiconic=\"vc-oi vc-oi-cd\"  i_icon_typicons=\"typcn typcn-adjust-brightness\"  i_icon_entypo=\"entypo-icon entypo-icon-note\"  i_icon_linecons=\"vc_li vc_li-heart\"  i_color=\"white\"  i_background_style=\"rounded-less\"  i_background_color=\"skincolor\"  i_size=\"lg\"  icon_type=\"icon\"  btn_align=\"left\"  i_css_animation=\"\" css_animation=\"\"][\/vc_cta]<\/div><div class=\"tm-sbox tm-sbox-iconalign-left none     \">[vc_cta h2=\"Edelstahlprodukte\"  h2_google_fonts=\"font_family:Arimo%3Aregular%2Citalic%2C700%2C700italic|font_style:700%20bold%20regular%3A700%3Anormal\"  h4_google_fonts=\"font_family:Lato%3A100%2C100italic%2C300%2C300italic%2Cregular%2Citalic%2C700%2C700italic%2C900%2C900italic|font_style:300%20light%20regular%3A300%3Anormal\"  txt_align=\"left\"  heading_sep=\"no\"  shape=\"none\"  style=\"transparent\"  color=\"grey\"  btn_title=\"Read More\"  btn_style=\"text\"  btn_gradient_color_1=\"turquoise\"  btn_gradient_color_2=\"blue\"  btn_custom_background=\"#ededed\"  btn_custom_text=\"#666\"  btn_outline_custom_color=\"#666\"  btn_outline_custom_hover_background=\"#666\"  btn_outline_custom_hover_text=\"#fff\"  btn_color=\"skincolor\"  btn_size=\"md\"  add_icon=\"left\"  hover=\"none\"  main_icon_type=\"icon\"  i_type=\"linecons\"  i_icon_fontawesome=\"far fa-thumbs-up\"  i_icon_openiconic=\"vc-oi vc-oi-dial\"  i_icon_typicons=\"typcn typcn-adjust-brightness\"  i_icon_entypo=\"entypo-icon entypo-icon-note\"  i_icon_linecons=\"vc_li vc_li-diamond\"  i_color=\"white\"  i_background_style=\"rounded-less\"  i_background_color=\"skincolor\"  i_size=\"lg\"  icon_type=\"icon\"  btn_align=\"left\"  i_css_animation=\"\" css_animation=\"\"][\/vc_cta]<\/div><div class=\"tm-sbox tm-sbox-iconalign-left none     \">[vc_cta h2=\"Anarbeitung\"  h2_google_fonts=\"font_family:Arimo%3Aregular%2Citalic%2C700%2C700italic|font_style:700%20bold%20regular%3A700%3Anormal\"  h4_google_fonts=\"font_family:Lato%3A100%2C100italic%2C300%2C300italic%2Cregular%2Citalic%2C700%2C700italic%2C900%2C900italic|font_style:300%20light%20regular%3A300%3Anormal\"  txt_align=\"left\"  heading_sep=\"no\"  shape=\"none\"  style=\"transparent\"  color=\"grey\"  btn_title=\"Read More\"  btn_style=\"text\"  btn_gradient_color_1=\"turquoise\"  btn_gradient_color_2=\"blue\"  btn_custom_background=\"#ededed\"  btn_custom_text=\"#666\"  btn_outline_custom_color=\"#666\"  btn_outline_custom_hover_background=\"#666\"  btn_outline_custom_hover_text=\"#fff\"  btn_color=\"skincolor\"  btn_size=\"md\"  add_icon=\"left\"  hover=\"none\"  main_icon_type=\"icon\"  i_type=\"linecons\"  i_icon_fontawesome=\"far fa-thumbs-up\"  i_icon_openiconic=\"vc-oi vc-oi-dial\"  i_icon_typicons=\"typcn typcn-adjust-brightness\"  i_icon_entypo=\"entypo-icon entypo-icon-note\"  i_icon_linecons=\"vc_li vc_li-vynil\"  i_color=\"white\"  i_background_style=\"rounded-less\"  i_background_color=\"skincolor\"  i_size=\"lg\"  icon_type=\"icon\"  btn_align=\"left\"  i_css_animation=\"\" css_animation=\"\"][\/vc_cta]<\/div>[\/vc_column][\/vc_row]<\/p>\n<\/div>","protected":false},"excerpt":{"rendered":"<p>[vc_row css=\u00a0\u00bb.vc_custom_1605180435460{margin-bottom: -80px !important;border-right-width: 80px !important;border-bottom-width: -80px !important;border-left-width: 40px !important;}\u00a0\u00bb][vc_column width=\u00a0\u00bb1\/2&Prime;][vc_column_text el_class=\u00a0\u00bbcst-hide\u00a0\u00bb] ISP vous aide rapidement et de mani\u00e8re comp\u00e9tente \u00e0 r\u00e9pondre \u00e0 vos besoins individuels. Nos nombreuses ann\u00e9es d&rsquo;exp\u00e9rience dans le domaine de l&rsquo;acier nous aident \u00e0 trouver une solution individuelle pour presque tous les besoins. ISP vous soutient, traitez-nous comme si nous \u00e9tions [&hellip;]<\/p>\n","protected":false},"author":1,"featured_media":0,"parent":0,"menu_order":5,"comment_status":"closed","ping_status":"open","template":"","meta":{"footnotes":""},"class_list":["post-11865","page","type-page","status-publish","hentry"],"yoast_head":"<!-- This site is optimized with the Yoast SEO plugin v27.5 - https:\/\/yoast.com\/product\/yoast-seo-wordpress\/ -->\n<title>\u00c0 propos de nous - MessaMetall - marchand de m\u00e9taux qui vous accompagne<\/title>\n<meta name=\"robots\" content=\"index, follow, max-snippet:-1, max-image-preview:large, max-video-preview:-1\" \/>\n<link rel=\"canonical\" href=\"https:\/\/messametall.com\/fr\/a-propos-de-nous\/\" \/>\n<meta property=\"og:locale\" content=\"fr_FR\" \/>\n<meta property=\"og:type\" content=\"article\" \/>\n<meta property=\"og:title\" content=\"\u00c0 propos de nous - MessaMetall - marchand de m\u00e9taux qui vous accompagne\" \/>\n<meta property=\"og:description\" content=\"[vc_row css=\u00a0\u00bb.vc_custom_1605180435460{margin-bottom: -80px !important;border-right-width: 80px !important;border-bottom-width: -80px !important;border-left-width: 40px !important;}\u00a0\u00bb][vc_column width=\u00a0\u00bb1\/2&Prime;][vc_column_text el_class=\u00a0\u00bbcst-hide\u00a0\u00bb] ISP vous aide rapidement et de mani\u00e8re comp\u00e9tente \u00e0 r\u00e9pondre \u00e0 vos besoins individuels. Nos nombreuses ann\u00e9es d&rsquo;exp\u00e9rience dans le domaine de l&rsquo;acier nous aident \u00e0 trouver une solution individuelle pour presque tous les besoins. ISP vous soutient, traitez-nous comme si nous \u00e9tions [&hellip;]\" \/>\n<meta property=\"og:url\" content=\"https:\/\/messametall.com\/fr\/a-propos-de-nous\/\" \/>\n<meta property=\"og:site_name\" content=\"MessaMetall - marchand de m\u00e9taux qui vous accompagne\" \/>\n<meta property=\"article:modified_time\" content=\"2023-09-01T07:23:46+00:00\" \/>\n<meta name=\"twitter:card\" content=\"summary_large_image\" \/>\n<meta name=\"twitter:label1\" content=\"Dur\u00e9e de lecture estim\u00e9e\" \/>\n\t<meta name=\"twitter:data1\" content=\"2 minutes\" \/>\n<script type=\"application\/ld+json\" class=\"yoast-schema-graph\">{\"@context\":\"https:\\\/\\\/schema.org\",\"@graph\":[{\"@type\":\"WebPage\",\"@id\":\"https:\\\/\\\/messametall.com\\\/fr\\\/a-propos-de-nous\\\/\",\"url\":\"https:\\\/\\\/messametall.com\\\/fr\\\/a-propos-de-nous\\\/\",\"name\":\"\u00c0 propos de nous - MessaMetall - marchand de m\u00e9taux qui vous accompagne\",\"isPartOf\":{\"@id\":\"https:\\\/\\\/messametall.com\\\/#website\"},\"datePublished\":\"2023-08-25T12:40:30+00:00\",\"dateModified\":\"2023-09-01T07:23:46+00:00\",\"breadcrumb\":{\"@id\":\"https:\\\/\\\/messametall.com\\\/fr\\\/a-propos-de-nous\\\/#breadcrumb\"},\"inLanguage\":\"fr-FR\",\"potentialAction\":[{\"@type\":\"ReadAction\",\"target\":[\"https:\\\/\\\/messametall.com\\\/fr\\\/a-propos-de-nous\\\/\"]}]},{\"@type\":\"BreadcrumbList\",\"@id\":\"https:\\\/\\\/messametall.com\\\/fr\\\/a-propos-de-nous\\\/#breadcrumb\",\"itemListElement\":[{\"@type\":\"ListItem\",\"position\":1,\"name\":\"Startseite\",\"item\":\"https:\\\/\\\/messametall.com\\\/fr\\\/\"},{\"@type\":\"ListItem\",\"position\":2,\"name\":\"\u00c0 propos de nous\"}]},{\"@type\":\"WebSite\",\"@id\":\"https:\\\/\\\/messametall.com\\\/#website\",\"url\":\"https:\\\/\\\/messametall.com\\\/\",\"name\":\"MessaMetall - marchand de m\u00e9taux qui vous accompagne\",\"description\":\"Marchand de m\u00e9taux de Krefeld\",\"potentialAction\":[{\"@type\":\"SearchAction\",\"target\":{\"@type\":\"EntryPoint\",\"urlTemplate\":\"https:\\\/\\\/messametall.com\\\/?s={search_term_string}\"},\"query-input\":{\"@type\":\"PropertyValueSpecification\",\"valueRequired\":true,\"valueName\":\"search_term_string\"}}],\"inLanguage\":\"fr-FR\"}]}<\/script>\n<!-- \/ Yoast SEO plugin. -->","yoast_head_json":{"title":"\u00c0 propos de nous - MessaMetall - marchand de m\u00e9taux qui vous accompagne","robots":{"index":"index","follow":"follow","max-snippet":"max-snippet:-1","max-image-preview":"max-image-preview:large","max-video-preview":"max-video-preview:-1"},"canonical":"https:\/\/messametall.com\/fr\/a-propos-de-nous\/","og_locale":"fr_FR","og_type":"article","og_title":"\u00c0 propos de nous - MessaMetall - marchand de m\u00e9taux qui vous accompagne","og_description":"[vc_row css=\u00a0\u00bb.vc_custom_1605180435460{margin-bottom: -80px !important;border-right-width: 80px !important;border-bottom-width: -80px !important;border-left-width: 40px !important;}\u00a0\u00bb][vc_column width=\u00a0\u00bb1\/2&Prime;][vc_column_text el_class=\u00a0\u00bbcst-hide\u00a0\u00bb] ISP vous aide rapidement et de mani\u00e8re comp\u00e9tente \u00e0 r\u00e9pondre \u00e0 vos besoins individuels. Nos nombreuses ann\u00e9es d&rsquo;exp\u00e9rience dans le domaine de l&rsquo;acier nous aident \u00e0 trouver une solution individuelle pour presque tous les besoins. ISP vous soutient, traitez-nous comme si nous \u00e9tions [&hellip;]","og_url":"https:\/\/messametall.com\/fr\/a-propos-de-nous\/","og_site_name":"MessaMetall - marchand de m\u00e9taux qui vous accompagne","article_modified_time":"2023-09-01T07:23:46+00:00","twitter_card":"summary_large_image","twitter_misc":{"Dur\u00e9e de lecture estim\u00e9e":"2 minutes"},"schema":{"@context":"https:\/\/schema.org","@graph":[{"@type":"WebPage","@id":"https:\/\/messametall.com\/fr\/a-propos-de-nous\/","url":"https:\/\/messametall.com\/fr\/a-propos-de-nous\/","name":"\u00c0 propos de nous - MessaMetall - marchand de m\u00e9taux qui vous accompagne","isPartOf":{"@id":"https:\/\/messametall.com\/#website"},"datePublished":"2023-08-25T12:40:30+00:00","dateModified":"2023-09-01T07:23:46+00:00","breadcrumb":{"@id":"https:\/\/messametall.com\/fr\/a-propos-de-nous\/#breadcrumb"},"inLanguage":"fr-FR","potentialAction":[{"@type":"ReadAction","target":["https:\/\/messametall.com\/fr\/a-propos-de-nous\/"]}]},{"@type":"BreadcrumbList","@id":"https:\/\/messametall.com\/fr\/a-propos-de-nous\/#breadcrumb","itemListElement":[{"@type":"ListItem","position":1,"name":"Startseite","item":"https:\/\/messametall.com\/fr\/"},{"@type":"ListItem","position":2,"name":"\u00c0 propos de nous"}]},{"@type":"WebSite","@id":"https:\/\/messametall.com\/#website","url":"https:\/\/messametall.com\/","name":"MessaMetall - marchand de m\u00e9taux qui vous accompagne","description":"Marchand de m\u00e9taux de Krefeld","potentialAction":[{"@type":"SearchAction","target":{"@type":"EntryPoint","urlTemplate":"https:\/\/messametall.com\/?s={search_term_string}"},"query-input":{"@type":"PropertyValueSpecification","valueRequired":true,"valueName":"search_term_string"}}],"inLanguage":"fr-FR"}]}},"_links":{"self":[{"href":"https:\/\/messametall.com\/fr\/wp-json\/wp\/v2\/pages\/11865","targetHints":{"allow":["GET"]}}],"collection":[{"href":"https:\/\/messametall.com\/fr\/wp-json\/wp\/v2\/pages"}],"about":[{"href":"https:\/\/messametall.com\/fr\/wp-json\/wp\/v2\/types\/page"}],"author":[{"embeddable":true,"href":"https:\/\/messametall.com\/fr\/wp-json\/wp\/v2\/users\/1"}],"replies":[{"embeddable":true,"href":"https:\/\/messametall.com\/fr\/wp-json\/wp\/v2\/comments?post=11865"}],"version-history":[{"count":2,"href":"https:\/\/messametall.com\/fr\/wp-json\/wp\/v2\/pages\/11865\/revisions"}],"predecessor-version":[{"id":12014,"href":"https:\/\/messametall.com\/fr\/wp-json\/wp\/v2\/pages\/11865\/revisions\/12014"}],"wp:attachment":[{"href":"https:\/\/messametall.com\/fr\/wp-json\/wp\/v2\/media?parent=11865"}],"curies":[{"name":"wp","href":"https:\/\/api.w.org\/{rel}","templated":true}]}}