{"id":12705,"date":"2024-04-22T08:08:59","date_gmt":"2024-04-22T06:08:59","guid":{"rendered":"https:\/\/messametall.com\/produtos\/"},"modified":"2024-07-23T22:00:28","modified_gmt":"2024-07-23T20:00:28","slug":"produtos","status":"publish","type":"page","link":"https:\/\/messametall.com\/pt-pt\/produtos\/","title":{"rendered":"Produtos"},"content":{"rendered":"<div class=\"wpb-content-wrapper\"><p>[vc_row][vc_column width=&#8221;1\/3&#8243;]<div class=\"tm-element-heading-wrapper tm-heading-inner tm-element-align-left tm-heading-with-separator \">[vc_cta h2=\"A\u00e7o inoxid\u00e1vel\"  h2_google_fonts=\"font_family:Arimo%3Aregular%2Citalic%2C700%2C700italic|font_style:700%20bold%20regular%3A700%3Anormal\"  h4_google_fonts=\"font_family:Lato%3A100%2C100italic%2C300%2C300italic%2Cregular%2Citalic%2C700%2C700italic%2C900%2C900italic|font_style:300%20light%20regular%3A300%3Anormal\"  txt_align=\"left\"  heading_sep=\"yes\"  i_css_animation=\"\" css_animation=\"\"][\/vc_cta]<\/div> <!-- .tm-element-heading-wrapper container --> [vc_single_image image=&#8221;12708&#8243; css=&#8221;.vc_custom_1690472828050{margin-top: 30px !important;}&#8221;][vc_column_text]<strong>A MessaMetall<\/strong> oferece-te um impressionante stock de a\u00e7o de engenharia (mais de 16.000 toneladas permanentemente em stock).<\/p>\n<p>A nossa excelente gama de m\u00e1quinas permite-nos cortar com a precis\u00e3o necess\u00e1ria e com as toler\u00e2ncias mais apertadas, tal como na perfura\u00e7\u00e3o.<\/p>\n<p><a href=\"https:\/\/messametall.com\/pt-pt\/produtos\/aco-de-construcao\/\">L\u00ea mais<\/a>[\/vc_column_text][\/vc_column][vc_column width=&#8221;1\/3&#8243;]<div class=\"tm-element-heading-wrapper tm-heading-inner tm-element-align-left tm-heading-with-separator \">[vc_cta h2=\"A\u00e7o inoxid\u00e1vel, n\u00edquel e tit\u00e2nio\"  h2_google_fonts=\"font_family:Arimo%3Aregular%2Citalic%2C700%2C700italic|font_style:700%20bold%20regular%3A700%3Anormal\"  h4_google_fonts=\"font_family:Lato%3A100%2C100italic%2C300%2C300italic%2Cregular%2Citalic%2C700%2C700italic%2C900%2C900italic|font_style:300%20light%20regular%3A300%3Anormal\"  txt_align=\"left\"  heading_sep=\"yes\"  i_css_animation=\"\" css_animation=\"\"][\/vc_cta]<\/div> <!-- .tm-element-heading-wrapper container --> [vc_single_image image=&#8221;12707&#8243;][vc_column_text]<strong>A MessaMetall <\/strong>oferece-te um impressionante stock de a\u00e7o inoxid\u00e1vel redondo, plano, quadrado, hexagonal, angular e arame (mais de 8.000 toneladas permanentemente em stock).<\/p>\n<p><a href=\"https:\/\/messametall.com\/pt-pt\/produtos\/aco-inoxidavel\/\">L\u00ea mais<\/a>[\/vc_column_text][\/vc_column][vc_column width=&#8221;1\/3&#8243;]<div class=\"tm-element-heading-wrapper tm-heading-inner tm-element-align-left tm-heading-with-separator \">[vc_cta h2=\"A\u00e7o ferramenta, placas P e blocos\"  h2_google_fonts=\"font_family:Arimo%3Aregular%2Citalic%2C700%2C700italic|font_style:700%20bold%20regular%3A700%3Anormal\"  h4_google_fonts=\"font_family:Lato%3A100%2C100italic%2C300%2C300italic%2Cregular%2Citalic%2C700%2C700italic%2C900%2C900italic|font_style:300%20light%20regular%3A300%3Anormal\"  txt_align=\"left\"  heading_sep=\"yes\"  i_css_animation=\"\" css_animation=\"\"][\/vc_cta]<\/div> <!-- .tm-element-heading-wrapper container --> [vc_single_image image=&#8221;12706&#8243;][vc_column_text]<strong>A MessaMetall<\/strong> oferece-te um impressionante stock de a\u00e7o para ferramentas (mais de 7.000 toneladas permanentemente em stock).<\/p>\n<p><a href=\"https:\/\/messametall.com\/pt-pt\/produtos\/aco-para-ferramentas\/\">L\u00ea mais<\/a>[\/vc_column_text][\/vc_column][\/vc_row][vc_row][vc_column][vc_gallery interval=&#8221;3&#8243; images=&#8221;12709,12710,12711,12712,12713,12714,12715,12716,12717,12718,12719,12720,12721,12722,12723,12724,12725&#8243; img_size=&#8221;full&#8221;][\/vc_column][\/vc_row]<\/p>\n<\/div>","protected":false},"excerpt":{"rendered":"<p>[vc_row][vc_column width=&#8221;1\/3&#8243;][vc_single_image image=&#8221;12708&#8243; css=&#8221;.vc_custom_1690472828050{margin-top: 30px !important;}&#8221;][vc_column_text]A MessaMetall oferece-te um impressionante stock de a\u00e7o de engenharia (mais de 16.000 toneladas permanentemente em stock). A nossa excelente gama de m\u00e1quinas permite-nos cortar com a precis\u00e3o necess\u00e1ria e com as toler\u00e2ncias mais apertadas, tal como na perfura\u00e7\u00e3o. L\u00ea mais[\/vc_column_text][\/vc_column][vc_column width=&#8221;1\/3&#8243;][vc_single_image image=&#8221;12707&#8243;][vc_column_text]A MessaMetall oferece-te um impressionante stock de a\u00e7o [&hellip;]<\/p>\n","protected":false},"author":1,"featured_media":0,"parent":0,"menu_order":0,"comment_status":"closed","ping_status":"closed","template":"","meta":{"footnotes":""},"class_list":["post-12705","page","type-page","status-publish","hentry"],"yoast_head":"<!-- This site is optimized with the Yoast SEO plugin v27.4 - https:\/\/yoast.com\/product\/yoast-seo-wordpress\/ -->\n<title>Produtos - MessaMetall - Metallh\u00e4ndler der Sie begleitet<\/title>\n<meta name=\"robots\" content=\"index, follow, max-snippet:-1, max-image-preview:large, max-video-preview:-1\" \/>\n<link rel=\"canonical\" href=\"https:\/\/messametall.com\/it\/prodotti\/\" \/>\n<meta property=\"og:locale\" content=\"pt_PT\" \/>\n<meta property=\"og:type\" content=\"article\" \/>\n<meta property=\"og:title\" content=\"Produtos - MessaMetall - Metallh\u00e4ndler der Sie begleitet\" \/>\n<meta property=\"og:description\" content=\"[vc_row][vc_column width=&#8221;1\/3&#8243;][vc_single_image image=&#8221;12708&#8243; css=&#8221;.vc_custom_1690472828050{margin-top: 30px !important;}&#8221;][vc_column_text]A MessaMetall oferece-te um impressionante stock de a\u00e7o de engenharia (mais de 16.000 toneladas permanentemente em stock). A nossa excelente gama de m\u00e1quinas permite-nos cortar com a precis\u00e3o necess\u00e1ria e com as toler\u00e2ncias mais apertadas, tal como na perfura\u00e7\u00e3o. L\u00ea mais[\/vc_column_text][\/vc_column][vc_column width=&#8221;1\/3&#8243;][vc_single_image image=&#8221;12707&#8243;][vc_column_text]A MessaMetall oferece-te um impressionante stock de a\u00e7o [&hellip;]\" \/>\n<meta property=\"og:url\" content=\"https:\/\/messametall.com\/it\/prodotti\/\" \/>\n<meta property=\"og:site_name\" content=\"MessaMetall - Metallh\u00e4ndler der Sie begleitet\" \/>\n<meta property=\"article:modified_time\" content=\"2024-07-23T20:00:28+00:00\" \/>\n<meta name=\"twitter:card\" content=\"summary_large_image\" \/>\n<meta name=\"twitter:label1\" content=\"Tempo estimado de leitura\" \/>\n\t<meta name=\"twitter:data1\" content=\"1 minuto\" \/>\n<script type=\"application\/ld+json\" class=\"yoast-schema-graph\">{\"@context\":\"https:\\\/\\\/schema.org\",\"@graph\":[{\"@type\":\"WebPage\",\"@id\":\"https:\\\/\\\/messametall.com\\\/it\\\/prodotti\\\/\",\"url\":\"https:\\\/\\\/messametall.com\\\/it\\\/prodotti\\\/\",\"name\":\"Produtos - MessaMetall - Metallh\u00e4ndler der Sie begleitet\",\"isPartOf\":{\"@id\":\"https:\\\/\\\/messametall.com\\\/#website\"},\"datePublished\":\"2024-04-22T06:08:59+00:00\",\"dateModified\":\"2024-07-23T20:00:28+00:00\",\"breadcrumb\":{\"@id\":\"https:\\\/\\\/messametall.com\\\/it\\\/prodotti\\\/#breadcrumb\"},\"inLanguage\":\"pt-PT\",\"potentialAction\":[{\"@type\":\"ReadAction\",\"target\":[\"https:\\\/\\\/messametall.com\\\/it\\\/prodotti\\\/\"]}]},{\"@type\":\"BreadcrumbList\",\"@id\":\"https:\\\/\\\/messametall.com\\\/it\\\/prodotti\\\/#breadcrumb\",\"itemListElement\":[{\"@type\":\"ListItem\",\"position\":1,\"name\":\"Startseite\",\"item\":\"https:\\\/\\\/messametall.com\\\/\"},{\"@type\":\"ListItem\",\"position\":2,\"name\":\"Produtos\"}]},{\"@type\":\"WebSite\",\"@id\":\"https:\\\/\\\/messametall.com\\\/#website\",\"url\":\"https:\\\/\\\/messametall.com\\\/\",\"name\":\"MessaMetall - Metallh\u00e4ndler der Sie begleitet\",\"description\":\"Metallh\u00e4ndler aus krefeld\",\"potentialAction\":[{\"@type\":\"SearchAction\",\"target\":{\"@type\":\"EntryPoint\",\"urlTemplate\":\"https:\\\/\\\/messametall.com\\\/?s={search_term_string}\"},\"query-input\":{\"@type\":\"PropertyValueSpecification\",\"valueRequired\":true,\"valueName\":\"search_term_string\"}}],\"inLanguage\":\"pt-PT\"}]}<\/script>\n<!-- \/ Yoast SEO plugin. -->","yoast_head_json":{"title":"Produtos - MessaMetall - Metallh\u00e4ndler der Sie begleitet","robots":{"index":"index","follow":"follow","max-snippet":"max-snippet:-1","max-image-preview":"max-image-preview:large","max-video-preview":"max-video-preview:-1"},"canonical":"https:\/\/messametall.com\/it\/prodotti\/","og_locale":"pt_PT","og_type":"article","og_title":"Produtos - MessaMetall - Metallh\u00e4ndler der Sie begleitet","og_description":"[vc_row][vc_column width=&#8221;1\/3&#8243;][vc_single_image image=&#8221;12708&#8243; css=&#8221;.vc_custom_1690472828050{margin-top: 30px !important;}&#8221;][vc_column_text]A MessaMetall oferece-te um impressionante stock de a\u00e7o de engenharia (mais de 16.000 toneladas permanentemente em stock). A nossa excelente gama de m\u00e1quinas permite-nos cortar com a precis\u00e3o necess\u00e1ria e com as toler\u00e2ncias mais apertadas, tal como na perfura\u00e7\u00e3o. L\u00ea mais[\/vc_column_text][\/vc_column][vc_column width=&#8221;1\/3&#8243;][vc_single_image image=&#8221;12707&#8243;][vc_column_text]A MessaMetall oferece-te um impressionante stock de a\u00e7o [&hellip;]","og_url":"https:\/\/messametall.com\/it\/prodotti\/","og_site_name":"MessaMetall - Metallh\u00e4ndler der Sie begleitet","article_modified_time":"2024-07-23T20:00:28+00:00","twitter_card":"summary_large_image","twitter_misc":{"Tempo estimado de leitura":"1 minuto"},"schema":{"@context":"https:\/\/schema.org","@graph":[{"@type":"WebPage","@id":"https:\/\/messametall.com\/it\/prodotti\/","url":"https:\/\/messametall.com\/it\/prodotti\/","name":"Produtos - MessaMetall - Metallh\u00e4ndler der Sie begleitet","isPartOf":{"@id":"https:\/\/messametall.com\/#website"},"datePublished":"2024-04-22T06:08:59+00:00","dateModified":"2024-07-23T20:00:28+00:00","breadcrumb":{"@id":"https:\/\/messametall.com\/it\/prodotti\/#breadcrumb"},"inLanguage":"pt-PT","potentialAction":[{"@type":"ReadAction","target":["https:\/\/messametall.com\/it\/prodotti\/"]}]},{"@type":"BreadcrumbList","@id":"https:\/\/messametall.com\/it\/prodotti\/#breadcrumb","itemListElement":[{"@type":"ListItem","position":1,"name":"Startseite","item":"https:\/\/messametall.com\/"},{"@type":"ListItem","position":2,"name":"Produtos"}]},{"@type":"WebSite","@id":"https:\/\/messametall.com\/#website","url":"https:\/\/messametall.com\/","name":"MessaMetall - Metallh\u00e4ndler der Sie begleitet","description":"Metallh\u00e4ndler aus krefeld","potentialAction":[{"@type":"SearchAction","target":{"@type":"EntryPoint","urlTemplate":"https:\/\/messametall.com\/?s={search_term_string}"},"query-input":{"@type":"PropertyValueSpecification","valueRequired":true,"valueName":"search_term_string"}}],"inLanguage":"pt-PT"}]}},"_links":{"self":[{"href":"https:\/\/messametall.com\/pt-pt\/wp-json\/wp\/v2\/pages\/12705","targetHints":{"allow":["GET"]}}],"collection":[{"href":"https:\/\/messametall.com\/pt-pt\/wp-json\/wp\/v2\/pages"}],"about":[{"href":"https:\/\/messametall.com\/pt-pt\/wp-json\/wp\/v2\/types\/page"}],"author":[{"embeddable":true,"href":"https:\/\/messametall.com\/pt-pt\/wp-json\/wp\/v2\/users\/1"}],"replies":[{"embeddable":true,"href":"https:\/\/messametall.com\/pt-pt\/wp-json\/wp\/v2\/comments?post=12705"}],"version-history":[{"count":6,"href":"https:\/\/messametall.com\/pt-pt\/wp-json\/wp\/v2\/pages\/12705\/revisions"}],"predecessor-version":[{"id":13896,"href":"https:\/\/messametall.com\/pt-pt\/wp-json\/wp\/v2\/pages\/12705\/revisions\/13896"}],"wp:attachment":[{"href":"https:\/\/messametall.com\/pt-pt\/wp-json\/wp\/v2\/media?parent=12705"}],"curies":[{"name":"wp","href":"https:\/\/api.w.org\/{rel}","templated":true}]}}