{"id":12830,"date":"2024-04-22T08:15:24","date_gmt":"2024-04-22T06:15:24","guid":{"rendered":"https:\/\/messametall.com\/produtos\/aco-inoxidavel\/"},"modified":"2024-07-25T21:37:37","modified_gmt":"2024-07-25T19:37:37","slug":"aco-inoxidavel","status":"publish","type":"page","link":"https:\/\/messametall.com\/pt-pt\/produtos\/aco-inoxidavel\/","title":{"rendered":"A\u00e7o inoxid\u00e1vel"},"content":{"rendered":"<div class=\"wpb-content-wrapper\"><p>[vc_row][vc_column][vc_column_text]<\/p>\n<div id=\"bk31\" class=\"bk-widget widget-content widget-content-48FT44\">\n<p><strong><br \/>\n<span style=\"color: #4a94af; font-size: 18px; line-height: 20px;\">A\u00e7o inoxid\u00e1vel, ligas de n\u00edquel e de tit\u00e2nio<br \/>\n<\/span><br \/>\n<\/strong><strong>A MessaMetall<\/strong> oferece-te um impressionante stock de a\u00e7o inoxid\u00e1vel redondo, plano, quadrado, hexagonal, angular e arame (mais de 8.000 toneladas permanentemente em stock).<\/p>\n<p>&nbsp;<\/p>\n<p><span style=\"color: #4a94af; font-size: 18px;\"><strong>1. chapa pesada inoxid\u00e1vel, espessura de 3 a 130 mm<\/strong><\/span><\/p>\n<p><span style=\"color: #4a94af; font-size: 18px;\"><strong>Programa do acampamento:<\/strong><\/span><\/p>\n<p>1.4301 [Z6CN18-09 (304)], 1.4307 [1 .4307 Z2CN18-10 (304L)], 1.4401 [Z6CND17-11 (316)],<\/p>\n<p>1,4404 [Z2CND17-12-2 (316L)], 1,4410 [Z6CND17-11 (316)], 1,4462 (Z3CND22-05 Az),<\/p>\n<p>1,4539 (Z2CNDU25-20), 1,4541 [Z6CNT18-10 (321)], 1,4571 [Z6CNDT17-12 (316Ti)],<\/p>\n<p>1.4841 [Z15CNS25-20 (314)], 1.4828 [Z15CNS20-12 (309)], 1.4878 [Z6CNT18-12 (321H)],<\/p>\n<p>2507, UNS 31803, S32205, AISI 2205, UNS 32750, 309L, UNS N08904.<\/p>\n<p>&nbsp;<\/p>\n<p><span style=\"color: #4a94af; font-size: 18px;\"><strong>Programa de entrega:<\/strong><\/span><\/p>\n<p>Chapas quarto &#8211; D\u00faplex &#8211; Super D\u00faplex &#8211; Chapas resistentes ao calor &#8211; Uranus B6<\/p>\n<p><strong><span style=\"font-size: 18px;\">Chapas Quarto em formatos standard<\/span><\/strong><\/p>\n<p><span style=\"font-size: 14px; color: #302f2f;\">1.4301 [Z6CN18-09 (304)], 1.4307 [Z2CN18-10 (304L)], 1.4541 [Z6CNT18-10 (321)],<br \/>\n1.4878 [Z6CNT18-12 (321H)], 1.4401 [Z6CND17-11 (316)], 1.4404 [Z2CND17-12-2 (316L)],<br \/>\n1.4571 [Z6CNDT17-12 (316Ti)].<\/span><strong><span style=\"font-size: 18px;\"><br \/>\n<\/span><\/strong><\/p>\n<p><strong><span style=\"font-size: 18px;\"><img loading=\"lazy\" decoding=\"async\" class=\"alignnone wp-image-12324 size-full\" src=\"https:\/\/messametall.com\/wp-content\/uploads\/2024\/06\/Bild-1-Quartobleche-in-Standardformaten-2.jpg\" alt=\"\" width=\"493\" height=\"444\" \/><\/span><\/strong><\/p>\n<p><strong><span style=\"font-size: 18px;\">Chapas quarto de comprimento fixo*<\/span><\/strong><\/p>\n<\/div>\n<p><img loading=\"lazy\" decoding=\"async\" class=\"alignnone wp-image-12327 size-full\" src=\"https:\/\/messametall.com\/wp-content\/uploads\/2024\/06\/Bild-2-Fixlange-Quartobleche-2.jpg\" alt=\"\" width=\"465\" height=\"217\" \/><\/p>\n<div id=\"bk31\" class=\"bk-widget widget-content widget-content-48FT44\">\n<p>* Cortamos prontamente no comprimento que desejas<\/p>\n<\/div>\n<div id=\"bk36\" class=\"bk-widget widget-content widget-content-92YT0S\">\n<p><strong><span style=\"font-size: 18px;\">Duplex<\/span><\/strong><\/p>\n<p><span style=\"color: #302f2f; font-size: 14px;\">1.4462 (Z3CND22-05 Az), UNS 31803, S32205, AISI 2205.<strong><br \/>\n<\/strong><\/span><\/p>\n<p><strong><span style=\"font-size: 18px;\"><img loading=\"lazy\" decoding=\"async\" class=\"alignnone wp-image-12330 size-full\" src=\"https:\/\/messametall.com\/wp-content\/uploads\/2024\/06\/Bild-3-Duplex-2.jpg\" alt=\"\" width=\"493\" height=\"370\" \/><\/span><\/strong><\/p>\n<p><strong><span style=\"font-size: 18px;\">Super Duplex<\/span><\/strong><\/p>\n<p><span style=\"font-size: 14px; color: #302f2f;\">1.4410 [Z6CND17-11 (316)], 2507, UNS 32750.<br \/>\n<\/span><\/p>\n<\/div>\n<p><strong><span style=\"font-size: 18px;\"><img loading=\"lazy\" decoding=\"async\" class=\"alignnone wp-image-12333 size-full\" src=\"https:\/\/messametall.com\/wp-content\/uploads\/2024\/06\/Bild-4-Super-Duplex-2.jpg\" alt=\"\" width=\"493\" height=\"370\" \/><\/span><\/strong><\/p>\n<p><strong><span style=\"font-size: 18px;\">Chapas met\u00e1licas resistentes ao calor<\/span><\/strong><\/p>\n<p><span style=\"font-size: 14px; color: #302f2f;\">1,4828 [Z15CNS20-12 (309)], 1,4841 [Z15CNS25-20 (314)].<br \/>\n<\/span><\/p>\n<p><strong><span style=\"font-size: 18px;\"><img loading=\"lazy\" decoding=\"async\" class=\"alignnone wp-image-12336 size-full\" src=\"https:\/\/messametall.com\/wp-content\/uploads\/2024\/06\/Bild-5-Hitzebestandige-Bleche-2.jpg\" alt=\"\" width=\"493\" height=\"370\" \/><\/span><\/strong><\/p>\n<p><strong><span style=\"font-size: 18px;\">Urano B6<\/span><\/strong><\/p>\n<p><span style=\"font-size: 14px; color: #302f2f;\">1.4539 (Z2CNDU25-20), 309L, UNS N08904.<br \/>\n<\/span><\/p>\n<p><img loading=\"lazy\" decoding=\"async\" class=\"alignnone wp-image-12339 size-full\" src=\"https:\/\/messametall.com\/wp-content\/uploads\/2024\/06\/Bild-6-Uranus-B6-2.jpg\" alt=\"\" width=\"493\" height=\"370\" \/><\/p>\n<p>&nbsp;<\/p>\n<p><strong><span style=\"color: #4a94af; font-size: 18px;\">2. chapa de a\u00e7o inoxid\u00e1vel, espessura 0,3 a 8 mm<\/span><\/strong><\/p>\n<div><strong style=\"color: #4a94af; font-size: 18px;\">Programa de armazenamento:<\/strong><\/div>\n<div>\n<p>1.4016, 1.4301, 1.4404, 1.4509, 1.4512, 1.4541, 1.4571, 1.4828, 1.4841, 1.4878.<\/p>\n<\/div>\n<p>&nbsp;<\/p>\n<div id=\"bk45\" class=\"bk-widget widget-content widget-content-5FDA5E\">\n<p><strong><span style=\"color: #4a94af; font-size: 18px;\">3<\/span><\/strong><strong><span style=\"color: #4a94af; font-size: 18px;\">. Fita de a\u00e7o inoxid\u00e1vel, espessura de 0,3 a 8 mm<\/span><\/strong><\/p>\n<div><strong><span style=\"color: #4a94af; font-size: 18px;\">Programa de armazenamento:<\/span><\/strong><\/div>\n<div>\n<p>1.4016 (430), 1.4301 (304), 1.4307 (304L), 1.4401 (316), 1.4404 (316L), 1.4541 (321), 1.4571 (316 Ti),<\/p>\n<p>1.4016 (430), 1.4512 (409), 1.4113 (434), 1.4509 (441), 1.4510 (430TI), 1.4511 (430NB), 1.4512 (409), 1.4520.<\/p>\n<p>&nbsp;<\/p>\n<\/div>\n<\/div>\n<div id=\"bk46\" class=\"bk-widget widget-content widget-content-223QT4\">\n<p><strong><span style=\"color: #4a94af; font-size: 18px;\">4<\/span><\/strong><strong><span style=\"color: #4a94af; font-size: 18px;\">. Tubo de a\u00e7o inoxid\u00e1vel<\/span><\/strong><\/p>\n<div><span style=\"color: #4a94af;\"><span style=\"font-size: 18px;\"><b>Programa de armazenamento:<\/b><\/span><\/span><\/div>\n<div>\n<p>1.4301, 1.4404, 1.4571.<\/p>\n<\/div>\n<\/div>\n<div id=\"bk47\" class=\"bk-widget widget-content widget-content-36TFD7\">\n<p><span style=\"color: #4a94af; font-size: 18px;\"><strong><br \/>\n5. A\u00e7os inoxid\u00e1veis redondos, planos, quadrados, hexagonais e angulares<\/strong><\/span><\/p>\n<div><strong style=\"color: #4a94af; font-size: 18px;\">Programa de armazenamento:<\/strong><\/div>\n<div>\n<p>1.4057, 1.4104, 1.4112, 1.4122, 1.4301, 1.4305, 1.4404, 1.4410, 1.4418, 1.4435, 1.4460, 1.4462, 1.4501, 1.4529, 1.4539, 1.4541, 1.4542, 1.4547, 1.4571, 1.4742, 1.4828, 1.4835, 1.4841, 1.4913, 1.4923.<\/p>\n<\/div>\n<p>&nbsp;<\/p>\n<p><strong><span style=\"font-size: 18px;\">Inoxid\u00e1vel redondo<\/span><\/strong><\/p>\n<\/div>\n<p><strong><span style=\"font-size: 18px;\"><img loading=\"lazy\" decoding=\"async\" class=\"alignnone wp-image-12342 size-full\" src=\"https:\/\/messametall.com\/wp-content\/uploads\/2024\/06\/Bild-7-Rostfreier-Rund-2.jpg\" alt=\"\" width=\"291\" height=\"567\" \/><\/span><\/strong><\/p>\n<p><strong><span style=\"font-size: 18px;\">Plano de a\u00e7o inoxid\u00e1vel<\/span><\/strong><\/p>\n<p><strong><span style=\"font-size: 18px;\"><img loading=\"lazy\" decoding=\"async\" class=\"alignnone wp-image-12345 size-full\" src=\"https:\/\/messametall.com\/wp-content\/uploads\/2024\/06\/Bild-8-Rostfreier-Flach-2.jpg\" alt=\"\" width=\"319\" height=\"247\" \/><\/span><\/strong><\/p>\n<p><strong><span style=\"font-size: 18px;\">Quadrado de a\u00e7o inoxid\u00e1vel<\/span><\/strong><\/p>\n<p><strong><span style=\"font-size: 18px;\"><img loading=\"lazy\" decoding=\"async\" class=\"alignnone wp-image-12348 size-full\" src=\"https:\/\/messametall.com\/wp-content\/uploads\/2024\/06\/Bild-9-Rostfreier-Vierkant-2.jpg\" alt=\"\" width=\"291\" height=\"198\" \/><\/span><\/strong><\/p>\n<p><strong><span style=\"font-size: 18px;\">Hex\u00e1gono em a\u00e7o inoxid\u00e1vel<\/span><\/strong><\/p>\n<p><strong><span style=\"font-size: 18px;\"><img loading=\"lazy\" decoding=\"async\" class=\"alignnone wp-image-12351 size-full\" src=\"https:\/\/messametall.com\/wp-content\/uploads\/2024\/06\/Bild-10-Rostfreier-Sechskant-7.jpg\" alt=\"\" width=\"291\" height=\"272\" \/><\/span><\/strong><\/p>\n<p><strong><span style=\"font-size: 18px;\">\u00c2ngulo inoxid\u00e1vel<\/span><\/strong><\/p>\n<p><span style=\"color: #4a94af; font-size: 18px;\"><strong><img loading=\"lazy\" decoding=\"async\" class=\"alignnone wp-image-12354 size-full\" src=\"https:\/\/messametall.com\/wp-content\/uploads\/2024\/06\/Bild-11-Rostfreier-Winkel-2.jpg\" alt=\"\" width=\"348\" height=\"99\" \/><\/strong><\/span><\/p>\n<p>&nbsp;<\/p>\n<p><span style=\"color: #4a94af; font-size: 18px;\"><strong>6. fio inoxid\u00e1vel<\/strong><\/span><\/p>\n<div><strong style=\"color: #4a94af; font-size: 18px;\">Programa de armazenamento:<\/strong><\/div>\n<div>\n<p>1.4016, 1.4021, 1.4034 \/ 1.4034S, 1.4104, 1.4112, 1.4122, 1.4125, 1.4301 \/ 1.4307, 1.4305, 304CU, 1.4567, 1.4541, 1.4571, 1.4401 \/ 1.4404, 1.4578, 1.4362 \/ 1.4462, 1.4828, 1.4835, 1.4841, 1.4845.<\/p>\n<p>&nbsp;<\/p>\n<\/div>\n<div id=\"bk58\" class=\"bk-widget widget-content widget-content-78GF58\">\n<p><strong style=\"color: #4a94af; font-size: 18px;\">7. Ligas de n\u00edquel e de tit\u00e2nio<\/strong><\/p>\n<div>\n<p><span style=\"color: #4a94af; font-size: 18px;\"><strong>Programa de armazenamento:<\/strong><\/span><\/p>\n<p>1.3912 (Nilo 36), 1.4529 (Liga 926), 1.4539 (Liga 904L), 1.4862 (Liga DS), 1.4876 (Liga 800H\/HT), 1.4980 (Liga 286), 2.4068 (N\u00edquel 201), 2.4360 (Liga 400), 2.4375 (Liga K500), 2.4660 (Liga 20), 2.4668 (Liga 718), 2.4816 (Liga 600), 2.4819 (Liga C276), 2.4851 (Liga 601), 2.4852 (Liga 925), 2.4856 (Liga 625), 2.4858 (Liga 825), 2.4869 (Ni\/Cr 80\/20), 2.4952 (Liga 80A), 3.7035 (Tit\u00e2nio Gr. 2), 3.7164 (Tit\u00e2nio Gr. 5 Ti6Al4V9), 3.7165 (Tit\u00e2nio Gr. 5 Ti6Al4V), Tit\u00e2nio Gr. 5-ELI.<\/p>\n<p>&nbsp;<\/p>\n<p><strong><span style=\"font-size: 18px;\">N\u00edquel e ligas de n\u00edquel<\/span><\/strong><\/p>\n<\/div>\n<div id=\"_mcePaste\" class=\"mcePaste\" style=\"position: absolute; left: -10000px; top: 0px; width: 1px; height: 1px; overflow: hidden;\">\n<h3><span lang=\"EN-GB\" style=\"font-size: 12pt; font-family: Calibri, sans-serif;\" xml:lang=\"EN-GB\"><img loading=\"lazy\" decoding=\"async\" class=\"alignnone size-medium wp-image-12360\" src=\"https:\/\/messametall.com\/wp-content\/uploads\/2024\/06\/Bild-12-Rostfreier-Nickel-und-Nickellegierungen-2-300x297.jpg\" alt=\"\" width=\"300\" height=\"284\" \/><img loading=\"lazy\" decoding=\"async\" class=\"alignnone size-medium wp-image-12360\" src=\"https:\/\/messametall.com\/wp-content\/uploads\/2024\/06\/Bild-12-Rostfreier-Nickel-und-Nickellegierungen-2-300x297.jpg\" alt=\"\" width=\"300\" height=\"284\" \/>1.3912 (Nilo 36), 1.4529 (Liga 926), 1.4539 (Liga 904L), 1.4862 (Liga DS), 1.4876 (Liga 800H\/HT), 1.4980 (Liga 286), 2.4068 (N\u00edquel 201), 2.4360 (Liga 400), 2.4375 (Liga K500), 2.4660 (Liga 20), 2.4668 (Liga 718), 2.4816 (Liga 600), 2.4819 (Liga C276), 2.4851 (Liga 601), 2.4852 (Liga 925), 2.4856 (Liga 625), 2.4858 (Liga 825), 2.4869 (Ni\/Cr 80\/20), 2.4952 (Liga 80A), 3.7035 (Tit\u00e2nio Gr. 2), 3.7164 (Tit\u00e2nio Gr. 5 Ti6Al4V9) 3.7165 (Tit\u00e2nio Gr. 5 Ti6Al4V), Tit\u00e2nio Gr.5-ELI<\/span><\/h3>\n<\/div>\n<\/div>\n<p><img loading=\"lazy\" decoding=\"async\" class=\"alignnone wp-image-12360 size-full\" src=\"https:\/\/messametall.com\/wp-content\/uploads\/2024\/06\/Bild-12-Rostfreier-Nickel-und-Nickellegierungen-2.jpg\" alt=\"\" width=\"469\" height=\"444\" \/><\/p>\n<p>* Dimens\u00e3o em mm<\/p>\n<div><\/div>\n<div id=\"bk61\" class=\"bk-widget widget-content widget-content-J0A62T\">\n<p><strong><span style=\"font-size: 18px;\">Tit\u00e2nio e ligas de tit\u00e2nio<\/span><\/strong><\/p>\n<\/div>\n<p><img loading=\"lazy\" decoding=\"async\" class=\"alignnone wp-image-12364 size-full\" src=\"https:\/\/messametall.com\/wp-content\/uploads\/2024\/06\/Bild-13-Rostfreier-Titan-und-Titanlegierungen-2.jpg\" alt=\"\" width=\"348\" height=\"124\" \/><\/p>\n<p>* Dimens\u00e3o em mm[\/vc_column_text][\/vc_column][\/vc_row][vc_row][vc_column][\/vc_column][\/vc_row]<\/p>\n<\/div>","protected":false},"excerpt":{"rendered":"<p>[vc_row][vc_column][vc_column_text] A\u00e7o inoxid\u00e1vel, ligas de n\u00edquel e de tit\u00e2nio A MessaMetall oferece-te um impressionante stock de a\u00e7o inoxid\u00e1vel redondo, plano, quadrado, hexagonal, angular e arame (mais de 8.000 toneladas permanentemente em stock). &nbsp; 1. chapa pesada inoxid\u00e1vel, espessura de 3 a 130 mm Programa do acampamento: 1.4301 [Z6CN18-09 (304)], 1.4307 [1 .4307 Z2CN18-10 (304L)], 1.4401 [&hellip;]<\/p>\n","protected":false},"author":1,"featured_media":0,"parent":12705,"menu_order":0,"comment_status":"closed","ping_status":"closed","template":"","meta":{"footnotes":""},"class_list":["post-12830","page","type-page","status-publish","hentry"],"yoast_head":"<!-- This site is optimized with the Yoast SEO plugin v27.4 - https:\/\/yoast.com\/product\/yoast-seo-wordpress\/ -->\n<title>A\u00e7o inoxid\u00e1vel - MessaMetall - Metallh\u00e4ndler der Sie begleitet<\/title>\n<meta name=\"robots\" content=\"index, follow, max-snippet:-1, max-image-preview:large, max-video-preview:-1\" \/>\n<link rel=\"canonical\" href=\"https:\/\/messametall.com\/produkte\/rostfreier-stahl\/\" \/>\n<meta property=\"og:locale\" content=\"pt_PT\" \/>\n<meta property=\"og:type\" content=\"article\" \/>\n<meta property=\"og:title\" content=\"A\u00e7o inoxid\u00e1vel - MessaMetall - Metallh\u00e4ndler der Sie begleitet\" \/>\n<meta property=\"og:description\" content=\"[vc_row][vc_column][vc_column_text] A\u00e7o inoxid\u00e1vel, ligas de n\u00edquel e de tit\u00e2nio A MessaMetall oferece-te um impressionante stock de a\u00e7o inoxid\u00e1vel redondo, plano, quadrado, hexagonal, angular e arame (mais de 8.000 toneladas permanentemente em stock). &nbsp; 1. chapa pesada inoxid\u00e1vel, espessura de 3 a 130 mm Programa do acampamento: 1.4301 [Z6CN18-09 (304)], 1.4307 [1 .4307 Z2CN18-10 (304L)], 1.4401 [&hellip;]\" \/>\n<meta property=\"og:url\" content=\"https:\/\/messametall.com\/produkte\/rostfreier-stahl\/\" \/>\n<meta property=\"og:site_name\" content=\"MessaMetall - Metallh\u00e4ndler der Sie begleitet\" \/>\n<meta property=\"article:modified_time\" content=\"2024-07-25T19:37:37+00:00\" \/>\n<meta property=\"og:image\" content=\"https:\/\/messametall.com\/wp-content\/uploads\/2024\/06\/Bild-1-Quartobleche-in-Standardformaten-2.jpg\" \/>\n<meta name=\"twitter:card\" content=\"summary_large_image\" \/>\n<meta name=\"twitter:label1\" content=\"Tempo estimado de leitura\" \/>\n\t<meta name=\"twitter:data1\" content=\"2 minutos\" \/>\n<script type=\"application\/ld+json\" class=\"yoast-schema-graph\">{\"@context\":\"https:\\\/\\\/schema.org\",\"@graph\":[{\"@type\":\"WebPage\",\"@id\":\"https:\\\/\\\/messametall.com\\\/produkte\\\/rostfreier-stahl\\\/\",\"url\":\"https:\\\/\\\/messametall.com\\\/produkte\\\/rostfreier-stahl\\\/\",\"name\":\"A\u00e7o inoxid\u00e1vel - MessaMetall - Metallh\u00e4ndler der Sie begleitet\",\"isPartOf\":{\"@id\":\"https:\\\/\\\/messametall.com\\\/#website\"},\"primaryImageOfPage\":{\"@id\":\"https:\\\/\\\/messametall.com\\\/produkte\\\/rostfreier-stahl\\\/#primaryimage\"},\"image\":{\"@id\":\"https:\\\/\\\/messametall.com\\\/produkte\\\/rostfreier-stahl\\\/#primaryimage\"},\"thumbnailUrl\":\"https:\\\/\\\/messametall.com\\\/wp-content\\\/uploads\\\/2024\\\/06\\\/Bild-1-Quartobleche-in-Standardformaten-2.jpg\",\"datePublished\":\"2024-04-22T06:15:24+00:00\",\"dateModified\":\"2024-07-25T19:37:37+00:00\",\"breadcrumb\":{\"@id\":\"https:\\\/\\\/messametall.com\\\/produkte\\\/rostfreier-stahl\\\/#breadcrumb\"},\"inLanguage\":\"pt-PT\",\"potentialAction\":[{\"@type\":\"ReadAction\",\"target\":[\"https:\\\/\\\/messametall.com\\\/produkte\\\/rostfreier-stahl\\\/\"]}]},{\"@type\":\"ImageObject\",\"inLanguage\":\"pt-PT\",\"@id\":\"https:\\\/\\\/messametall.com\\\/produkte\\\/rostfreier-stahl\\\/#primaryimage\",\"url\":\"https:\\\/\\\/messametall.com\\\/wp-content\\\/uploads\\\/2024\\\/06\\\/Bild-1-Quartobleche-in-Standardformaten-2.jpg\",\"contentUrl\":\"https:\\\/\\\/messametall.com\\\/wp-content\\\/uploads\\\/2024\\\/06\\\/Bild-1-Quartobleche-in-Standardformaten-2.jpg\"},{\"@type\":\"BreadcrumbList\",\"@id\":\"https:\\\/\\\/messametall.com\\\/produkte\\\/rostfreier-stahl\\\/#breadcrumb\",\"itemListElement\":[{\"@type\":\"ListItem\",\"position\":1,\"name\":\"Startseite\",\"item\":\"https:\\\/\\\/messametall.com\\\/\"},{\"@type\":\"ListItem\",\"position\":2,\"name\":\"Produtos\",\"item\":\"https:\\\/\\\/messametall.com\\\/it\\\/prodotti\\\/\"},{\"@type\":\"ListItem\",\"position\":3,\"name\":\"A\u00e7o inoxid\u00e1vel\"}]},{\"@type\":\"WebSite\",\"@id\":\"https:\\\/\\\/messametall.com\\\/#website\",\"url\":\"https:\\\/\\\/messametall.com\\\/\",\"name\":\"MessaMetall - Metallh\u00e4ndler der Sie begleitet\",\"description\":\"Metallh\u00e4ndler aus krefeld\",\"potentialAction\":[{\"@type\":\"SearchAction\",\"target\":{\"@type\":\"EntryPoint\",\"urlTemplate\":\"https:\\\/\\\/messametall.com\\\/?s={search_term_string}\"},\"query-input\":{\"@type\":\"PropertyValueSpecification\",\"valueRequired\":true,\"valueName\":\"search_term_string\"}}],\"inLanguage\":\"pt-PT\"}]}<\/script>\n<!-- \/ Yoast SEO plugin. -->","yoast_head_json":{"title":"A\u00e7o inoxid\u00e1vel - MessaMetall - Metallh\u00e4ndler der Sie begleitet","robots":{"index":"index","follow":"follow","max-snippet":"max-snippet:-1","max-image-preview":"max-image-preview:large","max-video-preview":"max-video-preview:-1"},"canonical":"https:\/\/messametall.com\/produkte\/rostfreier-stahl\/","og_locale":"pt_PT","og_type":"article","og_title":"A\u00e7o inoxid\u00e1vel - MessaMetall - Metallh\u00e4ndler der Sie begleitet","og_description":"[vc_row][vc_column][vc_column_text] A\u00e7o inoxid\u00e1vel, ligas de n\u00edquel e de tit\u00e2nio A MessaMetall oferece-te um impressionante stock de a\u00e7o inoxid\u00e1vel redondo, plano, quadrado, hexagonal, angular e arame (mais de 8.000 toneladas permanentemente em stock). &nbsp; 1. chapa pesada inoxid\u00e1vel, espessura de 3 a 130 mm Programa do acampamento: 1.4301 [Z6CN18-09 (304)], 1.4307 [1 .4307 Z2CN18-10 (304L)], 1.4401 [&hellip;]","og_url":"https:\/\/messametall.com\/produkte\/rostfreier-stahl\/","og_site_name":"MessaMetall - Metallh\u00e4ndler der Sie begleitet","article_modified_time":"2024-07-25T19:37:37+00:00","og_image":[{"url":"https:\/\/messametall.com\/wp-content\/uploads\/2024\/06\/Bild-1-Quartobleche-in-Standardformaten-2.jpg","type":"","width":"","height":""}],"twitter_card":"summary_large_image","twitter_misc":{"Tempo estimado de leitura":"2 minutos"},"schema":{"@context":"https:\/\/schema.org","@graph":[{"@type":"WebPage","@id":"https:\/\/messametall.com\/produkte\/rostfreier-stahl\/","url":"https:\/\/messametall.com\/produkte\/rostfreier-stahl\/","name":"A\u00e7o inoxid\u00e1vel - MessaMetall - Metallh\u00e4ndler der Sie begleitet","isPartOf":{"@id":"https:\/\/messametall.com\/#website"},"primaryImageOfPage":{"@id":"https:\/\/messametall.com\/produkte\/rostfreier-stahl\/#primaryimage"},"image":{"@id":"https:\/\/messametall.com\/produkte\/rostfreier-stahl\/#primaryimage"},"thumbnailUrl":"https:\/\/messametall.com\/wp-content\/uploads\/2024\/06\/Bild-1-Quartobleche-in-Standardformaten-2.jpg","datePublished":"2024-04-22T06:15:24+00:00","dateModified":"2024-07-25T19:37:37+00:00","breadcrumb":{"@id":"https:\/\/messametall.com\/produkte\/rostfreier-stahl\/#breadcrumb"},"inLanguage":"pt-PT","potentialAction":[{"@type":"ReadAction","target":["https:\/\/messametall.com\/produkte\/rostfreier-stahl\/"]}]},{"@type":"ImageObject","inLanguage":"pt-PT","@id":"https:\/\/messametall.com\/produkte\/rostfreier-stahl\/#primaryimage","url":"https:\/\/messametall.com\/wp-content\/uploads\/2024\/06\/Bild-1-Quartobleche-in-Standardformaten-2.jpg","contentUrl":"https:\/\/messametall.com\/wp-content\/uploads\/2024\/06\/Bild-1-Quartobleche-in-Standardformaten-2.jpg"},{"@type":"BreadcrumbList","@id":"https:\/\/messametall.com\/produkte\/rostfreier-stahl\/#breadcrumb","itemListElement":[{"@type":"ListItem","position":1,"name":"Startseite","item":"https:\/\/messametall.com\/"},{"@type":"ListItem","position":2,"name":"Produtos","item":"https:\/\/messametall.com\/it\/prodotti\/"},{"@type":"ListItem","position":3,"name":"A\u00e7o inoxid\u00e1vel"}]},{"@type":"WebSite","@id":"https:\/\/messametall.com\/#website","url":"https:\/\/messametall.com\/","name":"MessaMetall - Metallh\u00e4ndler der Sie begleitet","description":"Metallh\u00e4ndler aus krefeld","potentialAction":[{"@type":"SearchAction","target":{"@type":"EntryPoint","urlTemplate":"https:\/\/messametall.com\/?s={search_term_string}"},"query-input":{"@type":"PropertyValueSpecification","valueRequired":true,"valueName":"search_term_string"}}],"inLanguage":"pt-PT"}]}},"_links":{"self":[{"href":"https:\/\/messametall.com\/pt-pt\/wp-json\/wp\/v2\/pages\/12830","targetHints":{"allow":["GET"]}}],"collection":[{"href":"https:\/\/messametall.com\/pt-pt\/wp-json\/wp\/v2\/pages"}],"about":[{"href":"https:\/\/messametall.com\/pt-pt\/wp-json\/wp\/v2\/types\/page"}],"author":[{"embeddable":true,"href":"https:\/\/messametall.com\/pt-pt\/wp-json\/wp\/v2\/users\/1"}],"replies":[{"embeddable":true,"href":"https:\/\/messametall.com\/pt-pt\/wp-json\/wp\/v2\/comments?post=12830"}],"version-history":[{"count":7,"href":"https:\/\/messametall.com\/pt-pt\/wp-json\/wp\/v2\/pages\/12830\/revisions"}],"predecessor-version":[{"id":14137,"href":"https:\/\/messametall.com\/pt-pt\/wp-json\/wp\/v2\/pages\/12830\/revisions\/14137"}],"up":[{"embeddable":true,"href":"https:\/\/messametall.com\/pt-pt\/wp-json\/wp\/v2\/pages\/12705"}],"wp:attachment":[{"href":"https:\/\/messametall.com\/pt-pt\/wp-json\/wp\/v2\/media?parent=12830"}],"curies":[{"name":"wp","href":"https:\/\/api.w.org\/{rel}","templated":true}]}}