{"id":12955,"date":"2024-04-22T18:27:34","date_gmt":"2024-04-22T16:27:34","guid":{"rendered":"https:\/\/messametall.com\/contacta-nos\/"},"modified":"2024-11-28T17:31:47","modified_gmt":"2024-11-28T16:31:47","slug":"contacta-nos","status":"publish","type":"page","link":"https:\/\/messametall.com\/pt-pt\/contacta-nos\/","title":{"rendered":"CONTACTO"},"content":{"rendered":"<div class=\"wpb-content-wrapper\"><p>[vc_row css=&#8221;.vc_custom_1458134705800{padding-bottom: 40px !important;}&#8221;][vc_column width=&#8221;1\/2&#8243;][vc_single_image image=&#8221;11635&#8243; img_size=&#8221;large&#8221; onclick=&#8221;zoom&#8221;][vc_custom_heading text=&#8221;Estamos aqui para ti!&#8221; font_container=&#8221;tag:h3|text_align:left&#8221; use_theme_fonts=&#8221;yes&#8221;][vc_column_text]Podes contactar-nos atrav\u00e9s dos canais abaixo indicados[\/vc_column_text][vc_tta_tabs spacing=&#8221;2&#8243; active_section=&#8221;1&#8243;][vc_tta_section title=&#8221;Informa\u00e7\u00f5es&#8221; tab_id=&#8221;1456563326207-129a5d54-c003&#8243;]<div class=\"tm-sbox tm-sbox-iconalign-left none     \">[vc_cta h2=\"Telefon :\"  h2_google_fonts=\"font_family:Arimo%3Aregular%2Citalic%2C700%2C700italic|font_style:700%20bold%20regular%3A700%3Anormal\"  h4=\"+49 (0) 2151 89 11 0 57\"  h4_google_fonts=\"font_family:Lato%3A100%2C100italic%2C300%2C300italic%2Cregular%2Citalic%2C700%2C700italic%2C900%2C900italic|font_style:300%20light%20regular%3A300%3Anormal\"  txt_align=\"left\"  heading_sep=\"no\"  shape=\"none\"  style=\"transparent\"  color=\"grey\"  btn_title=\"Leia Mais\"  btn_style=\"text\"  btn_gradient_color_1=\"turquoise\"  btn_gradient_color_2=\"blue\"  btn_custom_background=\"#ededed\"  btn_custom_text=\"#666\"  btn_outline_custom_color=\"#666\"  btn_outline_custom_hover_background=\"#666\"  btn_outline_custom_hover_text=\"#fff\"  btn_color=\"skincolor\"  btn_size=\"md\"  add_icon=\"left\"  hover=\"none\"  main_icon_type=\"icon\"  i_type=\"linecons\"  i_icon_fontawesome=\"far fa-thumbs-up\"  i_icon_openiconic=\"vc-oi vc-oi-dial\"  i_icon_typicons=\"typcn typcn-adjust-brightness\"  i_icon_entypo=\"entypo-icon entypo-icon-note\"  i_icon_linecons=\"vc_li vc_li-phone\"  i_color=\"white\"  i_background_style=\"rounded-less\"  i_background_color=\"skincolor\"  i_size=\"md\"  icon_type=\"icon\"  btn_align=\"left\"  i_css_animation=\"\" css_animation=\"\"][\/vc_cta]<\/div><div class=\"tm-sbox tm-sbox-iconalign-left none     \">[vc_cta h2=\"Fax :\"  h2_google_fonts=\"font_family:Arimo%3Aregular%2Citalic%2C700%2C700italic|font_style:700%20bold%20regular%3A700%3Anormal\"  h4=\"+49 (0) 2151 89 11 0 58\"  h4_google_fonts=\"font_family:Lato%3A100%2C100italic%2C300%2C300italic%2Cregular%2Citalic%2C700%2C700italic%2C900%2C900italic|font_style:300%20light%20regular%3A300%3Anormal\"  txt_align=\"left\"  heading_sep=\"no\"  shape=\"none\"  style=\"transparent\"  color=\"grey\"  btn_title=\"Leia Mais\"  btn_style=\"text\"  btn_gradient_color_1=\"turquoise\"  btn_gradient_color_2=\"blue\"  btn_custom_background=\"#ededed\"  btn_custom_text=\"#666\"  btn_outline_custom_color=\"#666\"  btn_outline_custom_hover_background=\"#666\"  btn_outline_custom_hover_text=\"#fff\"  btn_color=\"skincolor\"  btn_size=\"md\"  add_icon=\"left\"  hover=\"none\"  main_icon_type=\"icon\"  i_type=\"fontawesome\"  i_icon_fontawesome=\"fas fa-fax\"  i_icon_openiconic=\"vc-oi vc-oi-dial\"  i_icon_typicons=\"typcn typcn-adjust-brightness\"  i_icon_entypo=\"entypo-icon entypo-icon-note\"  i_icon_linecons=\"vc_li vc_li-heart\"  i_color=\"white\"  i_background_style=\"rounded-less\"  i_background_color=\"skincolor\"  i_size=\"md\"  icon_type=\"icon\"  btn_align=\"left\"  i_css_animation=\"\" css_animation=\"\"][\/vc_cta]<\/div><div class=\"tm-sbox tm-sbox-iconalign-left none     \">[vc_cta h2=\"Email :\"  h2_google_fonts=\"font_family:Arimo%3Aregular%2Citalic%2C700%2C700italic|font_style:700%20bold%20regular%3A700%3Anormal\"  h4=\"info@messametall.com\"  h4_google_fonts=\"font_family:Lato%3A100%2C100italic%2C300%2C300italic%2Cregular%2Citalic%2C700%2C700italic%2C900%2C900italic|font_style:300%20light%20regular%3A300%3Anormal\"  txt_align=\"left\"  heading_sep=\"no\"  shape=\"none\"  style=\"transparent\"  color=\"grey\"  btn_title=\"Leia Mais\"  btn_style=\"text\"  btn_gradient_color_1=\"turquoise\"  btn_gradient_color_2=\"blue\"  btn_custom_background=\"#ededed\"  btn_custom_text=\"#666\"  btn_outline_custom_color=\"#666\"  btn_outline_custom_hover_background=\"#666\"  btn_outline_custom_hover_text=\"#fff\"  btn_color=\"skincolor\"  btn_size=\"md\"  add_icon=\"left\"  hover=\"none\"  main_icon_type=\"icon\"  i_type=\"linecons\"  i_icon_fontawesome=\"far fa-thumbs-up\"  i_icon_openiconic=\"vc-oi vc-oi-dial\"  i_icon_typicons=\"typcn typcn-adjust-brightness\"  i_icon_entypo=\"entypo-icon entypo-icon-note\"  i_icon_linecons=\"vc_li vc_li-mail\"  i_color=\"white\"  i_background_style=\"rounded-less\"  i_background_color=\"skincolor\"  i_size=\"md\"  icon_type=\"icon\"  btn_align=\"left\"  i_css_animation=\"\" css_animation=\"\"][\/vc_cta]<\/div><div class=\"tm-sbox tm-sbox-iconalign-left none     \">[vc_cta h2=\"Internet :\"  h2_google_fonts=\"font_family:Arimo%3Aregular%2Citalic%2C700%2C700italic|font_style:700%20bold%20regular%3A700%3Anormal\"  h4=\"messametall.com\"  h4_google_fonts=\"font_family:Lato%3A100%2C100italic%2C300%2C300italic%2Cregular%2Citalic%2C700%2C700italic%2C900%2C900italic|font_style:300%20light%20regular%3A300%3Anormal\"  txt_align=\"left\"  heading_sep=\"no\"  shape=\"none\"  style=\"transparent\"  color=\"grey\"  btn_title=\"Leia Mais\"  btn_style=\"text\"  btn_gradient_color_1=\"turquoise\"  btn_gradient_color_2=\"blue\"  btn_custom_background=\"#ededed\"  btn_custom_text=\"#666\"  btn_outline_custom_color=\"#666\"  btn_outline_custom_hover_background=\"#666\"  btn_outline_custom_hover_text=\"#fff\"  btn_color=\"skincolor\"  btn_size=\"md\"  add_icon=\"left\"  hover=\"none\"  main_icon_type=\"icon\"  i_type=\"linecons\"  i_icon_fontawesome=\"far fa-thumbs-up\"  i_icon_openiconic=\"vc-oi vc-oi-dial\"  i_icon_typicons=\"typcn typcn-adjust-brightness\"  i_icon_entypo=\"entypo-icon entypo-icon-note\"  i_icon_linecons=\"vc_li vc_li-world\"  i_color=\"white\"  i_background_style=\"rounded-less\"  i_background_color=\"skincolor\"  i_size=\"md\"  icon_type=\"icon\"  btn_align=\"left\"  i_css_animation=\"\" css_animation=\"\"][\/vc_cta]<\/div>[vc_column_text]N\u00famero de identifica\u00e7\u00e3o de IVA:DE364013844<\/p>\n<p><strong>Diretor-geral<\/strong>: Clemente Nguepnang[\/vc_column_text][vc_custom_heading text=&#8221;Cart\u00e3o de acesso&#8221; font_container=&#8221;tag:h3|text_align:left&#8221; use_theme_fonts=&#8221;yes&#8221;][vc_column_text]Para chegar \u00e0 MessaMetall, segue a A40 \/ A44 e depois a A57<br \/>\nSai de Gartenstadt[\/vc_column_text][vc_single_image image=&#8221;12956&#8243; img_size=&#8221;large&#8221;][\/vc_tta_section][vc_tta_section tab_id=&#8221;1612527931462-4764f314-2f73&#8243;][\/vc_tta_section][\/vc_tta_tabs][vc_column_text][\/vc_column_text][\/vc_column][vc_column width=&#8221;1\/2&#8243;][vc_custom_heading text=&#8221;Entra em contacto agora&#8221; font_container=&#8221;tag:h3|text_align:left&#8221; use_theme_fonts=&#8221;yes&#8221;][vc_column_text]En de Siep 40<br \/>\n47802 Krefeld<br \/>\nAlemanha[\/vc_column_text][vc_separator border_width=&#8221;5&#8243;]\n<div class=\"wpcf7 no-js\" id=\"wpcf7-f13348-o1\" lang=\"de-DE\" dir=\"ltr\" data-wpcf7-id=\"13348\">\n<div class=\"screen-reader-response\"><p role=\"status\" aria-live=\"polite\" aria-atomic=\"true\"><\/p> <ul><\/ul><\/div>\n<form action=\"\/pt-pt\/wp-json\/wp\/v2\/pages\/12955#wpcf7-f13348-o1\" method=\"post\" class=\"wpcf7-form init\" aria-label=\"Kontaktformular\" novalidate=\"novalidate\" data-status=\"init\">\n<fieldset class=\"hidden-fields-container\"><input type=\"hidden\" name=\"_wpcf7\" value=\"13348\" \/><input type=\"hidden\" name=\"_wpcf7_version\" value=\"6.1.5\" \/><input type=\"hidden\" name=\"_wpcf7_locale\" value=\"de_DE\" \/><input type=\"hidden\" name=\"_wpcf7_unit_tag\" value=\"wpcf7-f13348-o1\" \/><input type=\"hidden\" name=\"_wpcf7_container_post\" value=\"0\" \/><input type=\"hidden\" name=\"_wpcf7_posted_data_hash\" value=\"\" \/>\n<\/fieldset>\n<p><label> Sobrenome:<br \/>\n<span class=\"wpcf7-form-control-wrap\" data-name=\"your-name\"><input size=\"40\" maxlength=\"400\" class=\"wpcf7-form-control wpcf7-text wpcf7-validates-as-required\" aria-required=\"true\" aria-invalid=\"false\" value=\"\" type=\"text\" name=\"your-name\" \/><\/span> <\/label>\n<\/p>\n<p><label> E-Mail :<br \/>\n<span class=\"wpcf7-form-control-wrap\" data-name=\"your-email\"><input size=\"40\" maxlength=\"400\" class=\"wpcf7-form-control wpcf7-email wpcf7-validates-as-required wpcf7-text wpcf7-validates-as-email\" aria-required=\"true\" aria-invalid=\"false\" value=\"\" type=\"email\" name=\"your-email\" \/><\/span> <\/label>\n<\/p>\n<p><label> Mensagem :<br \/>\n<span class=\"wpcf7-form-control-wrap\" data-name=\"your-message\"><textarea cols=\"40\" rows=\"10\" maxlength=\"2000\" class=\"wpcf7-form-control wpcf7-textarea\" aria-invalid=\"false\" name=\"your-message\"><\/textarea><\/span> <\/label>\n<\/p>\n<p><input class=\"wpcf7-form-control wpcf7-submit has-spinner\" type=\"submit\" value=\"Enviar\" \/>\n<\/p><div class=\"wpcf7-response-output\" aria-hidden=\"true\"><\/div>\n<\/form>\n<\/div>\n[\/vc_column][\/vc_row]<\/p>\n<\/div>","protected":false},"excerpt":{"rendered":"<p>[vc_row css=&#8221;.vc_custom_1458134705800{padding-bottom: 40px !important;}&#8221;][vc_column width=&#8221;1\/2&#8243;][vc_single_image image=&#8221;11635&#8243; img_size=&#8221;large&#8221; onclick=&#8221;zoom&#8221;][vc_custom_heading text=&#8221;Estamos aqui para ti!&#8221; font_container=&#8221;tag:h3|text_align:left&#8221; use_theme_fonts=&#8221;yes&#8221;][vc_column_text]Podes contactar-nos atrav\u00e9s dos canais abaixo indicados[\/vc_column_text][vc_tta_tabs spacing=&#8221;2&#8243; active_section=&#8221;1&#8243;][vc_tta_section title=&#8221;Informa\u00e7\u00f5es&#8221; tab_id=&#8221;1456563326207-129a5d54-c003&#8243;][vc_column_text]N\u00famero de identifica\u00e7\u00e3o de IVA:DE364013844 Diretor-geral: Clemente Nguepnang[\/vc_column_text][vc_custom_heading text=&#8221;Cart\u00e3o de acesso&#8221; font_container=&#8221;tag:h3|text_align:left&#8221; use_theme_fonts=&#8221;yes&#8221;][vc_column_text]Para chegar \u00e0 MessaMetall, segue a A40 \/ A44 e depois a A57 Sai de Gartenstadt[\/vc_column_text][vc_single_image image=&#8221;12956&#8243; img_size=&#8221;large&#8221;][\/vc_tta_section][vc_tta_section tab_id=&#8221;1612527931462-4764f314-2f73&#8243;][\/vc_tta_section][\/vc_tta_tabs][vc_column_text][\/vc_column_text][\/vc_column][vc_column width=&#8221;1\/2&#8243;][vc_custom_heading [&hellip;]<\/p>\n","protected":false},"author":1,"featured_media":0,"parent":0,"menu_order":7,"comment_status":"closed","ping_status":"open","template":"","meta":{"footnotes":""},"class_list":["post-12955","page","type-page","status-publish","hentry"],"yoast_head":"<!-- This site is optimized with the Yoast SEO plugin v27.4 - https:\/\/yoast.com\/product\/yoast-seo-wordpress\/ -->\n<title>CONTACTO - MessaMetall - Metallh\u00e4ndler der Sie begleitet<\/title>\n<meta name=\"robots\" content=\"index, follow, max-snippet:-1, max-image-preview:large, max-video-preview:-1\" \/>\n<link rel=\"canonical\" href=\"https:\/\/messametall.com\/contact\/\" \/>\n<meta property=\"og:locale\" content=\"pt_PT\" \/>\n<meta property=\"og:type\" content=\"article\" \/>\n<meta property=\"og:title\" content=\"CONTACTO - MessaMetall - Metallh\u00e4ndler der Sie begleitet\" \/>\n<meta property=\"og:description\" content=\"[vc_row css=&#8221;.vc_custom_1458134705800{padding-bottom: 40px !important;}&#8221;][vc_column width=&#8221;1\/2&#8243;][vc_single_image image=&#8221;11635&#8243; img_size=&#8221;large&#8221; onclick=&#8221;zoom&#8221;][vc_custom_heading text=&#8221;Estamos aqui para ti!&#8221; font_container=&#8221;tag:h3|text_align:left&#8221; use_theme_fonts=&#8221;yes&#8221;][vc_column_text]Podes contactar-nos atrav\u00e9s dos canais abaixo indicados[\/vc_column_text][vc_tta_tabs spacing=&#8221;2&#8243; active_section=&#8221;1&#8243;][vc_tta_section title=&#8221;Informa\u00e7\u00f5es&#8221; tab_id=&#8221;1456563326207-129a5d54-c003&#8243;][vc_column_text]N\u00famero de identifica\u00e7\u00e3o de IVA:DE364013844 Diretor-geral: Clemente Nguepnang[\/vc_column_text][vc_custom_heading text=&#8221;Cart\u00e3o de acesso&#8221; font_container=&#8221;tag:h3|text_align:left&#8221; use_theme_fonts=&#8221;yes&#8221;][vc_column_text]Para chegar \u00e0 MessaMetall, segue a A40 \/ A44 e depois a A57 Sai de Gartenstadt[\/vc_column_text][vc_single_image image=&#8221;12956&#8243; img_size=&#8221;large&#8221;][\/vc_tta_section][vc_tta_section tab_id=&#8221;1612527931462-4764f314-2f73&#8243;][\/vc_tta_section][\/vc_tta_tabs][vc_column_text][\/vc_column_text][\/vc_column][vc_column width=&#8221;1\/2&#8243;][vc_custom_heading [&hellip;]\" \/>\n<meta property=\"og:url\" content=\"https:\/\/messametall.com\/contact\/\" \/>\n<meta property=\"og:site_name\" content=\"MessaMetall - Metallh\u00e4ndler der Sie begleitet\" \/>\n<meta property=\"article:modified_time\" content=\"2024-11-28T16:31:47+00:00\" \/>\n<meta name=\"twitter:card\" content=\"summary_large_image\" \/>\n<meta name=\"twitter:label1\" content=\"Tempo estimado de leitura\" \/>\n\t<meta name=\"twitter:data1\" content=\"1 minuto\" \/>\n<script type=\"application\/ld+json\" class=\"yoast-schema-graph\">{\"@context\":\"https:\\\/\\\/schema.org\",\"@graph\":[{\"@type\":\"WebPage\",\"@id\":\"https:\\\/\\\/messametall.com\\\/contact\\\/\",\"url\":\"https:\\\/\\\/messametall.com\\\/contact\\\/\",\"name\":\"CONTACTO - MessaMetall - Metallh\u00e4ndler der Sie begleitet\",\"isPartOf\":{\"@id\":\"https:\\\/\\\/messametall.com\\\/#website\"},\"datePublished\":\"2024-04-22T16:27:34+00:00\",\"dateModified\":\"2024-11-28T16:31:47+00:00\",\"breadcrumb\":{\"@id\":\"https:\\\/\\\/messametall.com\\\/contact\\\/#breadcrumb\"},\"inLanguage\":\"pt-PT\",\"potentialAction\":[{\"@type\":\"ReadAction\",\"target\":[\"https:\\\/\\\/messametall.com\\\/contact\\\/\"]}]},{\"@type\":\"BreadcrumbList\",\"@id\":\"https:\\\/\\\/messametall.com\\\/contact\\\/#breadcrumb\",\"itemListElement\":[{\"@type\":\"ListItem\",\"position\":1,\"name\":\"Startseite\",\"item\":\"https:\\\/\\\/messametall.com\\\/\"},{\"@type\":\"ListItem\",\"position\":2,\"name\":\"CONTACTO\"}]},{\"@type\":\"WebSite\",\"@id\":\"https:\\\/\\\/messametall.com\\\/#website\",\"url\":\"https:\\\/\\\/messametall.com\\\/\",\"name\":\"MessaMetall - Metallh\u00e4ndler der Sie begleitet\",\"description\":\"Metallh\u00e4ndler aus krefeld\",\"potentialAction\":[{\"@type\":\"SearchAction\",\"target\":{\"@type\":\"EntryPoint\",\"urlTemplate\":\"https:\\\/\\\/messametall.com\\\/?s={search_term_string}\"},\"query-input\":{\"@type\":\"PropertyValueSpecification\",\"valueRequired\":true,\"valueName\":\"search_term_string\"}}],\"inLanguage\":\"pt-PT\"}]}<\/script>\n<!-- \/ Yoast SEO plugin. -->","yoast_head_json":{"title":"CONTACTO - MessaMetall - Metallh\u00e4ndler der Sie begleitet","robots":{"index":"index","follow":"follow","max-snippet":"max-snippet:-1","max-image-preview":"max-image-preview:large","max-video-preview":"max-video-preview:-1"},"canonical":"https:\/\/messametall.com\/contact\/","og_locale":"pt_PT","og_type":"article","og_title":"CONTACTO - MessaMetall - Metallh\u00e4ndler der Sie begleitet","og_description":"[vc_row css=&#8221;.vc_custom_1458134705800{padding-bottom: 40px !important;}&#8221;][vc_column width=&#8221;1\/2&#8243;][vc_single_image image=&#8221;11635&#8243; img_size=&#8221;large&#8221; onclick=&#8221;zoom&#8221;][vc_custom_heading text=&#8221;Estamos aqui para ti!&#8221; font_container=&#8221;tag:h3|text_align:left&#8221; use_theme_fonts=&#8221;yes&#8221;][vc_column_text]Podes contactar-nos atrav\u00e9s dos canais abaixo indicados[\/vc_column_text][vc_tta_tabs spacing=&#8221;2&#8243; active_section=&#8221;1&#8243;][vc_tta_section title=&#8221;Informa\u00e7\u00f5es&#8221; tab_id=&#8221;1456563326207-129a5d54-c003&#8243;][vc_column_text]N\u00famero de identifica\u00e7\u00e3o de IVA:DE364013844 Diretor-geral: Clemente Nguepnang[\/vc_column_text][vc_custom_heading text=&#8221;Cart\u00e3o de acesso&#8221; font_container=&#8221;tag:h3|text_align:left&#8221; use_theme_fonts=&#8221;yes&#8221;][vc_column_text]Para chegar \u00e0 MessaMetall, segue a A40 \/ A44 e depois a A57 Sai de Gartenstadt[\/vc_column_text][vc_single_image image=&#8221;12956&#8243; img_size=&#8221;large&#8221;][\/vc_tta_section][vc_tta_section tab_id=&#8221;1612527931462-4764f314-2f73&#8243;][\/vc_tta_section][\/vc_tta_tabs][vc_column_text][\/vc_column_text][\/vc_column][vc_column width=&#8221;1\/2&#8243;][vc_custom_heading [&hellip;]","og_url":"https:\/\/messametall.com\/contact\/","og_site_name":"MessaMetall - Metallh\u00e4ndler der Sie begleitet","article_modified_time":"2024-11-28T16:31:47+00:00","twitter_card":"summary_large_image","twitter_misc":{"Tempo estimado de leitura":"1 minuto"},"schema":{"@context":"https:\/\/schema.org","@graph":[{"@type":"WebPage","@id":"https:\/\/messametall.com\/contact\/","url":"https:\/\/messametall.com\/contact\/","name":"CONTACTO - MessaMetall - Metallh\u00e4ndler der Sie begleitet","isPartOf":{"@id":"https:\/\/messametall.com\/#website"},"datePublished":"2024-04-22T16:27:34+00:00","dateModified":"2024-11-28T16:31:47+00:00","breadcrumb":{"@id":"https:\/\/messametall.com\/contact\/#breadcrumb"},"inLanguage":"pt-PT","potentialAction":[{"@type":"ReadAction","target":["https:\/\/messametall.com\/contact\/"]}]},{"@type":"BreadcrumbList","@id":"https:\/\/messametall.com\/contact\/#breadcrumb","itemListElement":[{"@type":"ListItem","position":1,"name":"Startseite","item":"https:\/\/messametall.com\/"},{"@type":"ListItem","position":2,"name":"CONTACTO"}]},{"@type":"WebSite","@id":"https:\/\/messametall.com\/#website","url":"https:\/\/messametall.com\/","name":"MessaMetall - Metallh\u00e4ndler der Sie begleitet","description":"Metallh\u00e4ndler aus krefeld","potentialAction":[{"@type":"SearchAction","target":{"@type":"EntryPoint","urlTemplate":"https:\/\/messametall.com\/?s={search_term_string}"},"query-input":{"@type":"PropertyValueSpecification","valueRequired":true,"valueName":"search_term_string"}}],"inLanguage":"pt-PT"}]}},"_links":{"self":[{"href":"https:\/\/messametall.com\/pt-pt\/wp-json\/wp\/v2\/pages\/12955","targetHints":{"allow":["GET"]}}],"collection":[{"href":"https:\/\/messametall.com\/pt-pt\/wp-json\/wp\/v2\/pages"}],"about":[{"href":"https:\/\/messametall.com\/pt-pt\/wp-json\/wp\/v2\/types\/page"}],"author":[{"embeddable":true,"href":"https:\/\/messametall.com\/pt-pt\/wp-json\/wp\/v2\/users\/1"}],"replies":[{"embeddable":true,"href":"https:\/\/messametall.com\/pt-pt\/wp-json\/wp\/v2\/comments?post=12955"}],"version-history":[{"count":15,"href":"https:\/\/messametall.com\/pt-pt\/wp-json\/wp\/v2\/pages\/12955\/revisions"}],"predecessor-version":[{"id":14221,"href":"https:\/\/messametall.com\/pt-pt\/wp-json\/wp\/v2\/pages\/12955\/revisions\/14221"}],"wp:attachment":[{"href":"https:\/\/messametall.com\/pt-pt\/wp-json\/wp\/v2\/media?parent=12955"}],"curies":[{"name":"wp","href":"https:\/\/api.w.org\/{rel}","templated":true}]}}