{"id":13089,"date":"2024-04-22T18:46:43","date_gmt":"2024-04-22T16:46:43","guid":{"rendered":"https:\/\/messametall.com\/ueruenler\/muehendislik-celigi\/"},"modified":"2024-06-07T13:11:59","modified_gmt":"2024-06-07T11:11:59","slug":"muehendislik-celigi","status":"publish","type":"page","link":"https:\/\/messametall.com\/tr\/ueruenler\/muehendislik-celigi\/","title":{"rendered":"M\u00fchendislik \u00e7eli\u011fi"},"content":{"rendered":"<div class=\"wpb-content-wrapper\"><p>[vc_row][vc_column][vc_column_text]<\/p>\n<div id=\"bk31\" class=\"bk-widget widget-content widget-content-48FT44\">\n<h3><span style=\"color: #4a94af;\"><strong>1. m\u00fchendislik \u00e7eli\u011fi yuvarlak &#8211; haddelenmi\u015f ve d\u00f6v\u00fclm\u00fc\u015f<\/strong><\/span><\/h3>\n<p><strong>MessaMetall<\/strong> size etkileyici bir yuvarlak m\u00fchendislik \u00e7eli\u011fi sto\u011fu sunar (stokta kal\u0131c\u0131 olarak 16.000 tondan fazla). M\u00fckemmel makine yelpazemiz, t\u0131pk\u0131 delme i\u015fleminde oldu\u011fu gibi en dar toleranslarla gerekli hassasiyette kesim yapmam\u0131z\u0131 sa\u011flar.<\/p>\n<h3><span style=\"color: #4a94af;\"><strong>Teslimat program\u0131:<\/strong><\/span><\/h3>\n<p>Kalite ve m\u00fchendislik \u00e7elikleri, d\u00f6v\u00fclebilir ve s\u0131k\u0131\u015ft\u0131r\u0131labilir \u00e7ubuk \u00e7elikler.<\/p>\n<ul>\n<li>Yap\u0131sal \u00e7elik<\/li>\n<li>S\u00f6nd\u00fcr\u00fclm\u00fc\u015f ve temperlenmi\u015f \u00e7elik, ala\u015f\u0131ml\u0131 ve ala\u015f\u0131ms\u0131z<\/li>\n<li>Sertle\u015ftirilmi\u015f \u00e7elik, ala\u015f\u0131ml\u0131 ve ala\u015f\u0131ms\u0131z<\/li>\n<li>Borlu \u00e7elikler<\/li>\n<li>Mikroala\u015f\u0131ml\u0131 \u00e7elikler<\/li>\n<\/ul>\n<p><strong>Yuvarlak \u00e7elik:<\/strong> haddelenmi\u015f, soyulmu\u015f, d\u00f6v\u00fclm\u00fc\u015f, d\u00f6v\u00fclm\u00fc\u015f \u00f6n tornalanm\u0131\u015f<br \/>\n<strong>Yuvarlak \u00e7elik:<\/strong> d\u00f6v\u00fclebilir ve s\u0131k\u0131\u015ft\u0131r\u0131labilir<\/p>\n<h3><span style=\"color: #4a94af;\"><strong>Depolama program\u0131:<\/strong><\/span><\/h3>\n<p>C10, C15, C22, C35, Ck 35, C45, C45 N, C45XM, Ck 45, C50, C60, C60+N, Ck 60, S235, S 355, S355JO, S355J2+N, S355XM, 13CrMo4-5, 15NiCr13, 15CrMoV5-9, 16MNCR5, 16MNCR5XM, 17CrNi6-6, 18CRNIMO7-6, 20MNCR5, 20CrNiMo2, 21CrMoV5-7, 24CrMo5, 25CrMo4, 30CRNIMO8+A, 30CRNIMO8+QT, 30CrMoV9, 31CRV3, 31CRMOV9+QT, 34CRNIMO6+A, 34CRNIMO6+QT, 34Cr4, 34CrMo4, 34CrAlNi7-10<\/p>\n<p>35NiCrMoV12-5, 36CRB4, 41Cr4, 42CRMO4, 42CRMO4+QT, 50CrMo4, 51CrV4, SAE 1020, SAE 1045, EN3B (070M20), EN8 (080M40), ZF1, ZF1A, ZF7B.<\/p>\n<p>&nbsp;<\/p>\n<\/div>\n<div id=\"bk40\" class=\"bk-widget widget-content widget-content-84068A\">\n<p><strong>Mekanik i\u015fleme i\u00e7in yuvarlak \u00e7elik &#8211; Haddelenmi\u015f yuvarlak \u00e7elik, k\u0131smen soyulmu\u015f &#8211; Haddelenmi\u015f yuvarlak \u00e7elik, CA ala\u015f\u0131ml\u0131 &#8211; D\u00f6v\u00fclm\u00fc\u015f yuvarlak \u00e7elik, \u00f6nceden tornalanm\u0131\u015f &#8211; D\u00f6v\u00fclebilir ve d\u00f6v\u00fclebilir \u00e7elikler<\/strong><\/p>\n<\/div>\n<div><img loading=\"lazy\" decoding=\"async\" class=\"alignnone wp-image-12280 size-full\" src=\"https:\/\/messametall.com\/wp-content\/uploads\/2024\/06\/Bild-1-Edelbaustahl-Rund-4.jpg\" alt=\"\" width=\"543\" height=\"766\"><\/div>\n<div id=\"bk42\" class=\"bk-widget widget-content widget-content-E9R3P5\">\n<div><\/div>\n<div><\/div>\n<\/div>\n<div id=\"bk51\" class=\"bk-widget widget-content widget-content-TK7EKP\">\n<h3><span style=\"color: #4a94af;\"><strong>\u00c7elik i\u015fleme Yuvarlak malzeme<\/strong><\/span><\/h3>\n<p><strong>Testere &#8211; Tornalama &#8211; Delme &#8211; Frezeleme &#8211; Honlama &#8211; Merkezleme &#8211; Planlama<\/strong><br \/>\nBizim i\u00e7in sorun de\u011fil.<\/p>\n<p>K\u0131sa teslimat s\u00fcrelerinin temeli olan tan\u0131nm\u0131\u015f \u0131s\u0131l i\u015flem \u015firketleriyle m\u00fckemmel ba\u011flant\u0131lar kuruyoruz.<br \/>\nTavlama. \u00dccretlendirme. Normalle\u015ftirme ve \u00e7ok daha fazlas\u0131.<\/p>\n<p><strong>&#8220;<\/strong> Tam zaman\u0131nda&#8221; teslimat gibi, s\u00fcrekli kalite kontrol\u00fc de bizim i\u00e7in do\u011fal bir konudur.<\/p>\n<p><em><strong>Testereler<\/strong><\/em><\/p>\n<p>Yenilik\u00e7i toplama ve kesme sistemlerimiz k\u0131sa teslimat s\u00fcrelerini garanti eder.<\/p>\n<p>En dar toleranslara sahip \u00f6zelle\u015ftirilmi\u015f hassas kesimler, \u00e7eli\u011finizin 1.300 mm\/rd \u00e7apa kadar &#8220;\u00f6l\u00e7\u00fcye g\u00f6re yap\u0131lmas\u0131n\u0131&#8221; sa\u011flar.<\/p>\n<p><em><strong>Sondaj<\/strong><\/em><\/p>\n<p>Yeni derin delme makinemizde, maksimum 860 mm d\u0131\u015f \u00e7apa ve maksimum 3000 mm uzunlu\u011fa kadar yuvarlak \u00e7elik \u00fcretebiliyoruz, ancak maksimum birim a\u011f\u0131rl\u0131\u011f\u0131 10 ton.<\/p>\n<p>Kendi mekanik \u00fcretimimizden bireysel par\u00e7alar ve delikli diskler sunabiliriz.<\/p>\n<\/div>\n<div id=\"bk52\" class=\"bk-widget widget-content widget-content-19R8TC\">\n<h3><span style=\"color: #4a94af;\"><strong><br \/>\n2. paslanmaz \u00e7elik k\u00fct\u00fckler<\/strong><\/span><\/h3>\n<p><strong>MessaMetall<\/strong> size etkileyici bir paslanmaz \u00e7elik k\u00fct\u00fck sto\u011fu sunuyor.<\/p>\n<h3><span style=\"color: #4a94af;\"><strong>Depolama program\u0131:<\/strong><\/span><\/h3>\n<p>S355J2, C45R, 42CrMo4, ST3SP.<\/p>\n<\/div>\n<div id=\"bk54\" class=\"bk-widget widget-content widget-content-BLMP9V\">\n<p><img loading=\"lazy\" decoding=\"async\" class=\"alignnone wp-image-12292 size-full\" src=\"https:\/\/messametall.com\/wp-content\/uploads\/2024\/06\/Bild-2-Edelbaustahl-Knuppel-4.jpg\" alt=\"\" width=\"368\" height=\"620\"><\/p>\n<h3><strong><span style=\"color: #4a94af;\">3. paslanmaz \u00e7elik \u00e7elik kiri\u015fler<\/span><\/strong><\/h3>\n<p><strong>MessaMetall<\/strong> size etkileyici bir paslanmaz \u00e7elik yap\u0131sal \u00e7elik kiri\u015f sto\u011fu sunar.<\/p>\n<h3><span style=\"color: #4a94af;\"><strong>Depolama program\u0131:<\/strong><\/span><\/h3>\n<p>S235JR+AR IPBI240, S235JR+AR IPB240, S235JR+AR IPE300, S235JR+AR IPBI200, S235JR+AR IPB300, S235JR+AR IPB200, S235JR+AR IPB240, S235JR+AR IPE180, S235JR+AR IPE200, S235JR+AR IPBI180.<\/p>\n<\/div>\n<div id=\"bk56\" class=\"bk-widget widget-content widget-content-C5VN55\">\n<p><img loading=\"lazy\" decoding=\"async\" class=\"alignnone wp-image-12295 size-full\" src=\"https:\/\/messametall.com\/wp-content\/uploads\/2024\/06\/Bild-3-Edelbaustahl-Stahltrager-4.jpg\" alt=\"\" width=\"368\" height=\"361\"><\/p>\n<h3><strong><span style=\"color: #4a94af;\">4. paslanmaz \u00e7eli\u0307k sac<\/span><\/strong><\/h3>\n<p><strong>MessaMetall<\/strong> size etkileyici bir paslanmaz \u00e7elik sac sto\u011fu sunuyor.<\/p>\n<h3><span style=\"color: #4a94af;\"><strong>Depolama program\u0131:<\/strong><\/span><\/h3>\n<p><strong>S690QL EN10025-6<\/strong><\/p>\n<\/div>\n<div id=\"bk57\" class=\"bk-widget widget-image widget-image-S28418\"><img loading=\"lazy\" decoding=\"async\" class=\"alignnone wp-image-12298 size-full\" src=\"https:\/\/messametall.com\/wp-content\/uploads\/2024\/06\/Bild-4-Edelbaustahl-Blech-1-3.jpg\" alt=\"\" width=\"185\" height=\"909\"><\/div>\n<div id=\"bk58\" class=\"bk-widget widget-content widget-content-38Q3J1\">\n<p>&nbsp;<\/p>\n<p><strong>ROCKSTAR 400<\/strong><\/p>\n<\/div>\n<div id=\"bk60\" class=\"bk-widget widget-content widget-content-46IRFM\">\n<p><img loading=\"lazy\" decoding=\"async\" class=\"alignnone wp-image-12301 size-full\" src=\"https:\/\/messametall.com\/wp-content\/uploads\/2024\/06\/Bild-5-ROCKSTAR-400-3.jpg\" alt=\"\" width=\"185\" height=\"275\"><\/p>\n<p><strong>ROCKSTAR 450<\/strong><\/p>\n<\/div>\n<div id=\"bk61\" class=\"bk-widget widget-image widget-image-08DP0A\"><\/div>\n<div id=\"bk62\" class=\"bk-widget widget-content widget-content-F4D5P5\">\n<p><img loading=\"lazy\" decoding=\"async\" class=\"alignnone wp-image-12304 size-full\" src=\"https:\/\/messametall.com\/wp-content\/uploads\/2024\/06\/Bild-6-ROCKSTAR-450-1-3.jpg\" alt=\"\" width=\"185\" height=\"737\"><\/p>\n<p><strong>ROCKSTAR 500<br \/>\n<\/strong><\/p>\n<\/div>\n<div id=\"bk64\" class=\"bk-widget widget-content widget-content-59SD8Q\">\n<p><img loading=\"lazy\" decoding=\"async\" class=\"alignnone wp-image-12307 size-full\" src=\"https:\/\/messametall.com\/wp-content\/uploads\/2024\/06\/Bild-7-ROCKSTAR-500-3.jpg\" alt=\"\" width=\"185\" height=\"447\"><\/p>\n<p>&nbsp;<\/p>\n<p><strong>S235JR+N<\/strong><\/p>\n<\/div>\n<div id=\"bk66\" class=\"bk-widget widget-content widget-content-SQOIE4\">\n<p><img loading=\"lazy\" decoding=\"async\" class=\"alignnone wp-image-12310 size-full\" src=\"https:\/\/messametall.com\/wp-content\/uploads\/2024\/06\/Bild-8-S235JRN-4.jpg\" alt=\"\" width=\"185\" height=\"102\"><\/p>\n<p><strong>S235J2+N<\/strong><\/p>\n<\/div>\n<div id=\"bk68\" class=\"bk-widget widget-content widget-content-FO8KU5\">\n<p><img loading=\"lazy\" decoding=\"async\" class=\"alignnone wp-image-12313 size-full\" src=\"https:\/\/messametall.com\/wp-content\/uploads\/2024\/06\/Bild-9-S235J2N-3.jpg\" alt=\"\" width=\"185\" height=\"505\"><\/p>\n<h3><strong style=\"color: #4a94af;\">5. <strong>M\u00fchendislik \u00e7elikleri d\u00fcz, kare ve blok<\/strong><\/strong><\/h3>\n<h3><span style=\"color: #4a94af;\"><strong>Depolama program\u0131:<\/strong><\/span><\/h3>\n<p>C45, 16MnCr5<strong>,<\/strong> 18CrMo4, 31CrMoV9, 34CrNiMo6, 36SMn14, 42CrMo4, CSN 16346.<\/p>\n<\/div>\n<p><img loading=\"lazy\" decoding=\"async\" class=\"alignnone wp-image-12316 size-full\" src=\"https:\/\/messametall.com\/wp-content\/uploads\/2024\/06\/Bild-10-Edelbaustahle-Flach-vkt-Block-4.jpg\" alt=\"\" width=\"368\" height=\"275\"><\/p>\n<h3><strong><span style=\"color: #4a94af;\">6. parlak \u00e7eli\u0307kler<\/span><\/strong><\/h3>\n<p><strong>MessaMetall<\/strong> size etkileyici bir <strong>parlak \u00e7elik<\/strong> sto\u011fu sunuyor.<\/p>\n<p><strong>\u00dcr\u00fcnler <\/strong><\/p>\n<ul>\n<li>Serbest kesimli \u00e7elik<\/li>\n<li>M\u00fchendislik \u00e7eli\u011fi<\/li>\n<li>Sertle\u015ftirilmi\u015f \u00e7elik<\/li>\n<li>S\u00f6nd\u00fcr\u00fclm\u00fc\u015f ve temperlenmi\u015f \u00e7elik<\/li>\n<li>Ala\u015f\u0131ml\u0131 ve ala\u015f\u0131ms\u0131z tak\u0131m \u00e7elikleri<\/li>\n<li>Tornavida ve u\u00e7 \u00e7elikleri<\/li>\n<li>Otomotiv ve havac\u0131l\u0131k end\u00fcstrileri i\u00e7in \u00f6zel analizlere g\u00f6re \u00e7elikler, vb.<\/li>\n<li>Paslanmaz, aside ve \u0131s\u0131ya dayan\u0131kl\u0131 \u00e7elikler<\/li>\n<\/ul>\n<p><strong>Boyut aral\u0131klar\u0131<\/strong><\/p>\n<ul>\n<li>Yuvarlak aral\u0131k 2 &#8211; 42 mm<\/li>\n<li>Alt\u0131gen 4 &#8211; 36 mm<\/li>\n<li>Kare 4 &#8211; 30 mm<\/li>\n<li>Halkalar 2 &#8211; 45 mm<\/li>\n<li>Bobinler 2 &#8211; 15 mm<\/li>\n<li>\u0130stek \u00fczerine \u00f6zel profiller<\/li>\n<\/ul>\n<p><strong>Tedavi ko\u015fullar\u0131<\/strong><\/p>\n<ul>\n<li>C- so\u011fuk \u00e7ekilmi\u015f<\/li>\n<li>A+C- yumu\u015fak tavlanm\u0131\u015f ve so\u011fuk \u00e7ekilmi\u015f<\/li>\n<li>AC+C- GKZ- tavlanm\u0131\u015f ve so\u011fuk \u00e7ekilmi\u015f<\/li>\n<li>S+C- gev\u015fetilmi\u015f ve so\u011fuk \u00e7ekilmi\u015f<\/li>\n<li>FP+C- BG- tavlanm\u0131\u015f ve so\u011fuk \u00e7ekilmi\u015f<\/li>\n<li>C+A+C- so\u011fuk \u00e7ekilmi\u015f ve tavlanm\u0131\u015f ve so\u011fuk \u00e7ekilmi\u015f<\/li>\n<li>yer<\/li>\n<\/ul>\n<p><strong>Y\u00fczey<\/strong><\/p>\n<ul>\n<li>ISO h11-h9-h8 toleranslar\u0131na g\u00f6re yuvarlak boyutlar i\u00e7in \u00e7ekilmi\u015f ve parlat\u0131lm\u0131\u015f<\/li>\n<li>ISO h11-h9-h8-h7-h6 toleranslar\u0131na g\u00f6re yuvarlak boyutlar i\u00e7in \u00e7ekilmi\u015f ve ta\u015flanm\u0131\u015f<\/li>\n<li>ISO h11 tolerans\u0131na g\u00f6re alt\u0131gen ve kare boyutlar i\u00e7in \u00e7izilmi\u015ftir<\/li>\n<li>halka ve kangal halinde \u00e7ekilmi\u015f ISO h11-h9<\/li>\n<li>\u0130stek \u00fczerine \u00f6zel toleranslar<\/li>\n<\/ul>\n<p><strong>Sunum\/teslimat formu<\/strong><\/p>\n<ul>\n<li>\u00c7ubuk uzunluklar\u0131 1.500 &#8211; 6.300 veya 7.000 mm (-0\/+50 mm)<\/li>\n<li>\u0130stek \u00fczerine daha s\u0131k\u0131 toleranslar<\/li>\n<li>\u00c7ubuklar 6 mm yuvarlak ve alt\u0131gen \u00e7atlak testinden ge\u00e7irilmi\u015ftir<\/li>\n<li>Pah k\u0131rma, pah k\u0131rma, gerekti\u011fi gibi planlama<\/li>\n<li>Bobin a\u011f\u0131rl\u0131klar\u0131: 1.000 &#8211; 2.000 kg<\/li>\n<li>Halkalar: 250 &#8211; 2.000 kg<\/li>\n<li>Bobinler: 500 &#8211; 2.000 kg<\/li>\n<\/ul>\n<p><strong>Malzemeler \/ DIN EN<\/strong><\/p>\n<ul>\n<li>Stok nitelikleri:<\/li>\n<\/ul>\n<p>11SMn30; 11SMnPb30 ayr\u0131ca TeS ve Te ile; 11SMnPb37; S235JRG2C; S355J2G3C; C15; C35; C45; C15Pb; C35Pb; C45Pb<\/p>\n<ul>\n<li>Di\u011fer kalite \u00f6rnekleri:<\/li>\n<\/ul>\n<p>10S20; 10SPb20; 35S20; 35SPb20; 46S20; 46SPb20; 44SMn28; 44SMnPb28; 16MnCr5; 16MnCrS5; 16MnCrS5Pb; 20MnCrS5; 34Cr4; 41Cr4; 42CrMoS4; 50CrV4; 59CrV4; 61CrSiV5; 73MoV52; 1.4104; 1.4301; 1.4401; 1.4571<\/p>\n<ul>\n<li>Di\u011fer s\u0131n\u0131flar talep \u00fczerine<\/li>\n<\/ul>\n<div id=\"bk71\" class=\"bk-widget widget-content widget-content-511KBF\">\n<p>&nbsp;<\/p>\n<h3><span style=\"color: #4a94af;\"><strong>7. di\u011fer m\u00fchendislik \u00e7elikleri Yuvarlak<\/strong><\/span><\/h3>\n<h3><span style=\"color: #4a94af;\"><strong>Depolama program\u0131:<\/strong><\/span><\/h3>\n<p>C35, 13CrMo44, 14CrMoV6-9, 16MnCrS5, 17CrNiMo6, 25CrMo4, 34 CrAlNi 7-10 (1.8550), 36 NiCrMo16 (1.6773), 50CrMo4, 50CrV4 \/ 51CrV4, 100CrMnMo8 (1.3539), S420NL (1.8912), P460NL1 (1.8915), CSN 15150, OV235, AISI4340.<\/p>\n<p><img loading=\"lazy\" decoding=\"async\" class=\"alignnone wp-image-12319 size-full\" src=\"https:\/\/messametall.com\/wp-content\/uploads\/2024\/06\/Bild-11-Andere-Edelbaustahle-Rund-4.jpg\" alt=\"\" width=\"429\" height=\"505\"><\/p>\n<\/div>\n<p>[\/vc_column_text][\/vc_column][\/vc_row]<\/p>\n<\/div>","protected":false},"excerpt":{"rendered":"<p>[vc_row][vc_column][vc_column_text] 1. m\u00fchendislik \u00e7eli\u011fi yuvarlak &#8211; haddelenmi\u015f ve d\u00f6v\u00fclm\u00fc\u015f MessaMetall size etkileyici bir yuvarlak m\u00fchendislik \u00e7eli\u011fi sto\u011fu sunar (stokta kal\u0131c\u0131 olarak 16.000 tondan fazla). M\u00fckemmel makine yelpazemiz, t\u0131pk\u0131 delme i\u015fleminde oldu\u011fu gibi en dar toleranslarla gerekli hassasiyette kesim yapmam\u0131z\u0131 sa\u011flar. Teslimat program\u0131: Kalite ve m\u00fchendislik \u00e7elikleri, d\u00f6v\u00fclebilir ve s\u0131k\u0131\u015ft\u0131r\u0131labilir \u00e7ubuk \u00e7elikler. Yap\u0131sal \u00e7elik S\u00f6nd\u00fcr\u00fclm\u00fc\u015f ve [&hellip;]<\/p>\n","protected":false},"author":1,"featured_media":0,"parent":13021,"menu_order":0,"comment_status":"closed","ping_status":"closed","template":"","meta":{"footnotes":""},"class_list":["post-13089","page","type-page","status-publish","hentry"],"yoast_head":"<!-- This site is optimized with the Yoast SEO plugin v27.4 - https:\/\/yoast.com\/product\/yoast-seo-wordpress\/ -->\n<title>M\u00fchendislik \u00e7eli\u011fi - MessaMetall - Metallh\u00e4ndler der Sie begleitet<\/title>\n<meta name=\"robots\" content=\"index, follow, max-snippet:-1, max-image-preview:large, max-video-preview:-1\" \/>\n<link rel=\"canonical\" href=\"https:\/\/messametall.com\/produkte\/edelbaustahl\/\" \/>\n<meta property=\"og:locale\" content=\"tr_TR\" \/>\n<meta property=\"og:type\" content=\"article\" \/>\n<meta property=\"og:title\" content=\"M\u00fchendislik \u00e7eli\u011fi - MessaMetall - Metallh\u00e4ndler der Sie begleitet\" \/>\n<meta property=\"og:description\" content=\"[vc_row][vc_column][vc_column_text] 1. m\u00fchendislik \u00e7eli\u011fi yuvarlak &#8211; haddelenmi\u015f ve d\u00f6v\u00fclm\u00fc\u015f MessaMetall size etkileyici bir yuvarlak m\u00fchendislik \u00e7eli\u011fi sto\u011fu sunar (stokta kal\u0131c\u0131 olarak 16.000 tondan fazla). M\u00fckemmel makine yelpazemiz, t\u0131pk\u0131 delme i\u015fleminde oldu\u011fu gibi en dar toleranslarla gerekli hassasiyette kesim yapmam\u0131z\u0131 sa\u011flar. Teslimat program\u0131: Kalite ve m\u00fchendislik \u00e7elikleri, d\u00f6v\u00fclebilir ve s\u0131k\u0131\u015ft\u0131r\u0131labilir \u00e7ubuk \u00e7elikler. Yap\u0131sal \u00e7elik S\u00f6nd\u00fcr\u00fclm\u00fc\u015f ve [&hellip;]\" \/>\n<meta property=\"og:url\" content=\"https:\/\/messametall.com\/produkte\/edelbaustahl\/\" \/>\n<meta property=\"og:site_name\" content=\"MessaMetall - Metallh\u00e4ndler der Sie begleitet\" \/>\n<meta property=\"article:modified_time\" content=\"2024-06-07T11:11:59+00:00\" \/>\n<meta property=\"og:image\" content=\"https:\/\/messametall.com\/wp-content\/uploads\/2024\/06\/Bild-1-Edelbaustahl-Rund-4.jpg\" \/>\n<meta name=\"twitter:card\" content=\"summary_large_image\" \/>\n<meta name=\"twitter:label1\" content=\"Tahmini okuma s\u00fcresi\" \/>\n\t<meta name=\"twitter:data1\" content=\"4 dakika\" \/>\n<script type=\"application\/ld+json\" class=\"yoast-schema-graph\">{\"@context\":\"https:\\\/\\\/schema.org\",\"@graph\":[{\"@type\":\"WebPage\",\"@id\":\"https:\\\/\\\/messametall.com\\\/produkte\\\/edelbaustahl\\\/\",\"url\":\"https:\\\/\\\/messametall.com\\\/produkte\\\/edelbaustahl\\\/\",\"name\":\"M\u00fchendislik \u00e7eli\u011fi - MessaMetall - Metallh\u00e4ndler der Sie begleitet\",\"isPartOf\":{\"@id\":\"https:\\\/\\\/messametall.com\\\/#website\"},\"primaryImageOfPage\":{\"@id\":\"https:\\\/\\\/messametall.com\\\/produkte\\\/edelbaustahl\\\/#primaryimage\"},\"image\":{\"@id\":\"https:\\\/\\\/messametall.com\\\/produkte\\\/edelbaustahl\\\/#primaryimage\"},\"thumbnailUrl\":\"https:\\\/\\\/messametall.com\\\/wp-content\\\/uploads\\\/2024\\\/06\\\/Bild-1-Edelbaustahl-Rund-4.jpg\",\"datePublished\":\"2024-04-22T16:46:43+00:00\",\"dateModified\":\"2024-06-07T11:11:59+00:00\",\"breadcrumb\":{\"@id\":\"https:\\\/\\\/messametall.com\\\/produkte\\\/edelbaustahl\\\/#breadcrumb\"},\"inLanguage\":\"tr\",\"potentialAction\":[{\"@type\":\"ReadAction\",\"target\":[\"https:\\\/\\\/messametall.com\\\/produkte\\\/edelbaustahl\\\/\"]}]},{\"@type\":\"ImageObject\",\"inLanguage\":\"tr\",\"@id\":\"https:\\\/\\\/messametall.com\\\/produkte\\\/edelbaustahl\\\/#primaryimage\",\"url\":\"https:\\\/\\\/messametall.com\\\/wp-content\\\/uploads\\\/2024\\\/06\\\/Bild-1-Edelbaustahl-Rund-4.jpg\",\"contentUrl\":\"https:\\\/\\\/messametall.com\\\/wp-content\\\/uploads\\\/2024\\\/06\\\/Bild-1-Edelbaustahl-Rund-4.jpg\"},{\"@type\":\"BreadcrumbList\",\"@id\":\"https:\\\/\\\/messametall.com\\\/produkte\\\/edelbaustahl\\\/#breadcrumb\",\"itemListElement\":[{\"@type\":\"ListItem\",\"position\":1,\"name\":\"Startseite\",\"item\":\"https:\\\/\\\/messametall.com\\\/cs\\\/\"},{\"@type\":\"ListItem\",\"position\":2,\"name\":\"\u00dcr\u00fcnler\",\"item\":\"https:\\\/\\\/messametall.com\\\/produkte\\\/\"},{\"@type\":\"ListItem\",\"position\":3,\"name\":\"M\u00fchendislik \u00e7eli\u011fi\"}]},{\"@type\":\"WebSite\",\"@id\":\"https:\\\/\\\/messametall.com\\\/#website\",\"url\":\"https:\\\/\\\/messametall.com\\\/\",\"name\":\"MessaMetall - Metallh\u00e4ndler der Sie begleitet\",\"description\":\"Metallh\u00e4ndler aus krefeld\",\"potentialAction\":[{\"@type\":\"SearchAction\",\"target\":{\"@type\":\"EntryPoint\",\"urlTemplate\":\"https:\\\/\\\/messametall.com\\\/?s={search_term_string}\"},\"query-input\":{\"@type\":\"PropertyValueSpecification\",\"valueRequired\":true,\"valueName\":\"search_term_string\"}}],\"inLanguage\":\"tr\"}]}<\/script>\n<!-- \/ Yoast SEO plugin. -->","yoast_head_json":{"title":"M\u00fchendislik \u00e7eli\u011fi - MessaMetall - Metallh\u00e4ndler der Sie begleitet","robots":{"index":"index","follow":"follow","max-snippet":"max-snippet:-1","max-image-preview":"max-image-preview:large","max-video-preview":"max-video-preview:-1"},"canonical":"https:\/\/messametall.com\/produkte\/edelbaustahl\/","og_locale":"tr_TR","og_type":"article","og_title":"M\u00fchendislik \u00e7eli\u011fi - MessaMetall - Metallh\u00e4ndler der Sie begleitet","og_description":"[vc_row][vc_column][vc_column_text] 1. m\u00fchendislik \u00e7eli\u011fi yuvarlak &#8211; haddelenmi\u015f ve d\u00f6v\u00fclm\u00fc\u015f MessaMetall size etkileyici bir yuvarlak m\u00fchendislik \u00e7eli\u011fi sto\u011fu sunar (stokta kal\u0131c\u0131 olarak 16.000 tondan fazla). M\u00fckemmel makine yelpazemiz, t\u0131pk\u0131 delme i\u015fleminde oldu\u011fu gibi en dar toleranslarla gerekli hassasiyette kesim yapmam\u0131z\u0131 sa\u011flar. Teslimat program\u0131: Kalite ve m\u00fchendislik \u00e7elikleri, d\u00f6v\u00fclebilir ve s\u0131k\u0131\u015ft\u0131r\u0131labilir \u00e7ubuk \u00e7elikler. Yap\u0131sal \u00e7elik S\u00f6nd\u00fcr\u00fclm\u00fc\u015f ve [&hellip;]","og_url":"https:\/\/messametall.com\/produkte\/edelbaustahl\/","og_site_name":"MessaMetall - Metallh\u00e4ndler der Sie begleitet","article_modified_time":"2024-06-07T11:11:59+00:00","og_image":[{"url":"https:\/\/messametall.com\/wp-content\/uploads\/2024\/06\/Bild-1-Edelbaustahl-Rund-4.jpg","type":"","width":"","height":""}],"twitter_card":"summary_large_image","twitter_misc":{"Tahmini okuma s\u00fcresi":"4 dakika"},"schema":{"@context":"https:\/\/schema.org","@graph":[{"@type":"WebPage","@id":"https:\/\/messametall.com\/produkte\/edelbaustahl\/","url":"https:\/\/messametall.com\/produkte\/edelbaustahl\/","name":"M\u00fchendislik \u00e7eli\u011fi - MessaMetall - Metallh\u00e4ndler der Sie begleitet","isPartOf":{"@id":"https:\/\/messametall.com\/#website"},"primaryImageOfPage":{"@id":"https:\/\/messametall.com\/produkte\/edelbaustahl\/#primaryimage"},"image":{"@id":"https:\/\/messametall.com\/produkte\/edelbaustahl\/#primaryimage"},"thumbnailUrl":"https:\/\/messametall.com\/wp-content\/uploads\/2024\/06\/Bild-1-Edelbaustahl-Rund-4.jpg","datePublished":"2024-04-22T16:46:43+00:00","dateModified":"2024-06-07T11:11:59+00:00","breadcrumb":{"@id":"https:\/\/messametall.com\/produkte\/edelbaustahl\/#breadcrumb"},"inLanguage":"tr","potentialAction":[{"@type":"ReadAction","target":["https:\/\/messametall.com\/produkte\/edelbaustahl\/"]}]},{"@type":"ImageObject","inLanguage":"tr","@id":"https:\/\/messametall.com\/produkte\/edelbaustahl\/#primaryimage","url":"https:\/\/messametall.com\/wp-content\/uploads\/2024\/06\/Bild-1-Edelbaustahl-Rund-4.jpg","contentUrl":"https:\/\/messametall.com\/wp-content\/uploads\/2024\/06\/Bild-1-Edelbaustahl-Rund-4.jpg"},{"@type":"BreadcrumbList","@id":"https:\/\/messametall.com\/produkte\/edelbaustahl\/#breadcrumb","itemListElement":[{"@type":"ListItem","position":1,"name":"Startseite","item":"https:\/\/messametall.com\/cs\/"},{"@type":"ListItem","position":2,"name":"\u00dcr\u00fcnler","item":"https:\/\/messametall.com\/produkte\/"},{"@type":"ListItem","position":3,"name":"M\u00fchendislik \u00e7eli\u011fi"}]},{"@type":"WebSite","@id":"https:\/\/messametall.com\/#website","url":"https:\/\/messametall.com\/","name":"MessaMetall - Metallh\u00e4ndler der Sie begleitet","description":"Metallh\u00e4ndler aus krefeld","potentialAction":[{"@type":"SearchAction","target":{"@type":"EntryPoint","urlTemplate":"https:\/\/messametall.com\/?s={search_term_string}"},"query-input":{"@type":"PropertyValueSpecification","valueRequired":true,"valueName":"search_term_string"}}],"inLanguage":"tr"}]}},"_links":{"self":[{"href":"https:\/\/messametall.com\/tr\/wp-json\/wp\/v2\/pages\/13089","targetHints":{"allow":["GET"]}}],"collection":[{"href":"https:\/\/messametall.com\/tr\/wp-json\/wp\/v2\/pages"}],"about":[{"href":"https:\/\/messametall.com\/tr\/wp-json\/wp\/v2\/types\/page"}],"author":[{"embeddable":true,"href":"https:\/\/messametall.com\/tr\/wp-json\/wp\/v2\/users\/1"}],"replies":[{"embeddable":true,"href":"https:\/\/messametall.com\/tr\/wp-json\/wp\/v2\/comments?post=13089"}],"version-history":[{"count":23,"href":"https:\/\/messametall.com\/tr\/wp-json\/wp\/v2\/pages\/13089\/revisions"}],"predecessor-version":[{"id":13775,"href":"https:\/\/messametall.com\/tr\/wp-json\/wp\/v2\/pages\/13089\/revisions\/13775"}],"up":[{"embeddable":true,"href":"https:\/\/messametall.com\/tr\/wp-json\/wp\/v2\/pages\/13021"}],"wp:attachment":[{"href":"https:\/\/messametall.com\/tr\/wp-json\/wp\/v2\/media?parent=13089"}],"curies":[{"name":"wp","href":"https:\/\/api.w.org\/{rel}","templated":true}]}}