{"id":13179,"date":"2024-04-22T18:48:22","date_gmt":"2024-04-22T16:48:22","guid":{"rendered":"https:\/\/messametall.com\/ueruenler\/paslanmaz-celik-2\/"},"modified":"2024-06-07T13:12:04","modified_gmt":"2024-06-07T11:12:04","slug":"paslanmaz-celik-2","status":"publish","type":"page","link":"https:\/\/messametall.com\/tr\/ueruenler\/paslanmaz-celik-2\/","title":{"rendered":"Paslanmaz \u00e7elik"},"content":{"rendered":"<div class=\"wpb-content-wrapper\"><p>[vc_row][vc_column][vc_column_text]<\/p>\n<div id=\"bk31\" class=\"bk-widget widget-content widget-content-48FT44\">\n<p><strong><br \/>\n  <span style=\"color: #4a94af; font-size: 18px; line-height: 20px;\">Paslanmaz \u00e7elik, nikel ve titanyum ala\u015f\u0131mlar\u0131<br \/>\n<\/span><br \/>\n<\/strong><strong>MessaMetall<\/strong> size etkileyici bir paslanmaz \u00e7elik yuvarlak, yass\u0131, kare, alt\u0131gen, k\u00f6\u015febent ve tel sto\u011fu sunar (stokta kal\u0131c\u0131 olarak 8.000 tondan fazla).<\/p>\n<p>&nbsp;<\/p>\n<p><span style=\"color: #4a94af; font-size: 18px;\"><strong>1. paslanmaz a\u011f\u0131r levha, kal\u0131nl\u0131k 3 ila 130 mm<\/strong><\/span><\/p>\n<p><span style=\"color: #4a94af; font-size: 18px;\"><strong>Kamp program\u0131:<\/strong><\/span><\/p>\n<p>1.4301 [Z6CN18-09 (304)], 1.4307 [1 .4307 Z2CN18-10 (304L)], 1.4401 [Z6CND17-11 (316)],<\/p>\n<p>1.4404 [Z2CND17-12-2 (316L)], 1.4410 [Z6CND17-11 (316)], 1.4462 (Z3CND22-05 Az),<\/p>\n<p>1.4539 (Z2CNDU25-20), 1.4541 [Z6CNT18-10 (321)], 1.4571 [Z6CNDT17-12 (316Ti)],<\/p>\n<p>1.4841 [Z15CNS25-20 (314)], 1.4828 [Z15CNS20-12 (309)], 1.4878 [Z6CNT18-12 (321H)],<\/p>\n<p>2507, UNS 31803, S32205, AISI 2205, UNS 32750, 309L, UNS N08904.<\/p>\n<p>&nbsp;<\/p>\n<p><span style=\"color: #4a94af; font-size: 18px;\"><strong>Teslimat program\u0131:<\/strong><\/span><\/p>\n<p>Quarto levhalar &#8211; Dubleks &#8211; S\u00fcper Dubleks &#8211; Is\u0131ya dayan\u0131kl\u0131 levhalar &#8211; Uranus B6<\/p>\n<p><strong><span style=\"font-size: 18px;\">Standart formatlarda Quarto plakalar<\/span><\/strong><\/p>\n<p><span style=\"font-size: 14px; color: #302f2f;\">1.4301 [Z6CN18-09 (304)], 1.4307 [Z2CN18-10 (304L)], 1.4541 [Z6CNT18-10 (321)],<br \/>\n1.4878 [Z6CNT18-12 (321H)], 1.4401 [Z6CND17-11 (316)], 1.4404 [Z2CND17-12-2 (316L)],<br \/>\n1.4571 [Z6CNDT17-12 (316Ti)].<\/span><strong><span style=\"font-size: 18px;\"><br \/>\n<\/span><\/strong><\/p>\n<p><strong><span style=\"font-size: 18px;\"><img loading=\"lazy\" decoding=\"async\" class=\"alignnone wp-image-12324 size-full\" src=\"https:\/\/messametall.com\/wp-content\/uploads\/2024\/06\/Bild-1-Quartobleche-in-Standardformaten-4.jpg\" alt=\"\" width=\"493\" height=\"444\"><\/span><\/strong><\/p>\n<p><strong><span style=\"font-size: 18px;\">Sabit uzunlukta quarto levhalar*<\/span><\/strong><\/p>\n<\/div>\n<p><img loading=\"lazy\" decoding=\"async\" class=\"alignnone wp-image-12327 size-full\" src=\"https:\/\/messametall.com\/wp-content\/uploads\/2024\/06\/Bild-2-Fixlange-Quartobleche-4.jpg\" alt=\"\" width=\"465\" height=\"217\"><\/p>\n<div id=\"bk31\" class=\"bk-widget widget-content widget-content-48FT44\">\n<p>* Bunlar\u0131 istedi\u011finiz uzunlukta derhal kesiyoruz<\/p>\n<\/div>\n<div id=\"bk36\" class=\"bk-widget widget-content widget-content-92YT0S\">\n<p><strong><span style=\"font-size: 18px;\">Dubleks<\/span><\/strong><\/p>\n<p><span style=\"color: #302f2f; font-size: 14px;\">1.4462 (Z3CND22-05 Az), UNS 31803, S32205, AISI 2205.<strong><br \/>\n<\/strong><\/span><\/p>\n<p><strong><span style=\"font-size: 18px;\"><img loading=\"lazy\" decoding=\"async\" class=\"alignnone wp-image-12330 size-full\" src=\"https:\/\/messametall.com\/wp-content\/uploads\/2024\/06\/Bild-3-Duplex-4.jpg\" alt=\"\" width=\"493\" height=\"370\"><\/span><\/strong><\/p>\n<p><strong><span style=\"font-size: 18px;\">S\u00fcper Dubleks<\/span><\/strong><\/p>\n<p><span style=\"font-size: 14px; color: #302f2f;\">1.4410 [Z6CND17-11 (316)], 2507, UNS 32750.<br \/>\n<\/span><\/p>\n<\/div>\n<p><strong><span style=\"font-size: 18px;\"><img loading=\"lazy\" decoding=\"async\" class=\"alignnone wp-image-12333 size-full\" src=\"https:\/\/messametall.com\/wp-content\/uploads\/2024\/06\/Bild-4-Super-Duplex-4.jpg\" alt=\"\" width=\"493\" height=\"370\"><\/span><\/strong><\/p>\n<p><strong><span style=\"font-size: 18px;\">Is\u0131ya dayan\u0131kl\u0131 metal levhalar<\/span><\/strong><\/p>\n<p><span style=\"font-size: 14px; color: #302f2f;\">1.4828 [Z15CNS20-12 (309)], 1.4841 [Z15CNS25-20 (314)].<br \/>\n<\/span><\/p>\n<p><strong><span style=\"font-size: 18px;\"><img loading=\"lazy\" decoding=\"async\" class=\"alignnone wp-image-12336 size-full\" src=\"https:\/\/messametall.com\/wp-content\/uploads\/2024\/06\/Bild-5-Hitzebestandige-Bleche-4.jpg\" alt=\"\" width=\"493\" height=\"370\"><\/span><\/strong><\/p>\n<p><strong><span style=\"font-size: 18px;\">Uran\u00fcs B6<\/span><\/strong><\/p>\n<p><span style=\"font-size: 14px; color: #302f2f;\">1.4539 (Z2CNDU25-20), 309L, UNS N08904.<br \/>\n<\/span><\/p>\n<p><img loading=\"lazy\" decoding=\"async\" class=\"alignnone wp-image-12339 size-full\" src=\"https:\/\/messametall.com\/wp-content\/uploads\/2024\/06\/Bild-6-Uranus-B6-4.jpg\" alt=\"\" width=\"493\" height=\"370\"><\/p>\n<p>&nbsp;<\/p>\n<p><strong><span style=\"color: #4a94af; font-size: 18px;\">2. paslanmaz \u00e7elik sac, kal\u0131nl\u0131k 0,3 ila 8 mm<\/span><\/strong><\/p>\n<div><strong style=\"color: #4a94af; font-size: 18px;\">Depolama program\u0131:<\/strong><\/div>\n<div>\n<p>1.4016, 1.4301, 1.4404, 1.4509, 1.4512, 1.4541, 1.4571, 1.4828, 1.4841, 1.4878.<\/p>\n<\/div>\n<p>&nbsp;<\/p>\n<div id=\"bk45\" class=\"bk-widget widget-content widget-content-5FDA5E\">\n<p><strong><span style=\"color: #4a94af; font-size: 18px;\">3<\/span><\/strong><strong><span style=\"color: #4a94af; font-size: 18px;\">. Paslanmaz \u00e7elik yar\u0131k \u015ferit, kal\u0131nl\u0131k 0,3 ila 8 mm<\/span><\/strong><\/p>\n<div><strong><span style=\"color: #4a94af; font-size: 18px;\">Depolama program\u0131:<\/span><\/strong><\/div>\n<div>\n<p>1.4016 (430), 1.4301 (304), 1.4307 (304L), 1.4401 (316), 1.4404 (316L), 1.4541 (321), 1.4571 (316 Ti),<\/p>\n<p>1.4016 (430), 1.4512 (409), 1.4113 (434), 1.4509 (441), 1.4510 (430TI), 1.4511 (430NB), 1.4512 (409), 1.4520.<\/p>\n<p>&nbsp;<\/p>\n<\/div>\n<\/div>\n<div id=\"bk46\" class=\"bk-widget widget-content widget-content-223QT4\">\n<p><strong><span style=\"color: #4a94af; font-size: 18px;\">4<\/span><\/strong><strong><span style=\"color: #4a94af; font-size: 18px;\">. Paslanmaz \u00e7elik boru<\/span><\/strong><\/p>\n<div><span style=\"color: #4a94af;\"><span style=\"font-size: 18px;\"><b>Depolama program\u0131:<\/b><\/span><\/span><\/div>\n<div>\n<p>1.4301, 1.4404, 1.4571.<\/p>\n<\/div>\n<\/div>\n<div id=\"bk47\" class=\"bk-widget widget-content widget-content-36TFD7\">\n<p><span style=\"color: #4a94af; font-size: 18px;\"><strong><br \/>\n5. Paslanmaz \u00e7elikler yuvarlak, d\u00fcz, kare, alt\u0131gen ve a\u00e7\u0131l\u0131<\/strong><\/span><\/p>\n<div><strong style=\"color: #4a94af; font-size: 18px;\">Depolama program\u0131:<\/strong><\/div>\n<div>\n<p>1.4057, 1.4104, 1.4112, 1.4122, 1.4301, 1.4305, 1.4404, 1.4410, 1.4418, 1.4435, 1.4460, 1.4462, 1.4501, 1.4529, 1.4539, 1.4541, 1.4542, 1.4547, 1.4571, 1.4742, 1.4828, 1.4835, 1.4841, 1.4913, 1.4923.<\/p>\n<\/div>\n<p>&nbsp;<\/p>\n<p><strong><span style=\"font-size: 18px;\">Paslanmaz yuvarlak<\/span><\/strong><\/p>\n<\/div>\n<p><strong><span style=\"font-size: 18px;\"><img loading=\"lazy\" decoding=\"async\" class=\"alignnone wp-image-12342 size-full\" src=\"https:\/\/messametall.com\/wp-content\/uploads\/2024\/06\/Bild-7-Rostfreier-Rund-4.jpg\" alt=\"\" width=\"291\" height=\"567\"><\/span><\/strong><\/p>\n<p><strong><span style=\"font-size: 18px;\">Paslanmaz \u00e7elik yass\u0131<\/span><\/strong><\/p>\n<p><strong><span style=\"font-size: 18px;\"><img loading=\"lazy\" decoding=\"async\" class=\"alignnone wp-image-12345 size-full\" src=\"https:\/\/messametall.com\/wp-content\/uploads\/2024\/06\/Bild-8-Rostfreier-Flach-4.jpg\" alt=\"\" width=\"319\" height=\"247\"><\/span><\/strong><\/p>\n<p><strong><span style=\"font-size: 18px;\">Paslanmaz \u00e7elik kare<\/span><\/strong><\/p>\n<p><strong><span style=\"font-size: 18px;\"><img loading=\"lazy\" decoding=\"async\" class=\"alignnone wp-image-12348 size-full\" src=\"https:\/\/messametall.com\/wp-content\/uploads\/2024\/06\/Bild-9-Rostfreier-Vierkant-4.jpg\" alt=\"\" width=\"291\" height=\"198\"><\/span><\/strong><\/p>\n<p><strong><span style=\"font-size: 18px;\">Paslanmaz \u00e7elik alt\u0131gen<\/span><\/strong><\/p>\n<p><strong><span style=\"font-size: 18px;\"><img loading=\"lazy\" decoding=\"async\" class=\"alignnone wp-image-12351 size-full\" src=\"https:\/\/messametall.com\/wp-content\/uploads\/2024\/06\/Bild-10-Rostfreier-Sechskant-9.jpg\" alt=\"\" width=\"291\" height=\"272\"><\/span><\/strong><\/p>\n<p><strong><span style=\"font-size: 18px;\">Paslanmaz a\u00e7\u0131<\/span><\/strong><\/p>\n<p><span style=\"color: #4a94af; font-size: 18px;\"><strong><img loading=\"lazy\" decoding=\"async\" class=\"alignnone wp-image-12354 size-full\" src=\"https:\/\/messametall.com\/wp-content\/uploads\/2024\/06\/Bild-11-Rostfreier-Winkel-4.jpg\" alt=\"\" width=\"348\" height=\"99\"><\/strong><\/span><\/p>\n<p>&nbsp;<\/p>\n<p><span style=\"color: #4a94af; font-size: 18px;\"><strong>6. paslanmaz tel<\/strong><\/span><\/p>\n<div><strong style=\"color: #4a94af; font-size: 18px;\">Depolama program\u0131:<\/strong><\/div>\n<div>\n<p>1.4016, 1.4021, 1.4034 \/ 1.4034S, 1.4104, 1.4112, 1.4122, 1.4125, 1.4301 \/ 1.4307, 1.4305, 304CU, 1.4567, 1.4541, 1.4571, 1.4401 \/ 1.4404, 1.4578, 1.4362 \/ 1.4462, 1.4828, 1.4835, 1.4841, 1.4845.<\/p>\n<p>&nbsp;<\/p>\n<\/div>\n<div id=\"bk58\" class=\"bk-widget widget-content widget-content-78GF58\">\n<p><strong style=\"color: #4a94af; font-size: 18px;\">7. nikel ve titanyum ala\u015f\u0131mlar\u0131<\/strong><\/p>\n<div>\n<p><span style=\"color: #4a94af; font-size: 18px;\"><strong>Depolama program\u0131:<\/strong><\/span><\/p>\n<p>1.3912 (Nilo 36), 1.4529 (Ala\u015f\u0131m 926), 1.4539 (Ala\u015f\u0131m 904L), 1.4862 (Ala\u015f\u0131m DS), 1.4876 (Ala\u015f\u0131m 800H\/HT), 1.4980 (Ala\u015f\u0131m 286), 2.4068 (Nikel 201), 2.4360 (Ala\u015f\u0131m 400), 2.4375 (Ala\u015f\u0131m K500), 2.4660 (Ala\u015f\u0131m 20), 2.4668 (Ala\u015f\u0131m 718), 2.4816 (Ala\u015f\u0131m 600), 2.4819 (Ala\u015f\u0131m C276), 2.4851 (Ala\u015f\u0131m 601), 2.4852 (Ala\u015f\u0131m 925), 2.4856 (Ala\u015f\u0131m 625), 2.4858 (Ala\u015f\u0131m 825), 2.4869 (Ni\/Cr 80\/20), 2.4952 (Ala\u015f\u0131m 80A), 3.7035 (Titanyum Gr. 2), 3.7164 (Titanyum Gr. 5 Ti6Al4V9), 3.7165 (Titanyum Gr. 5 Ti6Al4V), Titanyum Gr. 5-ELI.<\/p>\n<p>&nbsp;<\/p>\n<p><strong><span style=\"font-size: 18px;\">Nikel ve nikel ala\u015f\u0131mlar\u0131<\/span><\/strong><\/p>\n<\/div>\n<div id=\"_mcePaste\" class=\"mcePaste\" style=\"position: absolute; left: -10000px; top: 0px; width: 1px; height: 1px; overflow: hidden;\">\n<h3><span lang=\"EN-GB\" style=\"font-size: 12pt; font-family: Calibri, sans-serif;\" xml:lang=\"EN-GB\"><img loading=\"lazy\" decoding=\"async\" class=\"alignnone size-medium wp-image-12360\" src=\"https:\/\/messametall.com\/wp-content\/uploads\/2024\/06\/Bild-12-Rostfreier-Nickel-und-Nickellegierungen-4-300x297.jpg\" alt=\"\" width=\"300\" height=\"284\"><img loading=\"lazy\" decoding=\"async\" class=\"alignnone size-medium wp-image-12360\" src=\"https:\/\/messametall.com\/wp-content\/uploads\/2024\/06\/Bild-12-Rostfreier-Nickel-und-Nickellegierungen-4-300x297.jpg\" alt=\"\" width=\"300\" height=\"284\">1.3912 (Nilo 36), 1.4529 (Ala\u015f\u0131m 926), 1.4539 (Ala\u015f\u0131m 904L), 1.4862 (Ala\u015f\u0131m DS), 1.4876 (Ala\u015f\u0131m 800H\/HT), 1.4980 (Ala\u015f\u0131m 286), 2.4068 (Nikel 201), 2.4360 (Ala\u015f\u0131m 400), 2.4375 (Ala\u015f\u0131m K500), 2.4660 (Ala\u015f\u0131m 20), 2.4668 (Ala\u015f\u0131m 718 ), 2.4816 (Ala\u015f\u0131m 600), 2.4819 (Ala\u015f\u0131m C276), 2.4851 (Ala\u015f\u0131m 601), 2.4852 (Ala\u015f\u0131m 925), 2.4856 (Ala\u015f\u0131m 625), 2.4858 (Ala\u015f\u0131m 825), 2.4869 (Ni\/Cr 80\/20), 2.4952 (Ala\u015f\u0131m 80A), 3.7035 (Titanyum Gr. 2), 3.7164 (Titanyum Gr. 5 Ti6Al4V9) 3.7165 (Titanyum Gr. 5 Ti6Al4V), Titanyum Gr.5-ELI<\/span><\/h3>\n<\/div>\n<\/div>\n<p><img loading=\"lazy\" decoding=\"async\" class=\"alignnone wp-image-12360 size-full\" src=\"https:\/\/messametall.com\/wp-content\/uploads\/2024\/06\/Bild-12-Rostfreier-Nickel-und-Nickellegierungen-4.jpg\" alt=\"\" width=\"469\" height=\"444\"><\/p>\n<p>* mm cinsinden boyut<\/p>\n<div><\/div>\n<div id=\"bk61\" class=\"bk-widget widget-content widget-content-J0A62T\">\n<p><strong><span style=\"font-size: 18px;\">Titanyum ve titanyum ala\u015f\u0131mlar\u0131<\/span><\/strong><\/p>\n<\/div>\n<p><img loading=\"lazy\" decoding=\"async\" class=\"alignnone wp-image-12364 size-full\" src=\"https:\/\/messametall.com\/wp-content\/uploads\/2024\/06\/Bild-13-Rostfreier-Titan-und-Titanlegierungen-4.jpg\" alt=\"\" width=\"348\" height=\"124\"><\/p>\n<p>* mm cinsinden boyut[\/vc_column_text][\/vc_column][\/vc_row][vc_row][vc_column][\/vc_column][\/vc_row]<\/p>\n<\/div>","protected":false},"excerpt":{"rendered":"<p>[vc_row][vc_column][vc_column_text] Paslanmaz \u00e7elik, nikel ve titanyum ala\u015f\u0131mlar\u0131 MessaMetall size etkileyici bir paslanmaz \u00e7elik yuvarlak, yass\u0131, kare, alt\u0131gen, k\u00f6\u015febent ve tel sto\u011fu sunar (stokta kal\u0131c\u0131 olarak 8.000 tondan fazla). &nbsp; 1. paslanmaz a\u011f\u0131r levha, kal\u0131nl\u0131k 3 ila 130 mm Kamp program\u0131: 1.4301 [Z6CN18-09 (304)], 1.4307 [1 .4307 Z2CN18-10 (304L)], 1.4401 [Z6CND17-11 (316)], 1.4404 [Z2CND17-12-2 (316L)], 1.4410 [&hellip;]<\/p>\n","protected":false},"author":1,"featured_media":0,"parent":13021,"menu_order":0,"comment_status":"closed","ping_status":"closed","template":"","meta":{"footnotes":""},"class_list":["post-13179","page","type-page","status-publish","hentry"],"yoast_head":"<!-- This site is optimized with the Yoast SEO plugin v27.4 - https:\/\/yoast.com\/product\/yoast-seo-wordpress\/ -->\n<title>Paslanmaz \u00e7elik - MessaMetall - Metallh\u00e4ndler der Sie begleitet<\/title>\n<meta name=\"robots\" content=\"index, follow, max-snippet:-1, max-image-preview:large, max-video-preview:-1\" \/>\n<link rel=\"canonical\" href=\"https:\/\/messametall.com\/produkte\/rostfreier-stahl\/\" \/>\n<meta property=\"og:locale\" content=\"tr_TR\" \/>\n<meta property=\"og:type\" content=\"article\" \/>\n<meta property=\"og:title\" content=\"Paslanmaz \u00e7elik - MessaMetall - Metallh\u00e4ndler der Sie begleitet\" \/>\n<meta property=\"og:description\" content=\"[vc_row][vc_column][vc_column_text] Paslanmaz \u00e7elik, nikel ve titanyum ala\u015f\u0131mlar\u0131 MessaMetall size etkileyici bir paslanmaz \u00e7elik yuvarlak, yass\u0131, kare, alt\u0131gen, k\u00f6\u015febent ve tel sto\u011fu sunar (stokta kal\u0131c\u0131 olarak 8.000 tondan fazla). &nbsp; 1. paslanmaz a\u011f\u0131r levha, kal\u0131nl\u0131k 3 ila 130 mm Kamp program\u0131: 1.4301 [Z6CN18-09 (304)], 1.4307 [1 .4307 Z2CN18-10 (304L)], 1.4401 [Z6CND17-11 (316)], 1.4404 [Z2CND17-12-2 (316L)], 1.4410 [&hellip;]\" \/>\n<meta property=\"og:url\" content=\"https:\/\/messametall.com\/produkte\/rostfreier-stahl\/\" \/>\n<meta property=\"og:site_name\" content=\"MessaMetall - Metallh\u00e4ndler der Sie begleitet\" \/>\n<meta property=\"article:modified_time\" content=\"2024-06-07T11:12:04+00:00\" \/>\n<meta property=\"og:image\" content=\"https:\/\/messametall.com\/wp-content\/uploads\/2024\/06\/Bild-1-Quartobleche-in-Standardformaten-4.jpg\" \/>\n<meta name=\"twitter:card\" content=\"summary_large_image\" \/>\n<meta name=\"twitter:label1\" content=\"Tahmini okuma s\u00fcresi\" \/>\n\t<meta name=\"twitter:data1\" content=\"2 dakika\" \/>\n<script type=\"application\/ld+json\" class=\"yoast-schema-graph\">{\"@context\":\"https:\\\/\\\/schema.org\",\"@graph\":[{\"@type\":\"WebPage\",\"@id\":\"https:\\\/\\\/messametall.com\\\/produkte\\\/rostfreier-stahl\\\/\",\"url\":\"https:\\\/\\\/messametall.com\\\/produkte\\\/rostfreier-stahl\\\/\",\"name\":\"Paslanmaz \u00e7elik - MessaMetall - Metallh\u00e4ndler der Sie begleitet\",\"isPartOf\":{\"@id\":\"https:\\\/\\\/messametall.com\\\/#website\"},\"primaryImageOfPage\":{\"@id\":\"https:\\\/\\\/messametall.com\\\/produkte\\\/rostfreier-stahl\\\/#primaryimage\"},\"image\":{\"@id\":\"https:\\\/\\\/messametall.com\\\/produkte\\\/rostfreier-stahl\\\/#primaryimage\"},\"thumbnailUrl\":\"https:\\\/\\\/messametall.com\\\/wp-content\\\/uploads\\\/2024\\\/06\\\/Bild-1-Quartobleche-in-Standardformaten-4.jpg\",\"datePublished\":\"2024-04-22T16:48:22+00:00\",\"dateModified\":\"2024-06-07T11:12:04+00:00\",\"breadcrumb\":{\"@id\":\"https:\\\/\\\/messametall.com\\\/produkte\\\/rostfreier-stahl\\\/#breadcrumb\"},\"inLanguage\":\"tr\",\"potentialAction\":[{\"@type\":\"ReadAction\",\"target\":[\"https:\\\/\\\/messametall.com\\\/produkte\\\/rostfreier-stahl\\\/\"]}]},{\"@type\":\"ImageObject\",\"inLanguage\":\"tr\",\"@id\":\"https:\\\/\\\/messametall.com\\\/produkte\\\/rostfreier-stahl\\\/#primaryimage\",\"url\":\"https:\\\/\\\/messametall.com\\\/wp-content\\\/uploads\\\/2024\\\/06\\\/Bild-1-Quartobleche-in-Standardformaten-4.jpg\",\"contentUrl\":\"https:\\\/\\\/messametall.com\\\/wp-content\\\/uploads\\\/2024\\\/06\\\/Bild-1-Quartobleche-in-Standardformaten-4.jpg\"},{\"@type\":\"BreadcrumbList\",\"@id\":\"https:\\\/\\\/messametall.com\\\/produkte\\\/rostfreier-stahl\\\/#breadcrumb\",\"itemListElement\":[{\"@type\":\"ListItem\",\"position\":1,\"name\":\"Startseite\",\"item\":\"https:\\\/\\\/messametall.com\\\/cs\\\/\"},{\"@type\":\"ListItem\",\"position\":2,\"name\":\"\u00dcr\u00fcnler\",\"item\":\"https:\\\/\\\/messametall.com\\\/produkte\\\/\"},{\"@type\":\"ListItem\",\"position\":3,\"name\":\"Paslanmaz \u00e7elik\"}]},{\"@type\":\"WebSite\",\"@id\":\"https:\\\/\\\/messametall.com\\\/#website\",\"url\":\"https:\\\/\\\/messametall.com\\\/\",\"name\":\"MessaMetall - Metallh\u00e4ndler der Sie begleitet\",\"description\":\"Metallh\u00e4ndler aus krefeld\",\"potentialAction\":[{\"@type\":\"SearchAction\",\"target\":{\"@type\":\"EntryPoint\",\"urlTemplate\":\"https:\\\/\\\/messametall.com\\\/?s={search_term_string}\"},\"query-input\":{\"@type\":\"PropertyValueSpecification\",\"valueRequired\":true,\"valueName\":\"search_term_string\"}}],\"inLanguage\":\"tr\"}]}<\/script>\n<!-- \/ Yoast SEO plugin. -->","yoast_head_json":{"title":"Paslanmaz \u00e7elik - MessaMetall - Metallh\u00e4ndler der Sie begleitet","robots":{"index":"index","follow":"follow","max-snippet":"max-snippet:-1","max-image-preview":"max-image-preview:large","max-video-preview":"max-video-preview:-1"},"canonical":"https:\/\/messametall.com\/produkte\/rostfreier-stahl\/","og_locale":"tr_TR","og_type":"article","og_title":"Paslanmaz \u00e7elik - MessaMetall - Metallh\u00e4ndler der Sie begleitet","og_description":"[vc_row][vc_column][vc_column_text] Paslanmaz \u00e7elik, nikel ve titanyum ala\u015f\u0131mlar\u0131 MessaMetall size etkileyici bir paslanmaz \u00e7elik yuvarlak, yass\u0131, kare, alt\u0131gen, k\u00f6\u015febent ve tel sto\u011fu sunar (stokta kal\u0131c\u0131 olarak 8.000 tondan fazla). &nbsp; 1. paslanmaz a\u011f\u0131r levha, kal\u0131nl\u0131k 3 ila 130 mm Kamp program\u0131: 1.4301 [Z6CN18-09 (304)], 1.4307 [1 .4307 Z2CN18-10 (304L)], 1.4401 [Z6CND17-11 (316)], 1.4404 [Z2CND17-12-2 (316L)], 1.4410 [&hellip;]","og_url":"https:\/\/messametall.com\/produkte\/rostfreier-stahl\/","og_site_name":"MessaMetall - Metallh\u00e4ndler der Sie begleitet","article_modified_time":"2024-06-07T11:12:04+00:00","og_image":[{"url":"https:\/\/messametall.com\/wp-content\/uploads\/2024\/06\/Bild-1-Quartobleche-in-Standardformaten-4.jpg","type":"","width":"","height":""}],"twitter_card":"summary_large_image","twitter_misc":{"Tahmini okuma s\u00fcresi":"2 dakika"},"schema":{"@context":"https:\/\/schema.org","@graph":[{"@type":"WebPage","@id":"https:\/\/messametall.com\/produkte\/rostfreier-stahl\/","url":"https:\/\/messametall.com\/produkte\/rostfreier-stahl\/","name":"Paslanmaz \u00e7elik - MessaMetall - Metallh\u00e4ndler der Sie begleitet","isPartOf":{"@id":"https:\/\/messametall.com\/#website"},"primaryImageOfPage":{"@id":"https:\/\/messametall.com\/produkte\/rostfreier-stahl\/#primaryimage"},"image":{"@id":"https:\/\/messametall.com\/produkte\/rostfreier-stahl\/#primaryimage"},"thumbnailUrl":"https:\/\/messametall.com\/wp-content\/uploads\/2024\/06\/Bild-1-Quartobleche-in-Standardformaten-4.jpg","datePublished":"2024-04-22T16:48:22+00:00","dateModified":"2024-06-07T11:12:04+00:00","breadcrumb":{"@id":"https:\/\/messametall.com\/produkte\/rostfreier-stahl\/#breadcrumb"},"inLanguage":"tr","potentialAction":[{"@type":"ReadAction","target":["https:\/\/messametall.com\/produkte\/rostfreier-stahl\/"]}]},{"@type":"ImageObject","inLanguage":"tr","@id":"https:\/\/messametall.com\/produkte\/rostfreier-stahl\/#primaryimage","url":"https:\/\/messametall.com\/wp-content\/uploads\/2024\/06\/Bild-1-Quartobleche-in-Standardformaten-4.jpg","contentUrl":"https:\/\/messametall.com\/wp-content\/uploads\/2024\/06\/Bild-1-Quartobleche-in-Standardformaten-4.jpg"},{"@type":"BreadcrumbList","@id":"https:\/\/messametall.com\/produkte\/rostfreier-stahl\/#breadcrumb","itemListElement":[{"@type":"ListItem","position":1,"name":"Startseite","item":"https:\/\/messametall.com\/cs\/"},{"@type":"ListItem","position":2,"name":"\u00dcr\u00fcnler","item":"https:\/\/messametall.com\/produkte\/"},{"@type":"ListItem","position":3,"name":"Paslanmaz \u00e7elik"}]},{"@type":"WebSite","@id":"https:\/\/messametall.com\/#website","url":"https:\/\/messametall.com\/","name":"MessaMetall - Metallh\u00e4ndler der Sie begleitet","description":"Metallh\u00e4ndler aus krefeld","potentialAction":[{"@type":"SearchAction","target":{"@type":"EntryPoint","urlTemplate":"https:\/\/messametall.com\/?s={search_term_string}"},"query-input":{"@type":"PropertyValueSpecification","valueRequired":true,"valueName":"search_term_string"}}],"inLanguage":"tr"}]}},"_links":{"self":[{"href":"https:\/\/messametall.com\/tr\/wp-json\/wp\/v2\/pages\/13179","targetHints":{"allow":["GET"]}}],"collection":[{"href":"https:\/\/messametall.com\/tr\/wp-json\/wp\/v2\/pages"}],"about":[{"href":"https:\/\/messametall.com\/tr\/wp-json\/wp\/v2\/types\/page"}],"author":[{"embeddable":true,"href":"https:\/\/messametall.com\/tr\/wp-json\/wp\/v2\/users\/1"}],"replies":[{"embeddable":true,"href":"https:\/\/messametall.com\/tr\/wp-json\/wp\/v2\/comments?post=13179"}],"version-history":[{"count":3,"href":"https:\/\/messametall.com\/tr\/wp-json\/wp\/v2\/pages\/13179\/revisions"}],"predecessor-version":[{"id":13780,"href":"https:\/\/messametall.com\/tr\/wp-json\/wp\/v2\/pages\/13179\/revisions\/13780"}],"up":[{"embeddable":true,"href":"https:\/\/messametall.com\/tr\/wp-json\/wp\/v2\/pages\/13021"}],"wp:attachment":[{"href":"https:\/\/messametall.com\/tr\/wp-json\/wp\/v2\/media?parent=13179"}],"curies":[{"name":"wp","href":"https:\/\/api.w.org\/{rel}","templated":true}]}}